{"id":76516,"date":"2025-07-11T15:49:16","date_gmt":"2025-07-11T12:49:16","guid":{"rendered":"https:\/\/demo8.ecube.lv\/sezona.lv\/products\/termosoma-norfin-vardo\/"},"modified":"2025-07-14T14:52:26","modified_gmt":"2025-07-14T11:52:26","slug":"termosoma-norfin-vardo","status":"publish","type":"product","link":"https:\/\/sezona.lv\/en\/products\/termosoma-norfin-vardo\/","title":{"rendered":"Termosoma Norfin Vardo"},"content":{"rendered":"<p>Termosoma ar lielu, izol\u0113tu p\u0101rtikas nodal\u012bjumu ( ietilp\u012bba- 20 litri), regul\u0113jamas plecu lence un \u0113rti rokturi.<\/p>\n<p>Piknika komplekt\u0101 \u010detr\u0101m person\u0101m ietilpst:<\/p>\n<ul>\n<li>4 karotes, 4 dak&scaron;as, 4 na\u017ei<\/li>\n<li>4 &scaron;\u0137\u012bvji, 4 v\u012bna gl\u0101zes<\/li>\n<li>4 auduma salvetes<\/li>\n<li>d\u0113l\u012btis grie&scaron;anai<\/li>\n<li>kor\u0137vi\u013c\u0137is<\/li>\n<li>divda\u013c\u012bgs gar&scaron;vielu trauci\u0146&scaron;<\/li>\n<li>siera nazis<\/li>\n<\/ul>\n<h4 class=\"table_title\">\u012apa&scaron;\u012bbas un materi\u0101li<\/h4>\n<table class=\"spec\" border=\"0\">\n<tbody>\n<tr>\n<td>Izm\u0113rs (cm)<\/td>\n<td>52x30x31<\/td>\n<\/tr>\n<tr>\n<td>Svars (kg)<\/td>\n<td>2,3<\/td>\n<\/tr>\n<tr>\n<td>Materi\u0101ls<\/td>\n<td>600D poliesters, PEVA odere<\/td>\n<\/tr>\n<\/tbody>\n<\/table>\n","protected":false},"excerpt":{"rendered":"<p>Termosoma ar lielu, izol\u0113tu p\u0101rtikas nodal\u012bjumu ( ietilp\u012bba- 20 litri), regul\u0113jamas plecu lence un \u0113rti rokturi. Piknika komplekt\u0101 \u010detr\u0101m person\u0101m ietilpst: 4 karotes, 4 dak&scaron;as, 4 na\u017ei 4 &scaron;\u0137\u012bvji, 4 v\u012bna gl\u0101zes 4 auduma salvetes d\u0113l\u012btis grie&scaron;anai kor\u0137vi\u013c\u0137is divda\u013c\u012bgs gar&scaron;vielu trauci\u0146&scaron; siera nazis \u012apa&scaron;\u012bbas un materi\u0101li Izm\u0113rs (cm) 52x30x31 Svars (kg) 2,3 Materi\u0101ls 600D poliesters, [&hellip;]<\/p>\n","protected":false},"featured_media":61725,"template":"","meta":[],"product_brand":[],"product_cat":[967],"product_tag":[],"class_list":{"0":"post-76516","1":"product","2":"type-product","3":"status-publish","4":"has-post-thumbnail","6":"product_cat-bez-kategorijas","8":"first","9":"instock","10":"shipping-taxable","11":"purchasable","12":"product-type-simple"},"_links":{"self":[{"href":"https:\/\/sezona.lv\/en\/wp-json\/wp\/v2\/product\/76516","targetHints":{"allow":["GET"]}}],"collection":[{"href":"https:\/\/sezona.lv\/en\/wp-json\/wp\/v2\/product"}],"about":[{"href":"https:\/\/sezona.lv\/en\/wp-json\/wp\/v2\/types\/product"}],"wp:featuredmedia":[{"embeddable":true,"href":"https:\/\/sezona.lv\/en\/wp-json\/wp\/v2\/media\/61725"}],"wp:attachment":[{"href":"https:\/\/sezona.lv\/en\/wp-json\/wp\/v2\/media?parent=76516"}],"wp:term":[{"taxonomy":"product_brand","embeddable":true,"href":"https:\/\/sezona.lv\/en\/wp-json\/wp\/v2\/product_brand?post=76516"},{"taxonomy":"product_cat","embeddable":true,"href":"https:\/\/sezona.lv\/en\/wp-json\/wp\/v2\/product_cat?post=76516"},{"taxonomy":"product_tag","embeddable":true,"href":"https:\/\/sezona.lv\/en\/wp-json\/wp\/v2\/product_tag?post=76516"}],"curies":[{"name":"wp","href":"https:\/\/api.w.org\/{rel}","templated":true}]}}