{"id":76517,"date":"2025-07-11T15:49:17","date_gmt":"2025-07-11T12:49:17","guid":{"rendered":"https:\/\/demo8.ecube.lv\/sezona.lv\/products\/spinings-team-salmo-powder-1-5-6g-tspo1-602m\/"},"modified":"2025-07-14T14:52:27","modified_gmt":"2025-07-14T11:52:27","slug":"spinings-team-salmo-powder-1-5-6g-tspo1-602m","status":"publish","type":"product","link":"https:\/\/sezona.lv\/en\/products\/spinings-team-salmo-powder-1-5-6g-tspo1-602m\/","title":{"rendered":"Spinings Team Salmo POWDER 1.5-6g (TSPO1-602M)"},"content":{"rendered":"<p>S\u0113rijas Powder pamatkoncepcija &#8211; vieglums! T\u0101 ir speci\u0101li izstr\u0101d\u0101ta  fore\u013cu mak&scaron;\u0137er\u0113&scaron;anai ar vieglas klases m\u0101nek\u013ciem. Spinings ir teicami  sabalans\u0113ts un tam piem\u012bt augsta j\u016bt\u012bba, iesp\u0113ja veikt t\u0101lmetienus un  lieliska darb\u012bba izvadot zivi. Ar Powder k\u0101tu Jums b\u016bs iesp\u0113ja izmantot  visda\u017e\u0101d\u0101k\u0101s m\u0101nek\u013ca anim\u0101cijas. <\/p>\n<p> &bull; Materi\u0101ls &ndash; og\u013c&scaron;\u0137iedra (graf\u012bts) HI-Modulus ULC Carbon <br \/> &bull; vid\u0113ja akcija (F) <br \/> &bull; Spininga klase L <\/p>\n<p> Auklas caurlaides ri\u0146\u0137i: <br \/> 3D Alconite <br \/> &bull; Rokturis EVA un AAAA klases kor\u0137is <br \/> &bull; Spoles tur\u0113t\u0101js VSSM+KDPS<\/p>\n<table border=\"0\">\n<tbody>\n<tr>\n<td>Mak&scaron;\u0137erk\u0101ti<\/td>\n<td>Saliekamie<\/td>\n<\/tr>\n<tr>\n<td>Garums (m)<\/td>\n<td>1.83<\/td>\n<\/tr>\n<tr>\n<td>Tests (g) no<\/td>\n<td>1.5<\/td>\n<\/tr>\n<tr>\n<td>Tests (g) l\u012bdz<\/td>\n<td>6<\/td>\n<\/tr>\n<tr>\n<td>Saliekamie<\/td>\n<td>oglek\u013c&scaron;\u0137iedras<\/td>\n<\/tr>\n<tr>\n<td>Svars (g)<\/td>\n<td>135<\/td>\n<\/tr>\n<tr>\n<td>Transp.garums (m)<\/td>\n<td>1.2<\/td>\n<\/tr>\n<\/tbody>\n<\/table>\n<p>&nbsp;<\/p>\n","protected":false},"excerpt":{"rendered":"<p>S\u0113rijas Powder pamatkoncepcija &#8211; vieglums! T\u0101 ir speci\u0101li izstr\u0101d\u0101ta fore\u013cu mak&scaron;\u0137er\u0113&scaron;anai ar vieglas klases m\u0101nek\u013ciem. Spinings ir teicami sabalans\u0113ts un tam piem\u012bt augsta j\u016bt\u012bba, iesp\u0113ja veikt t\u0101lmetienus un lieliska darb\u012bba izvadot zivi. Ar Powder k\u0101tu Jums b\u016bs iesp\u0113ja izmantot visda\u017e\u0101d\u0101k\u0101s m\u0101nek\u013ca anim\u0101cijas. &bull; Materi\u0101ls &ndash; og\u013c&scaron;\u0137iedra (graf\u012bts) HI-Modulus ULC Carbon &bull; vid\u0113ja akcija (F) &bull; [&hellip;]<\/p>\n","protected":false},"featured_media":0,"template":"","meta":[],"product_brand":[],"product_cat":[4538,4540,4551,4848],"product_tag":[],"class_list":{"0":"post-76517","1":"product","2":"type-product","3":"status-publish","5":"product_cat-fishing-equipment-recreation","6":"product_cat-fishing-rods-fishing-equipment-recreation","7":"product_cat-spin-fishing-rods-fishing-rods-fishing-equipment-recreation","8":"product_cat-team-salmo-angling-rods-spin-fishing-rods-fishing-rods-fishing-equipment-recreation","10":"first","11":"instock","12":"shipping-taxable","13":"purchasable","14":"product-type-simple"},"_links":{"self":[{"href":"https:\/\/sezona.lv\/en\/wp-json\/wp\/v2\/product\/76517","targetHints":{"allow":["GET"]}}],"collection":[{"href":"https:\/\/sezona.lv\/en\/wp-json\/wp\/v2\/product"}],"about":[{"href":"https:\/\/sezona.lv\/en\/wp-json\/wp\/v2\/types\/product"}],"wp:attachment":[{"href":"https:\/\/sezona.lv\/en\/wp-json\/wp\/v2\/media?parent=76517"}],"wp:term":[{"taxonomy":"product_brand","embeddable":true,"href":"https:\/\/sezona.lv\/en\/wp-json\/wp\/v2\/product_brand?post=76517"},{"taxonomy":"product_cat","embeddable":true,"href":"https:\/\/sezona.lv\/en\/wp-json\/wp\/v2\/product_cat?post=76517"},{"taxonomy":"product_tag","embeddable":true,"href":"https:\/\/sezona.lv\/en\/wp-json\/wp\/v2\/product_tag?post=76517"}],"curies":[{"name":"wp","href":"https:\/\/api.w.org\/{rel}","templated":true}]}}