{"id":76519,"date":"2025-07-11T15:49:20","date_gmt":"2025-07-11T12:49:20","guid":{"rendered":"https:\/\/demo8.ecube.lv\/sezona.lv\/products\/spinings-team-salmo-tioga-0-5-5-5g-tsti6-792f\/"},"modified":"2025-07-14T14:52:29","modified_gmt":"2025-07-14T11:52:29","slug":"spinings-team-salmo-tioga-0-5-5-5g-tsti6-792f","status":"publish","type":"product","link":"https:\/\/sezona.lv\/en\/products\/spinings-team-salmo-tioga-0-5-5-5g-tsti6-792f\/","title":{"rendered":"Spinings Team Salmo TIOGA 0.5-5.5g (TSTI6-792F)"},"content":{"rendered":"<p>Tioga ir spiningu s\u0113rija, kura ir paredz\u0113ta mak&scaron;\u0137er\u0113&scaron;anas ar  d\u017eigo&scaron;anas pa\u0146\u0113mienu, tai skait\u0101 ar mikrod\u017eigu un klasisko d\u017eigu. S\u0113rij\u0101  ietilpst 8 mode\u013ci no 40T HI-modulus Carbon graf\u012bta. Galvena Tiogas  s\u0113rijas priek&scaron;roc\u012bba ir lieliska kvalit\u0101te un funkcionalit\u0101te par  saprat\u012bgu cenu.<\/p>\n<p> Spinings ir apr\u012bkots ar Solid Tip spici, kura kalpo par \u013coti j\u016bt\u012bgu  sensoru un nodro&scaron;ina izcilu m\u0101nek\u013ca anim\u0101ciju. &Scaron;is k\u0101ts ide\u0101li der asaru  un fore\u013cu mak&scaron;\u0137er\u0113&scaron;anai ar nelieliem vobleriem, d\u017eigu un maziem  vizu\u013ciem. K\u0101ta galven\u0101 priek&scaron;roc\u012bb\u0101 ir izcila jauda sav\u0101 klas\u0113. Spinings  apr\u012bkots ar Zero Tangle Guides ri\u0146\u0137iem un IPS spoles tur\u0113t\u0101ju. Rokturis  ra\u017eots AAAA klases kor\u0137a un no EVA materi\u0101la.<\/p>\n<p> &bull; Materi\u0101ls &ndash; og\u013c&scaron;\u0137iedra (graf\u012bts) 40T HI-Modulus Carbon<br \/> &bull; \u0101tra akcija (F)<br \/> &bull; Spininga klase M<\/p>\n<p> Auklas caurlaides ri\u0146\u0137i:<br \/> Zero Tangle<\/p>\n<p> &bull; Rokturis EVA un AAAA klases kor\u0137is<br \/> &bull; Skr\u016bves tipa spoles fiksators IPS<\/p>\n<p> Svars (g) 93<br \/> Garums (m) 2.37<br \/> Transp. garums (cm) 120<br \/> Spices gala diametrs 0.82mm<br \/> Roktura diametrs 7.86 mm<br \/> Sekciju skaits 2<br \/> Tests (g) 0.5-5.5 gr<br \/> PE 2-5 (lb)<\/p>\n","protected":false},"excerpt":{"rendered":"<p>Tioga ir spiningu s\u0113rija, kura ir paredz\u0113ta mak&scaron;\u0137er\u0113&scaron;anas ar d\u017eigo&scaron;anas pa\u0146\u0113mienu, tai skait\u0101 ar mikrod\u017eigu un klasisko d\u017eigu. S\u0113rij\u0101 ietilpst 8 mode\u013ci no 40T HI-modulus Carbon graf\u012bta. Galvena Tiogas s\u0113rijas priek&scaron;roc\u012bba ir lieliska kvalit\u0101te un funkcionalit\u0101te par saprat\u012bgu cenu. Spinings ir apr\u012bkots ar Solid Tip spici, kura kalpo par \u013coti j\u016bt\u012bgu sensoru un nodro&scaron;ina izcilu [&hellip;]<\/p>\n","protected":false},"featured_media":0,"template":"","meta":[],"product_brand":[],"product_cat":[4538,4540,4551,4848],"product_tag":[],"class_list":{"0":"post-76519","1":"product","2":"type-product","3":"status-publish","5":"product_cat-fishing-equipment-recreation","6":"product_cat-fishing-rods-fishing-equipment-recreation","7":"product_cat-spin-fishing-rods-fishing-rods-fishing-equipment-recreation","8":"product_cat-team-salmo-angling-rods-spin-fishing-rods-fishing-rods-fishing-equipment-recreation","10":"first","11":"instock","12":"shipping-taxable","13":"purchasable","14":"product-type-simple"},"_links":{"self":[{"href":"https:\/\/sezona.lv\/en\/wp-json\/wp\/v2\/product\/76519","targetHints":{"allow":["GET"]}}],"collection":[{"href":"https:\/\/sezona.lv\/en\/wp-json\/wp\/v2\/product"}],"about":[{"href":"https:\/\/sezona.lv\/en\/wp-json\/wp\/v2\/types\/product"}],"wp:attachment":[{"href":"https:\/\/sezona.lv\/en\/wp-json\/wp\/v2\/media?parent=76519"}],"wp:term":[{"taxonomy":"product_brand","embeddable":true,"href":"https:\/\/sezona.lv\/en\/wp-json\/wp\/v2\/product_brand?post=76519"},{"taxonomy":"product_cat","embeddable":true,"href":"https:\/\/sezona.lv\/en\/wp-json\/wp\/v2\/product_cat?post=76519"},{"taxonomy":"product_tag","embeddable":true,"href":"https:\/\/sezona.lv\/en\/wp-json\/wp\/v2\/product_tag?post=76519"}],"curies":[{"name":"wp","href":"https:\/\/api.w.org\/{rel}","templated":true}]}}