{"id":76524,"date":"2025-07-11T15:49:28","date_gmt":"2025-07-11T12:49:28","guid":{"rendered":"https:\/\/demo8.ecube.lv\/sezona.lv\/products\/spinings-team-salmo-vantage-tsva-701mf\/"},"modified":"2025-07-14T14:52:35","modified_gmt":"2025-07-14T11:52:35","slug":"spinings-team-salmo-vantage-tsva-701mf","status":"publish","type":"product","link":"https:\/\/sezona.lv\/en\/products\/spinings-team-salmo-vantage-tsva-701mf\/","title":{"rendered":"Spinings Team Salmo VANTAGE (TSVA-701MF)"},"content":{"rendered":"<p>VANTAGE &#8211; pati pla&scaron;\u0101k\u0101 Team Salmo s\u0113rija. &Scaron;ie spiningi paredz\u0113ti  tvi\u010do&scaron;anai. Ciet\u0101 blanka un speci\u0101li piemekl\u0113ts garums nodro&scaron;ina pareizu  m\u0101nek\u013cu anim\u0101ciju tvi\u010dojot, vai tas ir vobleris, &scaron;\u016bpojo&scaron;ais vizulis vai  silikona m\u0101neklis, &scaron;ie k\u0101ti der\u0113s jebkuram m\u0101neklim.  &Scaron;ie spiningi  lieliski der\u0113s ar\u012b d\u017eigmak&scaron;\u0137er\u0113&scaron;anai no laivas. <\/p>\n<p> Gredzeni: KIGAN ar ZERO TANGLE GUIDES ielikt\u0146iem, speci\u0101li paredz\u0113ti tiev\u0101m p\u012btaj\u0101m aukl\u0101m<br \/> Rokturis: materi\u0101ls EVA  un FUJI spoles tur\u0113t\u0101js<br \/> Blanka: 40T HI-modulus Carbon<\/p>\n<p>Svars (g) 111<br \/> Garums (m) 2.13<br \/> Transp. garums (cm) 213<br \/> Sekciju skaits 1<br \/> Tests (g) 5-14 gr<br \/> PE 4-8 (lb)<\/p>\n","protected":false},"excerpt":{"rendered":"<p>VANTAGE &#8211; pati pla&scaron;\u0101k\u0101 Team Salmo s\u0113rija. &Scaron;ie spiningi paredz\u0113ti tvi\u010do&scaron;anai. Ciet\u0101 blanka un speci\u0101li piemekl\u0113ts garums nodro&scaron;ina pareizu m\u0101nek\u013cu anim\u0101ciju tvi\u010dojot, vai tas ir vobleris, &scaron;\u016bpojo&scaron;ais vizulis vai silikona m\u0101neklis, &scaron;ie k\u0101ti der\u0113s jebkuram m\u0101neklim. &Scaron;ie spiningi lieliski der\u0113s ar\u012b d\u017eigmak&scaron;\u0137er\u0113&scaron;anai no laivas. Gredzeni: KIGAN ar ZERO TANGLE GUIDES ielikt\u0146iem, speci\u0101li paredz\u0113ti tiev\u0101m p\u012btaj\u0101m [&hellip;]<\/p>\n","protected":false},"featured_media":61749,"template":"","meta":[],"product_brand":[],"product_cat":[4538,4540,4551,4848],"product_tag":[],"class_list":{"0":"post-76524","1":"product","2":"type-product","3":"status-publish","4":"has-post-thumbnail","6":"product_cat-fishing-equipment-recreation","7":"product_cat-fishing-rods-fishing-equipment-recreation","8":"product_cat-spin-fishing-rods-fishing-rods-fishing-equipment-recreation","9":"product_cat-team-salmo-angling-rods-spin-fishing-rods-fishing-rods-fishing-equipment-recreation","11":"first","12":"instock","13":"sale","14":"shipping-taxable","15":"purchasable","16":"product-type-simple"},"_links":{"self":[{"href":"https:\/\/sezona.lv\/en\/wp-json\/wp\/v2\/product\/76524","targetHints":{"allow":["GET"]}}],"collection":[{"href":"https:\/\/sezona.lv\/en\/wp-json\/wp\/v2\/product"}],"about":[{"href":"https:\/\/sezona.lv\/en\/wp-json\/wp\/v2\/types\/product"}],"wp:featuredmedia":[{"embeddable":true,"href":"https:\/\/sezona.lv\/en\/wp-json\/wp\/v2\/media\/61749"}],"wp:attachment":[{"href":"https:\/\/sezona.lv\/en\/wp-json\/wp\/v2\/media?parent=76524"}],"wp:term":[{"taxonomy":"product_brand","embeddable":true,"href":"https:\/\/sezona.lv\/en\/wp-json\/wp\/v2\/product_brand?post=76524"},{"taxonomy":"product_cat","embeddable":true,"href":"https:\/\/sezona.lv\/en\/wp-json\/wp\/v2\/product_cat?post=76524"},{"taxonomy":"product_tag","embeddable":true,"href":"https:\/\/sezona.lv\/en\/wp-json\/wp\/v2\/product_tag?post=76524"}],"curies":[{"name":"wp","href":"https:\/\/api.w.org\/{rel}","templated":true}]}}