{"id":76526,"date":"2025-07-11T15:49:33","date_gmt":"2025-07-11T12:49:33","guid":{"rendered":"https:\/\/demo8.ecube.lv\/sezona.lv\/products\/elektrovelosipeds-keola-texel-nexus-8\/"},"modified":"2025-07-14T14:52:37","modified_gmt":"2025-07-14T11:52:37","slug":"elektrovelosipeds-keola-texel-nexus-8","status":"publish","type":"product","link":"https:\/\/sezona.lv\/en\/products\/elektrovelosipeds-keola-texel-nexus-8\/","title":{"rendered":"Elektrovelosip\u0113ds Keola Texel Nexus 8"},"content":{"rendered":"<p>Elektrovelosip\u0113ds Keola Texel Nexus 8.<\/p>\n<p>Shimano 8 \u0101trumu rumba ar sl\u0113gtu \u0137\u0113di.<br \/>5-poz\u012bciju ciparu displejs, tostarp odometrs.<br \/>250W, 40nm Brushles dzin\u0113js.<br \/>5 motora zobrati.<br \/>36V \/ 10AH LiFePO4 baterijas (ilgs m\u016b\u017es), no\u0146emama.<br \/>Range +\/- 80km (atkar\u012bb\u0101 no lietot\u0101ja iece\u013co&scaron;anas un apst\u0101k\u013ciem).<br \/>Tektro V-Brake, Shimano Rollerbrake atpaliek.<br \/>Alum\u012bnija r\u0101mis, sievie&scaron;u modelis.<br \/>R\u0101mja izm\u0113rs: 46 cm<br \/>Ieejas augstums 39 cm (sievie&scaron;u).<br \/>Suntour amartiz\u0113jam\u0101 dak&scaron;a (ar iesl\u0113g&scaron;anas\/ izsl\u0113g&scaron;anas iesp\u0113ju).<br \/>Trans-X regul\u0113jama st\u016bre.<br \/>L\u0101d\u0113t\u0101js 42V1.8A.<br \/>Svars, ieskaitot, akumulatoru 27.2 kg.<br \/>Kr\u0101sa: Mat\u0113ts alum\u012bnijs.<br \/>S\u0113dek\u013ca amartizators.<br \/>LED gaismas priek&scaron;\u0101 un aizmugur\u0113.<br \/>Wellgo ped\u0101\u013ci.<br \/>CST p\u0101rdur&scaron;anas iztur\u012bgas riepas.<\/p>\n","protected":false},"excerpt":{"rendered":"<p>Elektrovelosip\u0113ds Keola Texel Nexus 8. Shimano 8 \u0101trumu rumba ar sl\u0113gtu \u0137\u0113di.5-poz\u012bciju ciparu displejs, tostarp odometrs.250W, 40nm Brushles dzin\u0113js.5 motora zobrati.36V \/ 10AH LiFePO4 baterijas (ilgs m\u016b\u017es), no\u0146emama.Range +\/- 80km (atkar\u012bb\u0101 no lietot\u0101ja iece\u013co&scaron;anas un apst\u0101k\u013ciem).Tektro V-Brake, Shimano Rollerbrake atpaliek.Alum\u012bnija r\u0101mis, sievie&scaron;u modelis.R\u0101mja izm\u0113rs: 46 cmIeejas augstums 39 cm (sievie&scaron;u).Suntour amartiz\u0113jam\u0101 dak&scaron;a (ar iesl\u0113g&scaron;anas\/ izsl\u0113g&scaron;anas [&hellip;]<\/p>\n","protected":false},"featured_media":61755,"template":"","meta":[],"product_brand":[],"product_cat":[4574,4849],"product_tag":[],"class_list":{"0":"post-76526","1":"product","2":"type-product","3":"status-publish","4":"has-post-thumbnail","6":"product_cat-bikes-sports","7":"product_cat-electric-bicycles-bikes-sports","9":"first","10":"instock","11":"shipping-taxable","12":"purchasable","13":"product-type-simple"},"_links":{"self":[{"href":"https:\/\/sezona.lv\/en\/wp-json\/wp\/v2\/product\/76526","targetHints":{"allow":["GET"]}}],"collection":[{"href":"https:\/\/sezona.lv\/en\/wp-json\/wp\/v2\/product"}],"about":[{"href":"https:\/\/sezona.lv\/en\/wp-json\/wp\/v2\/types\/product"}],"wp:featuredmedia":[{"embeddable":true,"href":"https:\/\/sezona.lv\/en\/wp-json\/wp\/v2\/media\/61755"}],"wp:attachment":[{"href":"https:\/\/sezona.lv\/en\/wp-json\/wp\/v2\/media?parent=76526"}],"wp:term":[{"taxonomy":"product_brand","embeddable":true,"href":"https:\/\/sezona.lv\/en\/wp-json\/wp\/v2\/product_brand?post=76526"},{"taxonomy":"product_cat","embeddable":true,"href":"https:\/\/sezona.lv\/en\/wp-json\/wp\/v2\/product_cat?post=76526"},{"taxonomy":"product_tag","embeddable":true,"href":"https:\/\/sezona.lv\/en\/wp-json\/wp\/v2\/product_tag?post=76526"}],"curies":[{"name":"wp","href":"https:\/\/api.w.org\/{rel}","templated":true}]}}