{"id":76528,"date":"2025-07-11T15:49:35","date_gmt":"2025-07-11T12:49:35","guid":{"rendered":"https:\/\/demo8.ecube.lv\/sezona.lv\/products\/gulammaiss-norfin-nordic-500-ns-r\/"},"modified":"2025-07-14T14:52:39","modified_gmt":"2025-07-14T11:52:39","slug":"gulammaiss-norfin-nordic-500-ns-r","status":"publish","type":"product","link":"https:\/\/sezona.lv\/en\/products\/gulammaiss-norfin-nordic-500-ns-r\/","title":{"rendered":"Gu\u013cammaiss Norfin NORDIC 500 NS R"},"content":{"rendered":"<p><span id=\"saturosss\"><strong>Norfin Nordic 500 R kokona gu\u013cammaiss.<\/strong><\/p>\n<p> Vissilt\u0101kais Norfin kokona tipa gu\u013cammaiss ar modernu dizainu. Augstas   kvalit\u0101tes siltin\u0101jums nodro&scaron;ina komfortu ar\u012b aukst\u0101s ziemas nakt\u012bs.<\/p>\n<p> <strong>Izm\u0113rs\/Svars<\/strong><br \/> * Garums: 230cm.<br \/> * Platums: 85cm-55cm.<br \/> * Izm\u0113rs salikt\u0101 veid\u0101: 26cmx46cm. <br \/> * Svars: 2.5kg.<\/p>\n<p> <strong>Komforta temperat\u016bra<\/strong><br \/> * Komforta: -10&deg;C.<br \/> * Ekstrem\u0101l\u0101: -25&deg;C.<br \/> * Maksim\u0101l\u0101: 0&deg;C.<br \/> * Ieteicam\u0101 sezona: vasara\/rudens\/ziema.<\/p>\n<p> <strong>Materi\u0101ls<\/strong><br \/> * \u0100r\u0113jais materi\u0101ls: neilons 260T Diamond RipStop.<br \/> * Iek&scaron;\u0113jais materi\u0101ls: neilons 210T.<br \/> * Siltin\u0101juma materi\u0101ls: 2x250g\/m2 Micro Loft.<\/p>\n<p> <strong>Komforts<\/strong><br \/> * Ar r\u0101v\u0113jsl\u0113dz\u0113ju var savienot divus gu\u013cammaisus kop\u0101.<br \/> * Kokona tipa gu\u013cammaiss.<br \/> * Gu\u013cammaisa puse: Lab\u0101<\/span><\/p>\n","protected":false},"excerpt":{"rendered":"<p>Norfin Nordic 500 R kokona gu\u013cammaiss. Vissilt\u0101kais Norfin kokona tipa gu\u013cammaiss ar modernu dizainu. Augstas kvalit\u0101tes siltin\u0101jums nodro&scaron;ina komfortu ar\u012b aukst\u0101s ziemas nakt\u012bs. Izm\u0113rs\/Svars * Garums: 230cm. * Platums: 85cm-55cm. * Izm\u0113rs salikt\u0101 veid\u0101: 26cmx46cm. * Svars: 2.5kg. Komforta temperat\u016bra * Komforta: -10&deg;C. * Ekstrem\u0101l\u0101: -25&deg;C. * Maksim\u0101l\u0101: 0&deg;C. * Ieteicam\u0101 sezona: vasara\/rudens\/ziema. Materi\u0101ls * [&hellip;]<\/p>\n","protected":false},"featured_media":0,"template":"","meta":[],"product_brand":[894],"product_cat":[967],"product_tag":[],"class_list":{"0":"post-76528","1":"product","2":"type-product","3":"status-publish","5":"product_brand-salmo","6":"product_cat-bez-kategorijas","8":"first","9":"instock","10":"shipping-taxable","11":"purchasable","12":"product-type-simple"},"_links":{"self":[{"href":"https:\/\/sezona.lv\/en\/wp-json\/wp\/v2\/product\/76528","targetHints":{"allow":["GET"]}}],"collection":[{"href":"https:\/\/sezona.lv\/en\/wp-json\/wp\/v2\/product"}],"about":[{"href":"https:\/\/sezona.lv\/en\/wp-json\/wp\/v2\/types\/product"}],"wp:attachment":[{"href":"https:\/\/sezona.lv\/en\/wp-json\/wp\/v2\/media?parent=76528"}],"wp:term":[{"taxonomy":"product_brand","embeddable":true,"href":"https:\/\/sezona.lv\/en\/wp-json\/wp\/v2\/product_brand?post=76528"},{"taxonomy":"product_cat","embeddable":true,"href":"https:\/\/sezona.lv\/en\/wp-json\/wp\/v2\/product_cat?post=76528"},{"taxonomy":"product_tag","embeddable":true,"href":"https:\/\/sezona.lv\/en\/wp-json\/wp\/v2\/product_tag?post=76528"}],"curies":[{"name":"wp","href":"https:\/\/api.w.org\/{rel}","templated":true}]}}