{"id":76529,"date":"2025-07-11T15:49:36","date_gmt":"2025-07-11T12:49:36","guid":{"rendered":"https:\/\/demo8.ecube.lv\/sezona.lv\/products\/ladetajs-powerchimp-4a\/"},"modified":"2025-07-14T14:52:40","modified_gmt":"2025-07-14T11:52:40","slug":"ladetajs-powerchimp-4a","status":"publish","type":"product","link":"https:\/\/sezona.lv\/en\/products\/ladetajs-powerchimp-4a\/","title":{"rendered":"L\u0101d\u0113t\u0101js Powerchimp 4A"},"content":{"rendered":"<p align=\"justify\"><span style=\"font-size: x-small\">Kompakts pirksti\u0146a bateriju l\u0101d\u0113t\u0101js,  ar kura pal\u012bdz\u012bbu var uzl\u0101d\u0113t mobilo telefonu vai citu ier\u012bci, kura tiek  l\u0101d\u0113ta no microUSB piesl\u0113gvietas. Var tik izmantota ar\u012b k\u0101 AA vai AAA  akumulatora bateriju l\u0101d\u0113t\u0101js, ja to piesl\u0113dz pie USB str\u0101vas avota vai  pie saules pane\u013ca ar USB izeju 5V 1A.<\/span><\/p>\n<p><span style=\"font-size: x-small\"> <\/span><\/p>\n<p><span style=\"color: #800000;font-size: x-small\"><strong>Specifik\u0101cija:<\/strong><\/span><\/p>\n<p><span style=\"font-size: x-small\"> <\/span><\/p>\n<p><span style=\"font-size: x-small\"><strong>Ieejas spriegums: <\/strong>5V 1A<strong><br \/> Izejas spireigums: <\/strong>5V 500mA<br \/> <\/span> <span style=\"font-size: x-small\"><strong>Kapacit\u0101te: <\/strong>1800mAh<br \/> <\/span> <span style=\"font-size: x-small\"><strong>Izm\u0113rs: <\/strong>98mm x 65mm x 22 mm<br \/> <\/span> <span style=\"font-size: x-small\"><strong>Svars: <\/strong>76 grami (176g ar baterej\u0101m))<br \/> <\/span> <span style=\"font-size: x-small\"><strong>Kr\u0101sa:<\/strong> melna<\/span><\/p>\n<p><span style=\"font-size: x-small\"> <\/span><\/p>\n<p><span style=\"color: #800000;font-size: x-small\"><strong>Komplekt\u0101 iek\u013cauts:<\/strong><\/span><\/p>\n<p><span style=\"font-size: x-small\"> <\/span><\/p>\n<p><span style=\"font-size: x-small\"><img loading=\"lazy\" decoding=\"async\" src=\"http:\/\/www.virsotne.lv\/userfiles\/image\/ahaa\/power_logo_monkey.png\" alt=\"\" width=\"12\" height=\"12\" \/> Powerchimp4A l\u0101dier\u012bce<br \/> <\/span> <span style=\"font-size: x-small\"><img loading=\"lazy\" decoding=\"async\" src=\"http:\/\/www.virsotne.lv\/userfiles\/image\/ahaa\/power_logo_monkey.png\" alt=\"\" width=\"12\" height=\"12\" \/> 2x AAA adapteri <br \/> <\/span> <span style=\"font-size: x-small\"><img loading=\"lazy\" decoding=\"async\" src=\"http:\/\/www.virsotne.lv\/userfiles\/image\/ahaa\/power_logo_monkey.png\" alt=\"\" width=\"12\" height=\"12\" \/> AAA \u010detru batereju adapters<br \/> <\/span> <span style=\"font-size: x-small\"><img loading=\"lazy\" decoding=\"async\" src=\"http:\/\/www.virsotne.lv\/userfiles\/image\/ahaa\/power_logo_monkey.png\" alt=\"\" width=\"12\" height=\"12\" \/> USB &#8211; micro USB Kabelis<br \/> <\/span> <span style=\"font-size: x-small\"><img loading=\"lazy\" decoding=\"async\" src=\"http:\/\/www.virsotne.lv\/userfiles\/image\/ahaa\/power_logo_monkey.png\" alt=\"\" width=\"12\" height=\"12\" \/> Micro USB &#8211; USB ieeja kabelis<br \/> <\/span> <span style=\"font-size: x-small\"><img loading=\"lazy\" decoding=\"async\" src=\"http:\/\/www.virsotne.lv\/userfiles\/image\/ahaa\/power_logo_monkey.png\" alt=\"\" width=\"12\" height=\"12\" \/> 4x AA 1800mAh l\u0101d\u0113jam\u0101s baterjas<\/span><\/p>\n","protected":false},"excerpt":{"rendered":"<p>Kompakts pirksti\u0146a bateriju l\u0101d\u0113t\u0101js, ar kura pal\u012bdz\u012bbu var uzl\u0101d\u0113t mobilo telefonu vai citu ier\u012bci, kura tiek l\u0101d\u0113ta no microUSB piesl\u0113gvietas. Var tik izmantota ar\u012b k\u0101 AA vai AAA akumulatora bateriju l\u0101d\u0113t\u0101js, ja to piesl\u0113dz pie USB str\u0101vas avota vai pie saules pane\u013ca ar USB izeju 5V 1A. Specifik\u0101cija: Ieejas spriegums: 5V 1A Izejas spireigums: 5V [&hellip;]<\/p>\n","protected":false},"featured_media":61778,"template":"","meta":[],"product_brand":[],"product_cat":[4782,4783],"product_tag":[],"class_list":{"0":"post-76529","1":"product","2":"type-product","3":"status-publish","4":"has-post-thumbnail","6":"product_cat-navigation-watches-radios-recreation","7":"product_cat-solar-panels-batteries-and-chargers-navigation-watches-radios-recreation","9":"first","10":"instock","11":"shipping-taxable","12":"purchasable","13":"product-type-simple"},"_links":{"self":[{"href":"https:\/\/sezona.lv\/en\/wp-json\/wp\/v2\/product\/76529","targetHints":{"allow":["GET"]}}],"collection":[{"href":"https:\/\/sezona.lv\/en\/wp-json\/wp\/v2\/product"}],"about":[{"href":"https:\/\/sezona.lv\/en\/wp-json\/wp\/v2\/types\/product"}],"wp:featuredmedia":[{"embeddable":true,"href":"https:\/\/sezona.lv\/en\/wp-json\/wp\/v2\/media\/61778"}],"wp:attachment":[{"href":"https:\/\/sezona.lv\/en\/wp-json\/wp\/v2\/media?parent=76529"}],"wp:term":[{"taxonomy":"product_brand","embeddable":true,"href":"https:\/\/sezona.lv\/en\/wp-json\/wp\/v2\/product_brand?post=76529"},{"taxonomy":"product_cat","embeddable":true,"href":"https:\/\/sezona.lv\/en\/wp-json\/wp\/v2\/product_cat?post=76529"},{"taxonomy":"product_tag","embeddable":true,"href":"https:\/\/sezona.lv\/en\/wp-json\/wp\/v2\/product_tag?post=76529"}],"curies":[{"name":"wp","href":"https:\/\/api.w.org\/{rel}","templated":true}]}}