{"id":76530,"date":"2025-07-11T15:49:37","date_gmt":"2025-07-11T12:49:37","guid":{"rendered":"https:\/\/demo8.ecube.lv\/sezona.lv\/products\/speedminton-fun-komplekts\/"},"modified":"2025-07-14T14:52:41","modified_gmt":"2025-07-14T11:52:41","slug":"speedminton-fun-komplekts","status":"publish","type":"product","link":"https:\/\/sezona.lv\/en\/products\/speedminton-fun-komplekts\/","title":{"rendered":"Speedminton\u00ae FUN komplekts"},"content":{"rendered":"<div id=\"tab-description\" class=\"tab-content\">\n<p>Speedminton&reg; FUN komplekts sniedz lielisku izklaides iesp\u0113ju \u0123imenes  lok\u0101 vai ar draugiem, nav nepiecie&scaron;ams ne speci\u0101ls laukums, ne t\u012bkls, ne  k\u0101ds cits \u012bpa&scaron;s apr\u012bkojums &#8211; var sp\u0113l\u0113t vienm\u0113r un visur.<\/p>\n<p>B\u016btisk\u0101kais jaunin\u0101jums ir jaunais HELI Speeder&trade;. Pateicoties t\u0101  rot\u0101cijas kust\u012bbai, to var sp\u0113l\u0113t \u013coti tuv\u0101 att\u0101lum\u0101 viens no otra. Ne  tikai pludmal\u0113 vai park\u0101, bet ar\u012b pagalm\u0101 un pat telp\u0101s.<\/p>\n<p>&nbsp;<\/p>\n<p><strong>LIELISKA IZKLAIDE:<\/strong> Nek\u0101da t\u012bkla, noteikumu, ierobe\u017eojumu<\/p>\n<p><strong>\u0100R\u0100:<\/strong> Lieliska izklaide pludmal\u0113<\/p>\n<p><strong>INOV\u0100CIJA:<\/strong> Jaunais HELI Speeder&trade; &#8211; ra\u017eots V\u0101cij\u0101<\/p>\n<p><strong>SP\u0112LE NAKT\u012a:<\/strong> Sp\u0113l\u0113 tums\u0101 izmantojot speci\u0101los nakts sp\u012bdek\u013cus<\/p>\n<p><strong>KVALIT\u0100TE:<\/strong> Augst\u0101k\u0101 kvalit\u0101te no Speedminton&reg;<\/p>\n<p>&nbsp;<\/p>\n<p>Komplekt\u0101 ietilpst:<\/p>\n<ul>\n<li> 2 Speedminton&reg; FUN raketes<\/li>\n<li> 2 HELI Speeder<\/li>\n<li> 2 Nakts sp\u012bdek\u013ci<\/li>\n<\/ul>\n<\/div>\n","protected":false},"excerpt":{"rendered":"<p>Speedminton&reg; FUN komplekts sniedz lielisku izklaides iesp\u0113ju \u0123imenes lok\u0101 vai ar draugiem, nav nepiecie&scaron;ams ne speci\u0101ls laukums, ne t\u012bkls, ne k\u0101ds cits \u012bpa&scaron;s apr\u012bkojums &#8211; var sp\u0113l\u0113t vienm\u0113r un visur. B\u016btisk\u0101kais jaunin\u0101jums ir jaunais HELI Speeder&trade;. Pateicoties t\u0101 rot\u0101cijas kust\u012bbai, to var sp\u0113l\u0113t \u013coti tuv\u0101 att\u0101lum\u0101 viens no otra. Ne tikai pludmal\u0113 vai park\u0101, bet [&hellip;]<\/p>\n","protected":false},"featured_media":61781,"template":"","meta":[],"product_brand":[913],"product_cat":[4602,4647,4648],"product_tag":[],"class_list":{"0":"post-76530","1":"product","2":"type-product","3":"status-publish","4":"has-post-thumbnail","6":"product_brand-speedminton","7":"product_cat-summer-sports-sports","8":"product_cat-speedminton-summer-sports-sports","9":"product_cat-sets-en-dupcheck-430-speedminton-summer-sports-sports","11":"first","12":"instock","13":"shipping-taxable","14":"purchasable","15":"product-type-simple"},"_links":{"self":[{"href":"https:\/\/sezona.lv\/en\/wp-json\/wp\/v2\/product\/76530","targetHints":{"allow":["GET"]}}],"collection":[{"href":"https:\/\/sezona.lv\/en\/wp-json\/wp\/v2\/product"}],"about":[{"href":"https:\/\/sezona.lv\/en\/wp-json\/wp\/v2\/types\/product"}],"wp:featuredmedia":[{"embeddable":true,"href":"https:\/\/sezona.lv\/en\/wp-json\/wp\/v2\/media\/61781"}],"wp:attachment":[{"href":"https:\/\/sezona.lv\/en\/wp-json\/wp\/v2\/media?parent=76530"}],"wp:term":[{"taxonomy":"product_brand","embeddable":true,"href":"https:\/\/sezona.lv\/en\/wp-json\/wp\/v2\/product_brand?post=76530"},{"taxonomy":"product_cat","embeddable":true,"href":"https:\/\/sezona.lv\/en\/wp-json\/wp\/v2\/product_cat?post=76530"},{"taxonomy":"product_tag","embeddable":true,"href":"https:\/\/sezona.lv\/en\/wp-json\/wp\/v2\/product_tag?post=76530"}],"curies":[{"name":"wp","href":"https:\/\/api.w.org\/{rel}","templated":true}]}}