{"id":76533,"date":"2025-07-11T15:49:41","date_gmt":"2025-07-11T12:49:41","guid":{"rendered":"https:\/\/demo8.ecube.lv\/sezona.lv\/products\/salmo-makskere-bezrinku-salmo-diamond-pole-medium-m-600-2229-600\/"},"modified":"2025-07-14T14:52:44","modified_gmt":"2025-07-14T11:52:44","slug":"salmo-makskere-bezrinku-salmo-diamond-pole-medium-m-600-2229-600","status":"publish","type":"product","link":"https:\/\/sezona.lv\/en\/products\/salmo-makskere-bezrinku-salmo-diamond-pole-medium-m-600-2229-600\/","title":{"rendered":"Salmo Mak\u0161\u0137ere Bezri\u0146\u0137u SALMO DIAMOND POLE MEDIUM M 600 (2229-600)"},"content":{"rendered":"<p>&nbsp;<\/p>\n<div class=\"spec-text\">\n<table border=\"0\">\n<tbody>\n<tr>\n<td>Mak&scaron;\u0137erk\u0101ti<\/td>\n<td>Teleskopiskie<\/td>\n<\/tr>\n<tr>\n<td>Garums (m)<\/td>\n<td>6<\/td>\n<\/tr>\n<tr>\n<td>Tests (g) no<\/td>\n<td>3<\/td>\n<\/tr>\n<tr>\n<td>Tests (g) l\u012bdz<\/td>\n<td>20<\/td>\n<\/tr>\n<tr>\n<td>Svars (g)<\/td>\n<td>385<\/td>\n<\/tr>\n<tr>\n<td>Transp.garums (m)<\/td>\n<td>1.28<\/td>\n<\/tr>\n<tr>\n<td>Teleskopiskie<\/td>\n<td>oglek\u013c&scaron;\u0137iedras<\/td>\n<\/tr>\n<tr>\n<td>Speci\u0101lie<\/td>\n<td>bez ri\u0146\u0137iem<\/td>\n<\/tr>\n<\/tbody>\n<\/table>\n<\/div>\n","protected":false},"excerpt":{"rendered":"<p>&nbsp; Mak&scaron;\u0137erk\u0101ti Teleskopiskie Garums (m) 6 Tests (g) no 3 Tests (g) l\u012bdz 20 Svars (g) 385 Transp.garums (m) 1.28 Teleskopiskie oglek\u013c&scaron;\u0137iedras Speci\u0101lie bez ri\u0146\u0137iem<\/p>\n","protected":false},"featured_media":0,"template":"","meta":[],"product_brand":[894],"product_cat":[4538,4540,4549],"product_tag":[],"class_list":{"0":"post-76533","1":"product","2":"type-product","3":"status-publish","5":"product_brand-salmo","6":"product_cat-fishing-equipment-recreation","7":"product_cat-fishing-rods-fishing-equipment-recreation","8":"product_cat-float-fishing-rods-without-guides-fishing-rods-fishing-equipment-recreation","10":"first","11":"instock","12":"shipping-taxable","13":"purchasable","14":"product-type-simple"},"_links":{"self":[{"href":"https:\/\/sezona.lv\/en\/wp-json\/wp\/v2\/product\/76533","targetHints":{"allow":["GET"]}}],"collection":[{"href":"https:\/\/sezona.lv\/en\/wp-json\/wp\/v2\/product"}],"about":[{"href":"https:\/\/sezona.lv\/en\/wp-json\/wp\/v2\/types\/product"}],"wp:attachment":[{"href":"https:\/\/sezona.lv\/en\/wp-json\/wp\/v2\/media?parent=76533"}],"wp:term":[{"taxonomy":"product_brand","embeddable":true,"href":"https:\/\/sezona.lv\/en\/wp-json\/wp\/v2\/product_brand?post=76533"},{"taxonomy":"product_cat","embeddable":true,"href":"https:\/\/sezona.lv\/en\/wp-json\/wp\/v2\/product_cat?post=76533"},{"taxonomy":"product_tag","embeddable":true,"href":"https:\/\/sezona.lv\/en\/wp-json\/wp\/v2\/product_tag?post=76533"}],"curies":[{"name":"wp","href":"https:\/\/api.w.org\/{rel}","templated":true}]}}