{"id":76534,"date":"2025-07-11T15:49:42","date_gmt":"2025-07-11T12:49:42","guid":{"rendered":"https:\/\/demo8.ecube.lv\/sezona.lv\/products\/salmo-spinings-elite-microjig-7-4157-210\/"},"modified":"2025-07-14T14:52:45","modified_gmt":"2025-07-14T11:52:45","slug":"salmo-spinings-elite-microjig-7-4157-210","status":"publish","type":"product","link":"https:\/\/sezona.lv\/en\/products\/salmo-spinings-elite-microjig-7-4157-210\/","title":{"rendered":"Salmo Spinings Elite MICROJIG 7 (4157-210)"},"content":{"rendered":"<p>&nbsp;<\/p>\n<div class=\"spec-text\">\n<table border=\"0\">\n<tbody>\n<tr>\n<td>Mak&scaron;\u0137erk\u0101ti<\/td>\n<td>Saliekamie<\/td>\n<\/tr>\n<tr>\n<td>Garums (m)<\/td>\n<td>2.1<\/td>\n<\/tr>\n<tr>\n<td>Tests (g) no<\/td>\n<td>1<\/td>\n<\/tr>\n<tr>\n<td>Tests (g) l\u012bdz<\/td>\n<td>7<\/td>\n<\/tr>\n<tr>\n<td>Svars (g)<\/td>\n<td>122<\/td>\n<\/tr>\n<tr>\n<td>Transp.garums (m)<\/td>\n<td>1.12<\/td>\n<\/tr>\n<tr>\n<td>Saliekamie<\/td>\n<td>oglek\u013c&scaron;\u0137iedras<\/td>\n<\/tr>\n<\/tbody>\n<\/table>\n<\/div>\n","protected":false},"excerpt":{"rendered":"<p>&nbsp; Mak&scaron;\u0137erk\u0101ti Saliekamie Garums (m) 2.1 Tests (g) no 1 Tests (g) l\u012bdz 7 Svars (g) 122 Transp.garums (m) 1.12 Saliekamie oglek\u013c&scaron;\u0137iedras<\/p>\n","protected":false},"featured_media":0,"template":"","meta":[],"product_brand":[894],"product_cat":[4538,4540,4551],"product_tag":[],"class_list":{"0":"post-76534","1":"product","2":"type-product","3":"status-publish","5":"product_brand-salmo","6":"product_cat-fishing-equipment-recreation","7":"product_cat-fishing-rods-fishing-equipment-recreation","8":"product_cat-spin-fishing-rods-fishing-rods-fishing-equipment-recreation","10":"first","11":"instock","12":"shipping-taxable","13":"purchasable","14":"product-type-simple"},"_links":{"self":[{"href":"https:\/\/sezona.lv\/en\/wp-json\/wp\/v2\/product\/76534","targetHints":{"allow":["GET"]}}],"collection":[{"href":"https:\/\/sezona.lv\/en\/wp-json\/wp\/v2\/product"}],"about":[{"href":"https:\/\/sezona.lv\/en\/wp-json\/wp\/v2\/types\/product"}],"wp:attachment":[{"href":"https:\/\/sezona.lv\/en\/wp-json\/wp\/v2\/media?parent=76534"}],"wp:term":[{"taxonomy":"product_brand","embeddable":true,"href":"https:\/\/sezona.lv\/en\/wp-json\/wp\/v2\/product_brand?post=76534"},{"taxonomy":"product_cat","embeddable":true,"href":"https:\/\/sezona.lv\/en\/wp-json\/wp\/v2\/product_cat?post=76534"},{"taxonomy":"product_tag","embeddable":true,"href":"https:\/\/sezona.lv\/en\/wp-json\/wp\/v2\/product_tag?post=76534"}],"curies":[{"name":"wp","href":"https:\/\/api.w.org\/{rel}","templated":true}]}}