{"id":76535,"date":"2025-07-11T15:49:43","date_gmt":"2025-07-11T12:49:43","guid":{"rendered":"https:\/\/demo8.ecube.lv\/sezona.lv\/products\/salmo-spinings-aggressor-spin-45-5217-240\/"},"modified":"2025-07-14T14:52:46","modified_gmt":"2025-07-14T11:52:46","slug":"salmo-spinings-aggressor-spin-45-5217-240","status":"publish","type":"product","link":"https:\/\/sezona.lv\/en\/products\/salmo-spinings-aggressor-spin-45-5217-240\/","title":{"rendered":"Salmo Spinings AGGRESSOR SPIN 45 (5217-240)"},"content":{"rendered":"<p>Univers\u0101ls, vid\u0113ji ciets spinings. Atkar\u012bb\u0101 no garuma ir at&scaron;\u0137ir\u012bgas<\/p>\n<p>akcijas &ndash; no \u0101tras l\u012bdz vid\u0113jai. Lietojams gan ar roteriem, gan<\/p>\n<p>&scaron;\u016bpi\u0146iem un vobleriem. Veidots klasisk\u0101, bet ori\u0123in\u0101l\u0101 dizain\u0101, un tam<\/p>\n<p>ir over steek tipa posmu savienojums. Auklas caurlaid\u012bbas ri\u0146\u0137iem ir<\/p>\n<p>SIC ielikt\u0146i un vienas k\u0101ji\u0146as stiprin\u0101jums.<\/p>\n<div class=\"spec-text\">\n<table border=\"0\">\n<tbody>\n<tr>\n<td>Mak&scaron;\u0137erk\u0101ti<\/td>\n<td>Saliekamie<\/td>\n<\/tr>\n<tr>\n<td>Garums (m)<\/td>\n<td>2.4<\/td>\n<\/tr>\n<tr>\n<td>Tests (g) no<\/td>\n<td>5<\/td>\n<\/tr>\n<tr>\n<td>Tests (g) l\u012bdz<\/td>\n<td>15<\/td>\n<\/tr>\n<tr>\n<td>Svars (g)<\/td>\n<td>200<\/td>\n<\/tr>\n<tr>\n<td>Transp.garums (m)<\/td>\n<td>1.25<\/td>\n<\/tr>\n<tr>\n<td>Saliekamie<\/td>\n<td>oglek\u013c&scaron;\u0137iedras<\/td>\n<\/tr>\n<\/tbody>\n<\/table>\n<\/div>\n","protected":false},"excerpt":{"rendered":"<p>Univers\u0101ls, vid\u0113ji ciets spinings. Atkar\u012bb\u0101 no garuma ir at&scaron;\u0137ir\u012bgas akcijas &ndash; no \u0101tras l\u012bdz vid\u0113jai. Lietojams gan ar roteriem, gan &scaron;\u016bpi\u0146iem un vobleriem. Veidots klasisk\u0101, bet ori\u0123in\u0101l\u0101 dizain\u0101, un tam ir over steek tipa posmu savienojums. Auklas caurlaid\u012bbas ri\u0146\u0137iem ir SIC ielikt\u0146i un vienas k\u0101ji\u0146as stiprin\u0101jums. Mak&scaron;\u0137erk\u0101ti Saliekamie Garums (m) 2.4 Tests (g) no 5 [&hellip;]<\/p>\n","protected":false},"featured_media":0,"template":"","meta":[],"product_brand":[894],"product_cat":[4538,4540,4551],"product_tag":[],"class_list":{"0":"post-76535","1":"product","2":"type-product","3":"status-publish","5":"product_brand-salmo","6":"product_cat-fishing-equipment-recreation","7":"product_cat-fishing-rods-fishing-equipment-recreation","8":"product_cat-spin-fishing-rods-fishing-rods-fishing-equipment-recreation","10":"first","11":"instock","12":"shipping-taxable","13":"purchasable","14":"product-type-simple"},"_links":{"self":[{"href":"https:\/\/sezona.lv\/en\/wp-json\/wp\/v2\/product\/76535","targetHints":{"allow":["GET"]}}],"collection":[{"href":"https:\/\/sezona.lv\/en\/wp-json\/wp\/v2\/product"}],"about":[{"href":"https:\/\/sezona.lv\/en\/wp-json\/wp\/v2\/types\/product"}],"wp:attachment":[{"href":"https:\/\/sezona.lv\/en\/wp-json\/wp\/v2\/media?parent=76535"}],"wp:term":[{"taxonomy":"product_brand","embeddable":true,"href":"https:\/\/sezona.lv\/en\/wp-json\/wp\/v2\/product_brand?post=76535"},{"taxonomy":"product_cat","embeddable":true,"href":"https:\/\/sezona.lv\/en\/wp-json\/wp\/v2\/product_cat?post=76535"},{"taxonomy":"product_tag","embeddable":true,"href":"https:\/\/sezona.lv\/en\/wp-json\/wp\/v2\/product_tag?post=76535"}],"curies":[{"name":"wp","href":"https:\/\/api.w.org\/{rel}","templated":true}]}}