{"id":76537,"date":"2025-07-11T15:49:45","date_gmt":"2025-07-11T12:49:45","guid":{"rendered":"https:\/\/demo8.ecube.lv\/sezona.lv\/products\/salmo-spinings-power-stick-trolling-cast-2405-240\/"},"modified":"2025-07-14T14:52:48","modified_gmt":"2025-07-14T11:52:48","slug":"salmo-spinings-power-stick-trolling-cast-2405-240","status":"publish","type":"product","link":"https:\/\/sezona.lv\/en\/products\/salmo-spinings-power-stick-trolling-cast-2405-240\/","title":{"rendered":"Salmo Spinings Power Stick TROLLING CAST (2405-240)"},"content":{"rendered":"<p>&nbsp;<\/p>\n<div class=\"ma-main-container col2-right-layout\">\n<div class=\"container\">\n<div class=\"main\">\n<div class=\"main-inner\">\n<div class=\"row\">\n<div class=\"col-main col-xs-12 col-sm-9\">\n<div class=\"product-view\">\n<div class=\"product-essential\">\n<div class=\"row\">\n<div class=\"product-shop col-sm-7 col-md-87 col-sms-8 col-smb-12\">\n<div class=\"short-description\">\n<div class=\"std\">Jaud\u012bgs spinings ar vid\u0113ji \u0101tru akciju, paredz\u0113ts lielo zivju \u0137er&scaron;anai no laivas ar velc\u0113&scaron;anas metodi. Spinings ra\u017eots no kompoz\u012btmateri\u0101la, spice no stiklplasta. Spice lieliski rea\u0123\u0113 uz m\u0101nek\u013ca darb\u012bbu. Apr\u012bkots ar pastiprin\u0101tiem SIC ri\u0146\u0137iem. Neopr\u0113na rokturis, tur\u0113t\u0101js multiplikatora spolei.<\/p>\n<p>&bull; Materi\u0101ls &ndash; kompoz\u012bts<br \/>&bull; vid\u0113ji \u0101tra akcija<br \/>&bull; Spininga klase HX<br \/>&bull; &Scaron;tekera tipa savienojums, Over Steek<\/p>\n<p>Auklas caurlaides ri\u0146\u0137i:<br \/>&#8211; zema profila ri\u0146\u0137i<br \/>&#8211; pastiprin\u0101ti<br \/>&#8211; ar SIC ielikt\u0146iem<br \/>&#8211; ri\u0146\u0137i izvietoti p\u0113c klasiskas koncepcijas<\/p>\n<p>&bull; Rokturis &#8211; neopr\u0113ns, papildus pastiprin\u0101ts<br \/>&bull; Skr\u016bves tipa spoles fiksators multiplikatora spolei.<\/p>\n<p>Svars (g) 460<br \/>Garums (m) 2.40<br \/>Transp. garums (cm) 125<br \/>Sekciju skaits 2<br \/>Tests (g) 50-100 gr<\/div>\n<\/div>\n<\/div>\n<\/div>\n<\/div>\n<\/div>\n<\/div>\n<\/div>\n<\/div>\n<\/div>\n<\/div>\n<\/div>\n","protected":false},"excerpt":{"rendered":"<p>&nbsp; Jaud\u012bgs spinings ar vid\u0113ji \u0101tru akciju, paredz\u0113ts lielo zivju \u0137er&scaron;anai no laivas ar velc\u0113&scaron;anas metodi. Spinings ra\u017eots no kompoz\u012btmateri\u0101la, spice no stiklplasta. Spice lieliski rea\u0123\u0113 uz m\u0101nek\u013ca darb\u012bbu. Apr\u012bkots ar pastiprin\u0101tiem SIC ri\u0146\u0137iem. Neopr\u0113na rokturis, tur\u0113t\u0101js multiplikatora spolei. &bull; Materi\u0101ls &ndash; kompoz\u012bts&bull; vid\u0113ji \u0101tra akcija&bull; Spininga klase HX&bull; &Scaron;tekera tipa savienojums, Over Steek Auklas [&hellip;]<\/p>\n","protected":false},"featured_media":0,"template":"","meta":[],"product_brand":[894],"product_cat":[4538,4540,4543],"product_tag":[],"class_list":{"0":"post-76537","1":"product","2":"type-product","3":"status-publish","5":"product_brand-salmo","6":"product_cat-fishing-equipment-recreation","7":"product_cat-fishing-rods-fishing-equipment-recreation","8":"product_cat-trolling-fishing-rods-fishing-rods-fishing-equipment-recreation","10":"first","11":"instock","12":"shipping-taxable","13":"purchasable","14":"product-type-simple"},"_links":{"self":[{"href":"https:\/\/sezona.lv\/en\/wp-json\/wp\/v2\/product\/76537","targetHints":{"allow":["GET"]}}],"collection":[{"href":"https:\/\/sezona.lv\/en\/wp-json\/wp\/v2\/product"}],"about":[{"href":"https:\/\/sezona.lv\/en\/wp-json\/wp\/v2\/types\/product"}],"wp:attachment":[{"href":"https:\/\/sezona.lv\/en\/wp-json\/wp\/v2\/media?parent=76537"}],"wp:term":[{"taxonomy":"product_brand","embeddable":true,"href":"https:\/\/sezona.lv\/en\/wp-json\/wp\/v2\/product_brand?post=76537"},{"taxonomy":"product_cat","embeddable":true,"href":"https:\/\/sezona.lv\/en\/wp-json\/wp\/v2\/product_cat?post=76537"},{"taxonomy":"product_tag","embeddable":true,"href":"https:\/\/sezona.lv\/en\/wp-json\/wp\/v2\/product_tag?post=76537"}],"curies":[{"name":"wp","href":"https:\/\/api.w.org\/{rel}","templated":true}]}}