{"id":76538,"date":"2025-07-11T15:49:46","date_gmt":"2025-07-11T12:49:46","guid":{"rendered":"https:\/\/demo8.ecube.lv\/sezona.lv\/products\/salmo-makskere-karpu-diamond-carp-3-5-3045-360\/"},"modified":"2025-07-14T14:52:49","modified_gmt":"2025-07-14T11:52:49","slug":"salmo-makskere-karpu-diamond-carp-3-5-3045-360","status":"publish","type":"product","link":"https:\/\/sezona.lv\/en\/products\/salmo-makskere-karpu-diamond-carp-3-5-3045-360\/","title":{"rendered":"Salmo Mak\u0161\u0137ere karpu  DIAMOND CARP 3.5 (3045-360)"},"content":{"rendered":"<p>&nbsp;<\/p>\n<div class=\"spec-text\">\n<table border=\"0\">\n<tbody>\n<tr>\n<td>Mak&scaron;\u0137erk\u0101ti<\/td>\n<td>Saliekamie<\/td>\n<\/tr>\n<tr>\n<td>Garums (m)<\/td>\n<td>3.6<\/td>\n<\/tr>\n<tr>\n<td>Svars (g)<\/td>\n<td>395<\/td>\n<\/tr>\n<tr>\n<td>Transp.garums (m)<\/td>\n<td>1.25<\/td>\n<\/tr>\n<tr>\n<td>Saliekamie<\/td>\n<td>oglek\u013c&scaron;\u0137iedras<\/td>\n<\/tr>\n<tr>\n<td>Speci\u0101lie<\/td>\n<td>karpu<\/td>\n<\/tr>\n<\/tbody>\n<\/table>\n<\/div>\n","protected":false},"excerpt":{"rendered":"<p>&nbsp; Mak&scaron;\u0137erk\u0101ti Saliekamie Garums (m) 3.6 Svars (g) 395 Transp.garums (m) 1.25 Saliekamie oglek\u013c&scaron;\u0137iedras Speci\u0101lie karpu<\/p>\n","protected":false},"featured_media":61809,"template":"","meta":[],"product_brand":[894],"product_cat":[4538,4540,4544],"product_tag":[],"class_list":{"0":"post-76538","1":"product","2":"type-product","3":"status-publish","4":"has-post-thumbnail","6":"product_brand-salmo","7":"product_cat-fishing-equipment-recreation","8":"product_cat-fishing-rods-fishing-equipment-recreation","9":"product_cat-carp-fishing-rods-fishing-rods-fishing-equipment-recreation","11":"first","12":"instock","13":"shipping-taxable","14":"purchasable","15":"product-type-simple"},"_links":{"self":[{"href":"https:\/\/sezona.lv\/en\/wp-json\/wp\/v2\/product\/76538","targetHints":{"allow":["GET"]}}],"collection":[{"href":"https:\/\/sezona.lv\/en\/wp-json\/wp\/v2\/product"}],"about":[{"href":"https:\/\/sezona.lv\/en\/wp-json\/wp\/v2\/types\/product"}],"wp:featuredmedia":[{"embeddable":true,"href":"https:\/\/sezona.lv\/en\/wp-json\/wp\/v2\/media\/61809"}],"wp:attachment":[{"href":"https:\/\/sezona.lv\/en\/wp-json\/wp\/v2\/media?parent=76538"}],"wp:term":[{"taxonomy":"product_brand","embeddable":true,"href":"https:\/\/sezona.lv\/en\/wp-json\/wp\/v2\/product_brand?post=76538"},{"taxonomy":"product_cat","embeddable":true,"href":"https:\/\/sezona.lv\/en\/wp-json\/wp\/v2\/product_cat?post=76538"},{"taxonomy":"product_tag","embeddable":true,"href":"https:\/\/sezona.lv\/en\/wp-json\/wp\/v2\/product_tag?post=76538"}],"curies":[{"name":"wp","href":"https:\/\/api.w.org\/{rel}","templated":true}]}}