{"id":76539,"date":"2025-07-11T15:49:47","date_gmt":"2025-07-11T12:49:47","guid":{"rendered":"https:\/\/demo8.ecube.lv\/sezona.lv\/products\/salmo-makskere-match-diamond-match-30-5539-390\/"},"modified":"2025-07-14T14:52:50","modified_gmt":"2025-07-14T11:52:50","slug":"salmo-makskere-match-diamond-match-30-5539-390","status":"publish","type":"product","link":"https:\/\/sezona.lv\/en\/products\/salmo-makskere-match-diamond-match-30-5539-390\/","title":{"rendered":"Salmo Mak\u0161\u0137ere Match DIAMOND MATCH 30 (5539-390)"},"content":{"rendered":"<p>Klasiskais tr\u012bsposmu mak&scaron;\u0137erk\u0101ts ma\u010dmak&scaron;\u0137er\u0113&scaron;anai ar Over Stek tipa posmu savienojumu. Vid\u0113j\u0101s akcijas k\u0101ts izgatavots no graf\u012bta IM7 markas un nokomplekt\u0113ts ar augstiem caurlaides ri\u0146\u0137iem ar SIC ielikt\u0146iem. Kombin\u0113ts rokturis no kor\u0137a un neopr\u0113na apr\u012bkots ar v\u012bt\u0146veida spoles tur\u0113t\u0101ju un gumijas uzgali gal\u0101.<\/p>\n<p>&bull; Mak&scaron;\u0137erk\u0101ta materi\u0101ls &#8211; og\u013c&scaron;\u0137iedra (IM7)<\/p>\n<p>&bull; Vid\u0113j\u0101 akcija<\/p>\n<p>&bull; &Scaron;tekera konstrukcija<\/p>\n<p>&bull; Over Stek tipa posmu savienojums<\/p>\n<p>Caurlaides ri\u0146\u0137i:<\/p>\n<p>&#8211; uz augst\u0101m k\u0101ji\u0146\u0101m<\/p>\n<p>&#8211; ar SIC ielikt\u0146iem<\/p>\n<p>&bull; Kombin\u0113tais rokturis<\/p>\n<p>&bull; V\u012bt\u0146veida spoles tur\u0113t\u0101js<\/p>\n<div class=\"spec-text\">\n<table border=\"0\">\n<tbody>\n<tr>\n<td>Mak&scaron;\u0137erk\u0101ti<\/td>\n<td>Saliekamie<\/td>\n<\/tr>\n<tr>\n<td>Garums (m)<\/td>\n<td>3.9<\/td>\n<\/tr>\n<tr>\n<td>Tests (g) no<\/td>\n<td>5<\/td>\n<\/tr>\n<tr>\n<td>Tests (g) l\u012bdz<\/td>\n<td>30<\/td>\n<\/tr>\n<tr>\n<td>Svars (g)<\/td>\n<td>240<\/td>\n<\/tr>\n<tr>\n<td>Transp.garums (m)<\/td>\n<td>1.35<\/td>\n<\/tr>\n<tr>\n<td>Saliekamie<\/td>\n<td>oglek\u013c&scaron;\u0137iedras<\/td>\n<\/tr>\n<\/tbody>\n<\/table>\n<\/div>\n","protected":false},"excerpt":{"rendered":"<p>Klasiskais tr\u012bsposmu mak&scaron;\u0137erk\u0101ts ma\u010dmak&scaron;\u0137er\u0113&scaron;anai ar Over Stek tipa posmu savienojumu. Vid\u0113j\u0101s akcijas k\u0101ts izgatavots no graf\u012bta IM7 markas un nokomplekt\u0113ts ar augstiem caurlaides ri\u0146\u0137iem ar SIC ielikt\u0146iem. Kombin\u0113ts rokturis no kor\u0137a un neopr\u0113na apr\u012bkots ar v\u012bt\u0146veida spoles tur\u0113t\u0101ju un gumijas uzgali gal\u0101. &bull; Mak&scaron;\u0137erk\u0101ta materi\u0101ls &#8211; og\u013c&scaron;\u0137iedra (IM7) &bull; Vid\u0113j\u0101 akcija &bull; &Scaron;tekera konstrukcija &bull; [&hellip;]<\/p>\n","protected":false},"featured_media":0,"template":"","meta":[],"product_brand":[894],"product_cat":[4538,4540,4546],"product_tag":[],"class_list":{"0":"post-76539","1":"product","2":"type-product","3":"status-publish","5":"product_brand-salmo","6":"product_cat-fishing-equipment-recreation","7":"product_cat-fishing-rods-fishing-equipment-recreation","8":"product_cat-match-fishing-rods-fishing-rods-fishing-equipment-recreation","10":"first","11":"instock","12":"shipping-taxable","13":"purchasable","14":"product-type-simple"},"_links":{"self":[{"href":"https:\/\/sezona.lv\/en\/wp-json\/wp\/v2\/product\/76539","targetHints":{"allow":["GET"]}}],"collection":[{"href":"https:\/\/sezona.lv\/en\/wp-json\/wp\/v2\/product"}],"about":[{"href":"https:\/\/sezona.lv\/en\/wp-json\/wp\/v2\/types\/product"}],"wp:attachment":[{"href":"https:\/\/sezona.lv\/en\/wp-json\/wp\/v2\/media?parent=76539"}],"wp:term":[{"taxonomy":"product_brand","embeddable":true,"href":"https:\/\/sezona.lv\/en\/wp-json\/wp\/v2\/product_brand?post=76539"},{"taxonomy":"product_cat","embeddable":true,"href":"https:\/\/sezona.lv\/en\/wp-json\/wp\/v2\/product_cat?post=76539"},{"taxonomy":"product_tag","embeddable":true,"href":"https:\/\/sezona.lv\/en\/wp-json\/wp\/v2\/product_tag?post=76539"}],"curies":[{"name":"wp","href":"https:\/\/api.w.org\/{rel}","templated":true}]}}