{"id":76540,"date":"2025-07-11T15:49:48","date_gmt":"2025-07-11T12:49:48","guid":{"rendered":"https:\/\/demo8.ecube.lv\/sezona.lv\/products\/kovea-deglis-backpacker-stove\/"},"modified":"2025-07-14T14:52:51","modified_gmt":"2025-07-14T11:52:51","slug":"kovea-deglis-backpacker-stove","status":"publish","type":"product","link":"https:\/\/sezona.lv\/en\/products\/kovea-deglis-backpacker-stove\/","title":{"rendered":"Kovea Deglis BACKPACKER STOVE"},"content":{"rendered":"<div class=\"rte\">\n<p>Viegls un kompakts g\u0101zes deglis\/pl\u012bti\u0146a. Klasisks  g\u0101zes deglis\/pl\u012bti\u0146a \u0113diena pagatavo&scaron;anai ce\u013cojuma laik\u0101. \u013boti vienk\u0101r&scaron;s  lieto&scaron;an\u0101 un uzticams darb\u012bb\u0101. Izgatavots no ner\u016bs\u0113jo&scaron;\u0101 t\u0113rauda.  Neaizvietojams ekip\u0113jums visa veida p\u0101rg\u0101jienos, velot\u016brism\u0101, atp\u016bt\u0101 pie  dabas, mak&scaron;\u0137er\u0113&scaron;an\u0101 un med\u012bb\u0101s. Paredz\u0113ts lieto&scaron;anai ar skr\u016bv\u0113jamiem  baloniem (epi-gas). Ar p\u0101reju Cobra, deglis lietojams ar\u012b ar garajiem  adatas tipa baloniem.<\/p>\n<h4>Specifik\u0101cija:<\/h4>\n<p><strong>Svars:<\/strong> 190 grami<br \/><strong>Izm\u0113rs:<\/strong> 81 x 50 x 100 mm (sapakot\u0101 veid\u0101) <br \/><strong>Sildvirsmas diametrs:<\/strong> 139 mm<br \/><strong>Iepakojums:<\/strong> Iztur\u012bgs auduma maisi\u0146&scaron; <br \/><strong>Balona tips:<\/strong> Skr\u016bv\u0113jams <br \/><strong>Jauda:<\/strong> 1,727 kcal \/ 6,856 BTU \/ 2,0 kW <br \/><strong>G\u0101zes pat\u0113ri\u0146&scaron;:<\/strong> 146 g\/h <br \/><strong>Uzv\u0101r\u012b&scaron;anas laiks:<\/strong> 4,17 min (1L auksta \u016bdens no 15C l\u012bdz 96C, istabas temperat\u016br\u0101 24C)<\/p>\n<\/div>\n","protected":false},"excerpt":{"rendered":"<p>Viegls un kompakts g\u0101zes deglis\/pl\u012bti\u0146a. Klasisks g\u0101zes deglis\/pl\u012bti\u0146a \u0113diena pagatavo&scaron;anai ce\u013cojuma laik\u0101. \u013boti vienk\u0101r&scaron;s lieto&scaron;an\u0101 un uzticams darb\u012bb\u0101. Izgatavots no ner\u016bs\u0113jo&scaron;\u0101 t\u0113rauda. Neaizvietojams ekip\u0113jums visa veida p\u0101rg\u0101jienos, velot\u016brism\u0101, atp\u016bt\u0101 pie dabas, mak&scaron;\u0137er\u0113&scaron;an\u0101 un med\u012bb\u0101s. Paredz\u0113ts lieto&scaron;anai ar skr\u016bv\u0113jamiem baloniem (epi-gas). Ar p\u0101reju Cobra, deglis lietojams ar\u012b ar garajiem adatas tipa baloniem. Specifik\u0101cija: Svars: 190 gramiIzm\u0113rs: [&hellip;]<\/p>\n","protected":false},"featured_media":61815,"template":"","meta":[],"product_brand":[934],"product_cat":[4558,4720,4723],"product_tag":[],"class_list":{"0":"post-76540","1":"product","2":"type-product","3":"status-publish","4":"has-post-thumbnail","6":"product_brand-kovea","7":"product_cat-for-tourism-recreation","8":"product_cat-gas-stoves-burners-lanterns-heaters-for-tourism-recreation","9":"product_cat-gas-burners-gas-stoves-burners-lanterns-heaters-for-tourism-recreation","11":"first","12":"instock","13":"shipping-taxable","14":"purchasable","15":"product-type-simple"},"_links":{"self":[{"href":"https:\/\/sezona.lv\/en\/wp-json\/wp\/v2\/product\/76540","targetHints":{"allow":["GET"]}}],"collection":[{"href":"https:\/\/sezona.lv\/en\/wp-json\/wp\/v2\/product"}],"about":[{"href":"https:\/\/sezona.lv\/en\/wp-json\/wp\/v2\/types\/product"}],"wp:featuredmedia":[{"embeddable":true,"href":"https:\/\/sezona.lv\/en\/wp-json\/wp\/v2\/media\/61815"}],"wp:attachment":[{"href":"https:\/\/sezona.lv\/en\/wp-json\/wp\/v2\/media?parent=76540"}],"wp:term":[{"taxonomy":"product_brand","embeddable":true,"href":"https:\/\/sezona.lv\/en\/wp-json\/wp\/v2\/product_brand?post=76540"},{"taxonomy":"product_cat","embeddable":true,"href":"https:\/\/sezona.lv\/en\/wp-json\/wp\/v2\/product_cat?post=76540"},{"taxonomy":"product_tag","embeddable":true,"href":"https:\/\/sezona.lv\/en\/wp-json\/wp\/v2\/product_tag?post=76540"}],"curies":[{"name":"wp","href":"https:\/\/api.w.org\/{rel}","templated":true}]}}