{"id":76541,"date":"2025-07-14T14:52:52","date_gmt":"2025-07-14T11:52:52","guid":{"rendered":"https:\/\/demo8.ecube.lv\/sezona.lv\/products\/kovea-katlu-komplekts-ar-degli-solo-lite\/"},"modified":"2025-07-14T14:52:52","modified_gmt":"2025-07-14T11:52:52","slug":"kovea-katlu-komplekts-ar-degli-solo-lite","status":"publish","type":"product","link":"https:\/\/sezona.lv\/en\/products\/kovea-katlu-komplekts-ar-degli-solo-lite\/","title":{"rendered":"Kovea Katlu komplekts ar degli Solo Lite"},"content":{"rendered":"<div class=\"rte\">\n<p>Kovea Solo Lite ir lielisks starta komplekts  t\u016bristam ies\u0101c\u0113jam ar minim\u0101l\u0101m pras\u012bb\u0101m. T\u0101 komplekt\u0101 ietilpst tikai  pats nepiecie&scaron;amais &#8211; superviegls un kompakts g\u0101zes deglis. Katl\u0101 ir  speci\u0101ls paliktnis, kur\u0101 ir iestr\u0101d\u0101ta vieta g\u0101zes deglim un g\u0101zes  balonam.<\/p>\n<h4>Specifik\u0101cija:<\/h4>\n<p><strong> Materi\u0101ls:<\/strong> Anodiz\u0113ts alum\u012bnijs<br \/><strong>Izm\u0113rs:<\/strong> 15 cm x 15 cm x 12,5 cm<br \/><strong>Tilpums:<\/strong> 0.8 Litri <br \/><strong>Svars:<\/strong> 370 grami (viss komplekts)<\/p>\n<h4>Komplekt\u0101 ietilpst:<\/h4>\n<ul>\n<li>Katls 800 ml&nbsp;<\/li>\n<li>G\u0101zes deglis Super Lite Titanium<\/li>\n<li>Uzglab\u0101&scaron;anas iepakojums<\/li>\n<\/ul>\n<\/div>\n","protected":false},"excerpt":{"rendered":"<p>Kovea Solo Lite ir lielisks starta komplekts t\u016bristam ies\u0101c\u0113jam ar minim\u0101l\u0101m pras\u012bb\u0101m. T\u0101 komplekt\u0101 ietilpst tikai pats nepiecie&scaron;amais &#8211; superviegls un kompakts g\u0101zes deglis. Katl\u0101 ir speci\u0101ls paliktnis, kur\u0101 ir iestr\u0101d\u0101ta vieta g\u0101zes deglim un g\u0101zes balonam. Specifik\u0101cija: Materi\u0101ls: Anodiz\u0113ts alum\u012bnijsIzm\u0113rs: 15 cm x 15 cm x 12,5 cmTilpums: 0.8 Litri Svars: 370 grami (viss [&hellip;]<\/p>\n","protected":false},"featured_media":0,"template":"","meta":[],"product_brand":[934],"product_cat":[4558,4571,4640,4730],"product_tag":[],"class_list":{"0":"post-76541","1":"product","2":"type-product","3":"status-publish","5":"product_brand-kovea","6":"product_cat-for-tourism-recreation","7":"product_cat-dishes-knives-folding-tables-for-tourism-recreation","8":"product_cat-recreation","9":"product_cat-pots-and-pans-dishes-knives-folding-tables-for-tourism-recreation","11":"first","12":"instock","13":"shipping-taxable","14":"purchasable","15":"product-type-simple"},"_links":{"self":[{"href":"https:\/\/sezona.lv\/en\/wp-json\/wp\/v2\/product\/76541","targetHints":{"allow":["GET"]}}],"collection":[{"href":"https:\/\/sezona.lv\/en\/wp-json\/wp\/v2\/product"}],"about":[{"href":"https:\/\/sezona.lv\/en\/wp-json\/wp\/v2\/types\/product"}],"wp:attachment":[{"href":"https:\/\/sezona.lv\/en\/wp-json\/wp\/v2\/media?parent=76541"}],"wp:term":[{"taxonomy":"product_brand","embeddable":true,"href":"https:\/\/sezona.lv\/en\/wp-json\/wp\/v2\/product_brand?post=76541"},{"taxonomy":"product_cat","embeddable":true,"href":"https:\/\/sezona.lv\/en\/wp-json\/wp\/v2\/product_cat?post=76541"},{"taxonomy":"product_tag","embeddable":true,"href":"https:\/\/sezona.lv\/en\/wp-json\/wp\/v2\/product_tag?post=76541"}],"curies":[{"name":"wp","href":"https:\/\/api.w.org\/{rel}","templated":true}]}}