{"id":76542,"date":"2025-07-14T14:52:52","date_gmt":"2025-07-14T11:52:52","guid":{"rendered":"https:\/\/demo8.ecube.lv\/sezona.lv\/products\/petzl-nazis-spatha\/"},"modified":"2025-07-14T14:52:52","modified_gmt":"2025-07-14T11:52:52","slug":"petzl-nazis-spatha","status":"publish","type":"product","link":"https:\/\/sezona.lv\/en\/products\/petzl-nazis-spatha\/","title":{"rendered":"Petzl Nazis Spatha"},"content":{"rendered":"<div class=\"rte\">\n<p>Nazis Spatha ir paredz\u0113ts jebkuram k\u0101p\u0113jam. Tas  lieliski noder\u0113s gan grie\u017eot virves, gan ar\u012b cit\u0101m ikdieni&scaron;\u0137\u0101m  aktivit\u0101t\u0113m. Tam ir iestr\u0101d\u0101ts liels caurums, kur\u0101 ir paredz\u0113ts ie\u0101\u0137\u0113t  karab\u012bni, t\u0101dej\u0101di to ir \u0113rti piestiprin\u0101t gan pie sist\u0113mas, gan ar\u012b pie  mugursomas. To ir viegli atv\u0113rt pat ar cimdiem. Atv\u0113rt\u0101 st\u0101vokl\u012b  asmenis fiks\u0113jas. Asmenim ir rievota da\u013ca, lai ar to b\u016btu \u0113rti p\u0101rgriezt  gan virves, gan ar\u012b cilpas. Asmens ir izgatavots no ner\u016bs\u0113jo&scaron;a t\u0113rauda.<\/p>\n<h4>Specifik\u0101cija:<\/h4>\n<p><strong>Garums saliekt\u0101 veid\u0101:<\/strong> 11,5cm <br \/><strong>Garums atv\u0113rt\u0101 veid\u0101:<\/strong> 17,5 cm <br \/><strong>Asmens garums:<\/strong> 7 cm <br \/><strong>Svars:<\/strong> 43g<\/p>\n<\/div>\n","protected":false},"excerpt":{"rendered":"<p>Nazis Spatha ir paredz\u0113ts jebkuram k\u0101p\u0113jam. Tas lieliski noder\u0113s gan grie\u017eot virves, gan ar\u012b cit\u0101m ikdieni&scaron;\u0137\u0101m aktivit\u0101t\u0113m. Tam ir iestr\u0101d\u0101ts liels caurums, kur\u0101 ir paredz\u0113ts ie\u0101\u0137\u0113t karab\u012bni, t\u0101dej\u0101di to ir \u0113rti piestiprin\u0101t gan pie sist\u0113mas, gan ar\u012b pie mugursomas. To ir viegli atv\u0113rt pat ar cimdiem. Atv\u0113rt\u0101 st\u0101vokl\u012b asmenis fiks\u0113jas. Asmenim ir rievota da\u013ca, lai [&hellip;]<\/p>\n","protected":false},"featured_media":0,"template":"","meta":[],"product_brand":[957],"product_cat":[4558,4571,4733],"product_tag":[],"class_list":{"0":"post-76542","1":"product","2":"type-product","3":"status-publish","5":"product_brand-petzl","6":"product_cat-for-tourism-recreation","7":"product_cat-dishes-knives-folding-tables-for-tourism-recreation","8":"product_cat-knives-dishes-knives-folding-tables-for-tourism-recreation","10":"first","11":"instock","12":"shipping-taxable","13":"purchasable","14":"product-type-simple"},"_links":{"self":[{"href":"https:\/\/sezona.lv\/en\/wp-json\/wp\/v2\/product\/76542","targetHints":{"allow":["GET"]}}],"collection":[{"href":"https:\/\/sezona.lv\/en\/wp-json\/wp\/v2\/product"}],"about":[{"href":"https:\/\/sezona.lv\/en\/wp-json\/wp\/v2\/types\/product"}],"wp:attachment":[{"href":"https:\/\/sezona.lv\/en\/wp-json\/wp\/v2\/media?parent=76542"}],"wp:term":[{"taxonomy":"product_brand","embeddable":true,"href":"https:\/\/sezona.lv\/en\/wp-json\/wp\/v2\/product_brand?post=76542"},{"taxonomy":"product_cat","embeddable":true,"href":"https:\/\/sezona.lv\/en\/wp-json\/wp\/v2\/product_cat?post=76542"},{"taxonomy":"product_tag","embeddable":true,"href":"https:\/\/sezona.lv\/en\/wp-json\/wp\/v2\/product_tag?post=76542"}],"curies":[{"name":"wp","href":"https:\/\/api.w.org\/{rel}","templated":true}]}}