{"id":76544,"date":"2025-07-14T14:52:54","date_gmt":"2025-07-14T11:52:54","guid":{"rendered":"https:\/\/demo8.ecube.lv\/sezona.lv\/products\/gsi-outdoors-trauku-komplekts-glacier-stainless-minimalist\/"},"modified":"2025-07-14T14:52:54","modified_gmt":"2025-07-14T11:52:54","slug":"gsi-outdoors-trauku-komplekts-glacier-stainless-minimalist","status":"publish","type":"product","link":"https:\/\/sezona.lv\/en\/products\/gsi-outdoors-trauku-komplekts-glacier-stainless-minimalist\/","title":{"rendered":"GSI Outdoors Trauku komplekts Glacier Stainless Minimalist"},"content":{"rendered":"<div class=\"rte\">\n<p>Ultralite virziena piekrit\u0113ju sap\u0146u katli\u0146&scaron;.  Ner\u016bs\u0113jo&scaron;\u0101 t\u0113rauda katli\u0146&scaron; \u0101tri uzv\u0101r\u012bs \u016bdeni. V\u0101ku var lietot uz ab\u0101m  pus\u0113m &#8211; no vienas puses tas b\u016bs dom\u0101ts kr\u016bzei un pasarg\u0101s l\u016bpas no  apdzedzin\u0101&scaron;anas, no otras, v\u0101rot \u016bdeni b\u016bs \u0113rt\u0101k no\u0146emt no liesmas,  papildus izmantojot silikona tur\u0113t\u0101ju. Silikona tur\u0113t\u0101j\u0101 ir iestr\u0101d\u0101ts  magn\u0113ti\u0146&scaron;, lai to var\u0113tu piestiprin\u0101t pie g\u0101zes balona un, v\u0101rot \u016bdeni,  tas vienm\u0113r b\u016btu pa rokai. &Scaron;aj\u0101 katli\u0146\u0101 kompakti var ielikt ar\u012b 110 g  g\u0101zes balonu un vieglu, kompaktu g\u0101zes degli. Katli\u0146&scaron; ir paredz\u0113ts  gatavo&scaron;anai uz ugunskura.<\/p>\n<h4>Specifik\u0101cija:<\/h4>\n<p><strong>Materi\u0101ls:<\/strong> Ner\u016bs\u0113jo&scaron;ais t\u0113roauds <br \/><strong>Tilpums:<\/strong> 600 ml <br \/><strong>Izm\u0113rs:<\/strong> 106 mm x 106 mm x 116 mm<br \/><strong>Svars:<\/strong> 215 grami<\/p>\n<h4>Komplekt\u0101 ietilpst:<\/h4>\n<ul>\n<li>0.6 litri katli\u0146&scaron; ar termoizol\u0113jo&scaron;u apvalku<\/li>\n<li>Divpus\u0113js v\u0101ci\u0146&scaron;<\/li>\n<li>Silikona tur\u0113t\u0101js<\/li>\n<li>Teleskopiska dak&scaron;karote<\/li>\n<\/ul>\n<\/div>\n","protected":false},"excerpt":{"rendered":"<p>Ultralite virziena piekrit\u0113ju sap\u0146u katli\u0146&scaron;. Ner\u016bs\u0113jo&scaron;\u0101 t\u0113rauda katli\u0146&scaron; \u0101tri uzv\u0101r\u012bs \u016bdeni. V\u0101ku var lietot uz ab\u0101m pus\u0113m &#8211; no vienas puses tas b\u016bs dom\u0101ts kr\u016bzei un pasarg\u0101s l\u016bpas no apdzedzin\u0101&scaron;anas, no otras, v\u0101rot \u016bdeni b\u016bs \u0113rt\u0101k no\u0146emt no liesmas, papildus izmantojot silikona tur\u0113t\u0101ju. Silikona tur\u0113t\u0101j\u0101 ir iestr\u0101d\u0101ts magn\u0113ti\u0146&scaron;, lai to var\u0113tu piestiprin\u0101t pie g\u0101zes balona [&hellip;]<\/p>\n","protected":false},"featured_media":0,"template":"","meta":[],"product_brand":[959],"product_cat":[4558,4571,4730],"product_tag":[],"class_list":{"0":"post-76544","1":"product","2":"type-product","3":"status-publish","5":"product_brand-gsi-outdoors","6":"product_cat-for-tourism-recreation","7":"product_cat-dishes-knives-folding-tables-for-tourism-recreation","8":"product_cat-pots-and-pans-dishes-knives-folding-tables-for-tourism-recreation","10":"first","11":"instock","12":"shipping-taxable","13":"purchasable","14":"product-type-simple"},"_links":{"self":[{"href":"https:\/\/sezona.lv\/en\/wp-json\/wp\/v2\/product\/76544","targetHints":{"allow":["GET"]}}],"collection":[{"href":"https:\/\/sezona.lv\/en\/wp-json\/wp\/v2\/product"}],"about":[{"href":"https:\/\/sezona.lv\/en\/wp-json\/wp\/v2\/types\/product"}],"wp:attachment":[{"href":"https:\/\/sezona.lv\/en\/wp-json\/wp\/v2\/media?parent=76544"}],"wp:term":[{"taxonomy":"product_brand","embeddable":true,"href":"https:\/\/sezona.lv\/en\/wp-json\/wp\/v2\/product_brand?post=76544"},{"taxonomy":"product_cat","embeddable":true,"href":"https:\/\/sezona.lv\/en\/wp-json\/wp\/v2\/product_cat?post=76544"},{"taxonomy":"product_tag","embeddable":true,"href":"https:\/\/sezona.lv\/en\/wp-json\/wp\/v2\/product_tag?post=76544"}],"curies":[{"name":"wp","href":"https:\/\/api.w.org\/{rel}","templated":true}]}}