{"id":76545,"date":"2025-07-14T14:52:55","date_gmt":"2025-07-14T11:52:55","guid":{"rendered":"https:\/\/demo8.ecube.lv\/sezona.lv\/products\/gsi-outdoors-trauku-komplekts-glacier-stainless-dualist\/"},"modified":"2025-07-14T14:52:55","modified_gmt":"2025-07-14T11:52:55","slug":"gsi-outdoors-trauku-komplekts-glacier-stainless-dualist","status":"publish","type":"product","link":"https:\/\/sezona.lv\/en\/products\/gsi-outdoors-trauku-komplekts-glacier-stainless-dualist\/","title":{"rendered":"GSI Outdoors Trauku komplekts Glacier Stainless Dualist"},"content":{"rendered":"<p align=\"justify\"><span style=\"font-size: x-small\">&Scaron;is iztur\u012bgais un l\u012bdz s\u012bkumiem p\u0101rdom\u0101tais divu personu katli\u0146&scaron; b\u016bs lielisks ce\u013cabiedrs. Izgatavots no ner\u016bs\u0113jo&scaron;\u0101 t\u0113rauda. Komplekt\u0101 eso&scaron;ais v\u0101ci\u0146&scaron; ir apr\u012bkots ar nelieliem caurumi\u0146iem, kas lieti noder\u0113s, ja ir nepiecie&scaron;ams nok\u0101st uzv\u0101r\u012btos d\u0101rze\u0146u, makaronus vai putraimus. \u0112rti atmetams un nofiks\u0113jams rokturis. Komplekt\u0101 ir iek\u013cauta ar\u012b 590ml b\u013codi\u0146a ar neopr\u0113na apvalku, kas saglab\u0101s \u0113diena siltumu. Viena no inovat\u012bv\u0101kaj\u0101m liet\u0101m ir unik\u0101lais glab\u0101&scaron;anas\/transport\u0113&scaron;anas maisi\u0146&scaron;, kuram ir p\u0101rl\u012bm\u0113tas &scaron;uves un to var izmantot k\u0101 mazu izlietni, kur\u0101 nomazg\u0101t traukus. Kas ir pat\u012bkami, ir tas ka &scaron;aj\u0101 katli\u0146\u0101 var ielikt 220g un 110g g\u0101zes balonus.<\/span><\/p>\n<p><span style=\"color: #800000;font-size: x-small\"><strong>Specifik\u0101cija:<\/strong><\/span><\/p>\n<p><span style=\"font-size: x-small\"><strong>Izmantotie materi\u0101li:<\/strong>&nbsp;Ner\u016bs\u0113jo&scaron;ais t\u0113rauds<br \/><\/span><span style=\"font-size: x-small\"><strong>Komplekta izm\u0113rs:<\/strong>&nbsp;149mm x 149mm x 169mm<br \/><\/span><span style=\"font-size: x-small\"><strong>Katli\u0146a tilpums:&nbsp;<\/strong>1,8 Litrs<br \/><\/span><span style=\"font-size: x-small\"><strong>Komplekta svars:<\/strong>&nbsp;700 grami<\/span><\/p>\n<p><span style=\"font-size: x-small\"><strong><span style=\"color: #800000\">Komplekt\u0101 ietilpst:<\/span><\/strong><\/span><\/p>\n<p><span style=\"font-size: x-small\"><img loading=\"lazy\" decoding=\"async\" src=\"http:\/\/www.virsotne.lv\/userfiles\/image\/ahaa\/gsilogomain.jpg\" alt=\"\" width=\"16\" height=\"15\" \/>&nbsp;1.8 L katls<br \/><\/span><span style=\"font-size: x-small\"><img loading=\"lazy\" decoding=\"async\" src=\"http:\/\/www.virsotne.lv\/userfiles\/image\/ahaa\/gsilogomain.jpg\" alt=\"\" width=\"16\" height=\"15\" \/>&nbsp;V\u0101ks ar nok\u0101&scaron;anas caurumiem<br \/><\/span><span style=\"font-size: x-small\"><img loading=\"lazy\" decoding=\"async\" src=\"http:\/\/www.virsotne.lv\/userfiles\/image\/ahaa\/gsilogomain.jpg\" alt=\"\" width=\"16\" height=\"15\" \/>&nbsp;2x 590 ml b\u013coda ar termo izol\u0101ciju<br \/><\/span><span style=\"font-size: x-small\"><span style=\"font-size: x-small\"><img loading=\"lazy\" decoding=\"async\" src=\"http:\/\/www.virsotne.lv\/userfiles\/image\/ahaa\/gsilogomain.jpg\" alt=\"\" width=\"16\" height=\"15\" \/>&nbsp;2x 590 ml b\u013coda<\/span><br \/><\/span><span style=\"font-size: x-small\"><img loading=\"lazy\" decoding=\"async\" src=\"http:\/\/www.virsotne.lv\/userfiles\/image\/ahaa\/gsilogomain.jpg\" alt=\"\" width=\"16\" height=\"15\" \/>&nbsp;2x Teleskopiska karotdak&scaron;a&nbsp;<br \/><\/span><span style=\"font-size: x-small\"><img loading=\"lazy\" decoding=\"async\" src=\"http:\/\/www.virsotne.lv\/userfiles\/image\/ahaa\/gsilogomain.jpg\" alt=\"\" width=\"16\" height=\"15\" \/>&nbsp;G\u0101zes deg\u013ca maci\u0146&scaron;<br \/><\/span><span style=\"font-size: x-small\"><img loading=\"lazy\" decoding=\"async\" src=\"http:\/\/www.virsotne.lv\/userfiles\/image\/ahaa\/gsilogomain.jpg\" alt=\"\" width=\"16\" height=\"15\" \/>&nbsp;Uzglab\u0101&scaron;anas maisi\u0146&scaron;\/izlietne<\/span><\/p>\n","protected":false},"excerpt":{"rendered":"<p>&Scaron;is iztur\u012bgais un l\u012bdz s\u012bkumiem p\u0101rdom\u0101tais divu personu katli\u0146&scaron; b\u016bs lielisks ce\u013cabiedrs. Izgatavots no ner\u016bs\u0113jo&scaron;\u0101 t\u0113rauda. Komplekt\u0101 eso&scaron;ais v\u0101ci\u0146&scaron; ir apr\u012bkots ar nelieliem caurumi\u0146iem, kas lieti noder\u0113s, ja ir nepiecie&scaron;ams nok\u0101st uzv\u0101r\u012btos d\u0101rze\u0146u, makaronus vai putraimus. \u0112rti atmetams un nofiks\u0113jams rokturis. Komplekt\u0101 ir iek\u013cauta ar\u012b 590ml b\u013codi\u0146a ar neopr\u0113na apvalku, kas saglab\u0101s \u0113diena siltumu. Viena [&hellip;]<\/p>\n","protected":false},"featured_media":0,"template":"","meta":[],"product_brand":[959],"product_cat":[4558,4571,4730],"product_tag":[],"class_list":{"0":"post-76545","1":"product","2":"type-product","3":"status-publish","5":"product_brand-gsi-outdoors","6":"product_cat-for-tourism-recreation","7":"product_cat-dishes-knives-folding-tables-for-tourism-recreation","8":"product_cat-pots-and-pans-dishes-knives-folding-tables-for-tourism-recreation","10":"first","11":"instock","12":"shipping-taxable","13":"purchasable","14":"product-type-simple"},"_links":{"self":[{"href":"https:\/\/sezona.lv\/en\/wp-json\/wp\/v2\/product\/76545","targetHints":{"allow":["GET"]}}],"collection":[{"href":"https:\/\/sezona.lv\/en\/wp-json\/wp\/v2\/product"}],"about":[{"href":"https:\/\/sezona.lv\/en\/wp-json\/wp\/v2\/types\/product"}],"wp:attachment":[{"href":"https:\/\/sezona.lv\/en\/wp-json\/wp\/v2\/media?parent=76545"}],"wp:term":[{"taxonomy":"product_brand","embeddable":true,"href":"https:\/\/sezona.lv\/en\/wp-json\/wp\/v2\/product_brand?post=76545"},{"taxonomy":"product_cat","embeddable":true,"href":"https:\/\/sezona.lv\/en\/wp-json\/wp\/v2\/product_cat?post=76545"},{"taxonomy":"product_tag","embeddable":true,"href":"https:\/\/sezona.lv\/en\/wp-json\/wp\/v2\/product_tag?post=76545"}],"curies":[{"name":"wp","href":"https:\/\/api.w.org\/{rel}","templated":true}]}}