{"id":76546,"date":"2025-07-11T15:49:59","date_gmt":"2025-07-11T12:49:59","guid":{"rendered":"https:\/\/demo8.ecube.lv\/sezona.lv\/products\/gsi-outdoors-trauku-komplekts-halulite-microdualist\/"},"modified":"2025-07-14T14:52:55","modified_gmt":"2025-07-14T11:52:55","slug":"gsi-outdoors-trauku-komplekts-halulite-microdualist","status":"publish","type":"product","link":"https:\/\/sezona.lv\/en\/products\/gsi-outdoors-trauku-komplekts-halulite-microdualist\/","title":{"rendered":"GSI Outdoors Trauku komplekts Halulite Microdualist"},"content":{"rendered":"<div class=\"rte\">\n<p>Mazs, bet p\u0101rdom\u0101ts trauku komplekts div\u0101m person\u0101m.  Anodiz\u0113ts alum\u012bnija katli\u0146&scaron; ar karstumiztur\u012bgu neilona v\u0101ku, kur\u0101 ir  iestr\u0101d\u0101ti nok\u0101&scaron;anas caurumi. \u0112rts nolok\u0101m rokturis. Katli\u0146\u0101 var ietilpt  ne tikai komplekt\u0101 eso&scaron;\u0101s b\u013codi\u0146as un dak&scaron;karotes, bet ar\u012b g\u0101zes  degl\u012bties ar 110 gramu g\u0101zes balonu. Turkl\u0101t mazg\u0101t b\u013codi\u0146as var ar\u012b  uzglab\u0101&scaron;anas somi\u0146\u0101, jo, pateicoties t\u0101s p\u0101rl\u012bm\u0113taj\u0101m &scaron;uv\u0113m, to var  izmantot k\u0101 izlietni. Lielisks komplekts 1-2 person\u0101m nelielos  p\u0101rg\u0101jienos ar minim\u0101lu ekip\u0113juma daudzumu.<\/p>\n<h4>Specifik\u0101cija:<\/h4>\n<p><strong>Materi\u0101ls:<\/strong> Anodiz\u0113ts alum\u012bnijs, BPA-Free Polypropil\u0113ns, Nylon 6-6, Silicone <br \/><strong>Tilpums:<\/strong> 1,4 litri<br \/><strong>Izm\u0113rs:<\/strong> 142 mm x 139 mm x 149 mm<br \/><strong>Svars:<\/strong> 510 grami<\/p>\n<h4>Komplekt\u0101 ietilpst:<\/h4>\n<ul>\n<li>1.4 L katls<\/li>\n<li>V\u0101ks ar nok\u0101&scaron;anas caurumiem<\/li>\n<li>2x 414ml b\u013codas ar izol\u0101ciju un v\u0101ku<\/li>\n<li>2x 414ml b\u013codas\/kr\u016bzes<\/li>\n<li>2x teleskopiskas dak&scaron;karotes<\/li>\n<li>G\u0101zes deg\u013ca masi\u0146&scaron;<\/li>\n<li>Transport\u0113&scaron;anas somi\u0146a\/izlietne<\/li>\n<\/ul>\n<\/div>\n","protected":false},"excerpt":{"rendered":"<p>Mazs, bet p\u0101rdom\u0101ts trauku komplekts div\u0101m person\u0101m. Anodiz\u0113ts alum\u012bnija katli\u0146&scaron; ar karstumiztur\u012bgu neilona v\u0101ku, kur\u0101 ir iestr\u0101d\u0101ti nok\u0101&scaron;anas caurumi. \u0112rts nolok\u0101m rokturis. Katli\u0146\u0101 var ietilpt ne tikai komplekt\u0101 eso&scaron;\u0101s b\u013codi\u0146as un dak&scaron;karotes, bet ar\u012b g\u0101zes degl\u012bties ar 110 gramu g\u0101zes balonu. Turkl\u0101t mazg\u0101t b\u013codi\u0146as var ar\u012b uzglab\u0101&scaron;anas somi\u0146\u0101, jo, pateicoties t\u0101s p\u0101rl\u012bm\u0113taj\u0101m &scaron;uv\u0113m, to var [&hellip;]<\/p>\n","protected":false},"featured_media":61854,"template":"","meta":[],"product_brand":[959],"product_cat":[4558,4571,4730],"product_tag":[],"class_list":{"0":"post-76546","1":"product","2":"type-product","3":"status-publish","4":"has-post-thumbnail","6":"product_brand-gsi-outdoors","7":"product_cat-for-tourism-recreation","8":"product_cat-dishes-knives-folding-tables-for-tourism-recreation","9":"product_cat-pots-and-pans-dishes-knives-folding-tables-for-tourism-recreation","11":"first","12":"instock","13":"shipping-taxable","14":"purchasable","15":"product-type-simple"},"_links":{"self":[{"href":"https:\/\/sezona.lv\/en\/wp-json\/wp\/v2\/product\/76546","targetHints":{"allow":["GET"]}}],"collection":[{"href":"https:\/\/sezona.lv\/en\/wp-json\/wp\/v2\/product"}],"about":[{"href":"https:\/\/sezona.lv\/en\/wp-json\/wp\/v2\/types\/product"}],"wp:featuredmedia":[{"embeddable":true,"href":"https:\/\/sezona.lv\/en\/wp-json\/wp\/v2\/media\/61854"}],"wp:attachment":[{"href":"https:\/\/sezona.lv\/en\/wp-json\/wp\/v2\/media?parent=76546"}],"wp:term":[{"taxonomy":"product_brand","embeddable":true,"href":"https:\/\/sezona.lv\/en\/wp-json\/wp\/v2\/product_brand?post=76546"},{"taxonomy":"product_cat","embeddable":true,"href":"https:\/\/sezona.lv\/en\/wp-json\/wp\/v2\/product_cat?post=76546"},{"taxonomy":"product_tag","embeddable":true,"href":"https:\/\/sezona.lv\/en\/wp-json\/wp\/v2\/product_tag?post=76546"}],"curies":[{"name":"wp","href":"https:\/\/api.w.org\/{rel}","templated":true}]}}