{"id":76547,"date":"2025-07-11T15:50:00","date_gmt":"2025-07-11T12:50:00","guid":{"rendered":"https:\/\/demo8.ecube.lv\/sezona.lv\/products\/gsi-outdoors-trauku-komplekts-pinnacle-backpacker\/"},"modified":"2025-07-14T14:52:56","modified_gmt":"2025-07-14T11:52:56","slug":"gsi-outdoors-trauku-komplekts-pinnacle-backpacker","status":"publish","type":"product","link":"https:\/\/sezona.lv\/en\/products\/gsi-outdoors-trauku-komplekts-pinnacle-backpacker\/","title":{"rendered":"GSI Outdoors Trauku komplekts Pinnacle Backpacker"},"content":{"rendered":"<div class=\"rte\">\n<p>\u013boti kompakts un piln\u012bb\u0101 apr\u012bkots divu personu  trauku komplekts. Ietilp\u012bgs divu litru katls b\u016bs gana \u0113rts, lai  pagatavotu pusdienas vai vakari\u0146as. Panna ar Teflon&reg; Radiance p\u0101rkl\u0101jumu  b\u016bs k\u0101 rad\u012bta r\u012bta omletei. Traukus ir \u0113rti nomazg\u0101t komplekta  uzglab\u0101&scaron;anas\/transport\u0113&scaron;anas somi\u0146\u0101, jo t\u0101 kalpo k\u0101 saliekama izlietne,  pateicoties p\u0101rl\u012bm\u0113taj\u0101m v\u012bl\u0113m. Komplekt\u0101 ir iek\u013cautas ar\u012b \u010detras  kr\u016bzes\/b\u013codas &#8211; divas ar termo izol\u0101ciju un v\u0101ku, divas &#8211; bez. &Scaron;is  komplekts ir ide\u0101ls vair\u0101ku dienu p\u0101rg\u0101jieniem. Pinnacle s\u0113rijas trauki  ir ar Teflon&reg; Radiance p\u0101rkl\u0101jumu. &Scaron;\u012b tehnolo\u0123ija ir \u012bpa&scaron;i izstr\u0101d\u0101ta  kempingu un b\u0101zes nomet\u0146u virtuv\u0113m. Tr\u012bs sl\u0101\u0146u p\u0101rkl\u0101jums ir rad\u012bts, lai  iztur\u0113tu ilgu abraz\u012bvu materi\u0101lu iedarb\u012bbu. Trauki ar &scaron;o tehnolo\u0123iju  uzkarst par 25% \u0101tr\u0101k, kas noz\u012bm\u0113 maz\u0101ku g\u0101zes vai degvielas pat\u0113ri\u0146u.<\/p>\n<h4>Specifik\u0101cija:<\/h4>\n<p><strong> Izmantotie materi\u0101li:<\/strong> Non-Stick Coated, Hard Anodized Aluminum, Clear Polypropylene, Nylon 6-6 <br \/><strong>Komplekta izm\u0113rs:<\/strong> 208 mm x 208 mm x 137 mm <br \/><strong>Katli\u0146a tilpums:<\/strong> 2 Litri<br \/><strong>Komplekta svars:<\/strong> 816 grami<\/p>\n<h4>Komplekt\u0101 ietilpst:<\/h4>\n<ul>\n<li>2 L katls<\/li>\n<li>20 cm panna<\/li>\n<li>V\u0101ks ar nok\u0101&scaron;anas caurumiem<\/li>\n<li>2x 414 ml b\u013codas ar termo izol\u0101ciju un v\u0101ku<\/li>\n<li>2x 414 ml b\u013codas<\/li>\n<li>Salok\u0101ms katla\/pannas roktur\u012btis<\/li>\n<li>Uzglab\u0101&scaron;anas maisi\u0146&scaron;\/izlietne<\/li>\n<\/ul>\n<\/div>\n","protected":false},"excerpt":{"rendered":"<p>\u013boti kompakts un piln\u012bb\u0101 apr\u012bkots divu personu trauku komplekts. Ietilp\u012bgs divu litru katls b\u016bs gana \u0113rts, lai pagatavotu pusdienas vai vakari\u0146as. Panna ar Teflon&reg; Radiance p\u0101rkl\u0101jumu b\u016bs k\u0101 rad\u012bta r\u012bta omletei. Traukus ir \u0113rti nomazg\u0101t komplekta uzglab\u0101&scaron;anas\/transport\u0113&scaron;anas somi\u0146\u0101, jo t\u0101 kalpo k\u0101 saliekama izlietne, pateicoties p\u0101rl\u012bm\u0113taj\u0101m v\u012bl\u0113m. Komplekt\u0101 ir iek\u013cautas ar\u012b \u010detras kr\u016bzes\/b\u013codas &#8211; divas [&hellip;]<\/p>\n","protected":false},"featured_media":61863,"template":"","meta":[],"product_brand":[959],"product_cat":[4558,4571,4730],"product_tag":[],"class_list":{"0":"post-76547","1":"product","2":"type-product","3":"status-publish","4":"has-post-thumbnail","6":"product_brand-gsi-outdoors","7":"product_cat-for-tourism-recreation","8":"product_cat-dishes-knives-folding-tables-for-tourism-recreation","9":"product_cat-pots-and-pans-dishes-knives-folding-tables-for-tourism-recreation","11":"first","12":"instock","13":"shipping-taxable","14":"purchasable","15":"product-type-simple"},"_links":{"self":[{"href":"https:\/\/sezona.lv\/en\/wp-json\/wp\/v2\/product\/76547","targetHints":{"allow":["GET"]}}],"collection":[{"href":"https:\/\/sezona.lv\/en\/wp-json\/wp\/v2\/product"}],"about":[{"href":"https:\/\/sezona.lv\/en\/wp-json\/wp\/v2\/types\/product"}],"wp:featuredmedia":[{"embeddable":true,"href":"https:\/\/sezona.lv\/en\/wp-json\/wp\/v2\/media\/61863"}],"wp:attachment":[{"href":"https:\/\/sezona.lv\/en\/wp-json\/wp\/v2\/media?parent=76547"}],"wp:term":[{"taxonomy":"product_brand","embeddable":true,"href":"https:\/\/sezona.lv\/en\/wp-json\/wp\/v2\/product_brand?post=76547"},{"taxonomy":"product_cat","embeddable":true,"href":"https:\/\/sezona.lv\/en\/wp-json\/wp\/v2\/product_cat?post=76547"},{"taxonomy":"product_tag","embeddable":true,"href":"https:\/\/sezona.lv\/en\/wp-json\/wp\/v2\/product_tag?post=76547"}],"curies":[{"name":"wp","href":"https:\/\/api.w.org\/{rel}","templated":true}]}}