{"id":76548,"date":"2025-07-11T15:50:03","date_gmt":"2025-07-11T12:50:03","guid":{"rendered":"https:\/\/demo8.ecube.lv\/sezona.lv\/products\/gsi-outdoors-trauku-komplekts-pinnacle-dualist\/"},"modified":"2025-07-14T14:52:57","modified_gmt":"2025-07-14T11:52:57","slug":"gsi-outdoors-trauku-komplekts-pinnacle-dualist","status":"publish","type":"product","link":"https:\/\/sezona.lv\/en\/products\/gsi-outdoors-trauku-komplekts-pinnacle-dualist\/","title":{"rendered":"GSI Outdoors Trauku komplekts Pinnacle Dualist"},"content":{"rendered":"<div class=\"rte\">\n<p>&Scaron;is iztur\u012bgais un l\u012bdz s\u012bkumiem p\u0101rdom\u0101tais divu  personu alum\u012bnija katli\u0146&scaron; b\u016bs lielisks ce\u013cabiedrs. Izgatavots no  anodiz\u0113ta alum\u012bnija. Komplekt\u0101 eso&scaron;ais karstumiztur\u012bgais neilona v\u0101ci\u0146&scaron;  ir apr\u012bkots ar nelieliem caurumi\u0146iem, kas lieti noder\u0113s, ja ir  nepiecie&scaron;ams nok\u0101st uzv\u0101r\u012btos d\u0101rze\u0146us, makaronus vai putraimus. \u0112rti  atmetams un nofiks\u0113jams rokturis. Komplekt\u0101 ir iek\u013cauta ar\u012b 590 ml  b\u013codi\u0146a ar neopr\u0113na apvalku, kas saglab\u0101s \u0113diena siltumu. Viena no  inovat\u012bv\u0101kaj\u0101m liet\u0101m ir unik\u0101lais glab\u0101&scaron;anas\/transport\u0113&scaron;anas maisi\u0146&scaron;,  kuram ir p\u0101rl\u012bm\u0113tas &scaron;uves un to var izmantot k\u0101 mazu izlietni, kur\u0101  nomazg\u0101t traukus. Kas ir pat\u012bkami, ir tas, ka &scaron;aj\u0101 katli\u0146\u0101 var ielikt  220 gramu un 110 gramu g\u0101zes balonus. Pinnacle s\u0113rijas trauki ir ar  Teflon&reg; Radiance p\u0101rkl\u0101jumu. &Scaron;\u012b tehnolo\u0123ija ir \u012bpa&scaron;i izstr\u0101d\u0101ta kempingu  un b\u0101zes nomet\u0146u virtuv\u0113m. Tr\u012bs sl\u0101\u0146u p\u0101rkl\u0101jums ir rad\u012bts, lai  iztur\u0113tu ilgu abraz\u012bvu materi\u0101lu iedarb\u012bbu. Trauki ar &scaron;o tehnolo\u0123iju  uzkarst par 25% \u0101tr\u0101k, kas noz\u012bm\u0113 maz\u0101ku g\u0101zes vai degvielas pat\u0113ri\u0146u.<\/p>\n<h4>Specifik\u0101cija:<\/h4>\n<p><strong>Izmantotie materi\u0101li:<\/strong> Non-Stick Coated, Hard Anodized Aluminum, Clear Polypropylene, Nylon 6-6 <br \/><strong>Komplekta izm\u0113rs:<\/strong> 149 mm x 149 mm x 169 mm <br \/><strong>Katli\u0146a tilpums:<\/strong> 1,8 Litrs <br \/><strong>Komplekta svars:<\/strong> 612 grami<\/p>\n<h4>Komplekt\u0101 ietilpst:<\/h4>\n<ul>\n<li>1.8 L katls<\/li>\n<li>V\u0101ks ar nok\u0101&scaron;anas caurumiem<\/li>\n<li>2x 590 ml b\u013codas ar termo izol\u0101ciju<\/li>\n<li>2x 590 ml b\u013codas<\/li>\n<li>2x teleskopiskas karotdak&scaron;as<\/li>\n<li>G\u0101zes deg\u013ca maci\u0146&scaron;<\/li>\n<li>Uzglab\u0101&scaron;anas maisi\u0146&scaron;\/izlietne<\/li>\n<\/ul>\n<\/div>\n","protected":false},"excerpt":{"rendered":"<p>&Scaron;is iztur\u012bgais un l\u012bdz s\u012bkumiem p\u0101rdom\u0101tais divu personu alum\u012bnija katli\u0146&scaron; b\u016bs lielisks ce\u013cabiedrs. Izgatavots no anodiz\u0113ta alum\u012bnija. Komplekt\u0101 eso&scaron;ais karstumiztur\u012bgais neilona v\u0101ci\u0146&scaron; ir apr\u012bkots ar nelieliem caurumi\u0146iem, kas lieti noder\u0113s, ja ir nepiecie&scaron;ams nok\u0101st uzv\u0101r\u012btos d\u0101rze\u0146us, makaronus vai putraimus. \u0112rti atmetams un nofiks\u0113jams rokturis. Komplekt\u0101 ir iek\u013cauta ar\u012b 590 ml b\u013codi\u0146a ar neopr\u0113na apvalku, kas [&hellip;]<\/p>\n","protected":false},"featured_media":61872,"template":"","meta":[],"product_brand":[959],"product_cat":[4558,4571,4730],"product_tag":[],"class_list":{"0":"post-76548","1":"product","2":"type-product","3":"status-publish","4":"has-post-thumbnail","6":"product_brand-gsi-outdoors","7":"product_cat-for-tourism-recreation","8":"product_cat-dishes-knives-folding-tables-for-tourism-recreation","9":"product_cat-pots-and-pans-dishes-knives-folding-tables-for-tourism-recreation","11":"first","12":"instock","13":"shipping-taxable","14":"purchasable","15":"product-type-simple"},"_links":{"self":[{"href":"https:\/\/sezona.lv\/en\/wp-json\/wp\/v2\/product\/76548","targetHints":{"allow":["GET"]}}],"collection":[{"href":"https:\/\/sezona.lv\/en\/wp-json\/wp\/v2\/product"}],"about":[{"href":"https:\/\/sezona.lv\/en\/wp-json\/wp\/v2\/types\/product"}],"wp:featuredmedia":[{"embeddable":true,"href":"https:\/\/sezona.lv\/en\/wp-json\/wp\/v2\/media\/61872"}],"wp:attachment":[{"href":"https:\/\/sezona.lv\/en\/wp-json\/wp\/v2\/media?parent=76548"}],"wp:term":[{"taxonomy":"product_brand","embeddable":true,"href":"https:\/\/sezona.lv\/en\/wp-json\/wp\/v2\/product_brand?post=76548"},{"taxonomy":"product_cat","embeddable":true,"href":"https:\/\/sezona.lv\/en\/wp-json\/wp\/v2\/product_cat?post=76548"},{"taxonomy":"product_tag","embeddable":true,"href":"https:\/\/sezona.lv\/en\/wp-json\/wp\/v2\/product_tag?post=76548"}],"curies":[{"name":"wp","href":"https:\/\/api.w.org\/{rel}","templated":true}]}}