{"id":76551,"date":"2025-07-11T15:50:11","date_gmt":"2025-07-11T12:50:11","guid":{"rendered":"https:\/\/demo8.ecube.lv\/sezona.lv\/products\/gsi-outdoors-trauku-komplekts-pinnacle-base-camper-large\/"},"modified":"2025-07-14T14:52:59","modified_gmt":"2025-07-14T11:52:59","slug":"gsi-outdoors-trauku-komplekts-pinnacle-base-camper-large","status":"publish","type":"product","link":"https:\/\/sezona.lv\/en\/products\/gsi-outdoors-trauku-komplekts-pinnacle-base-camper-large\/","title":{"rendered":"GSI Outdoors Trauku komplekts Pinnacle Base Camper Large"},"content":{"rendered":"<div class=\"rte\">\n<p>P\u0101rdom\u0101ti un viegli lietojami katli ir nepiecie&scaron;ami  jebkur\u0101 outdoor virtuv\u0113. &Scaron;is katlu komplekts ir izgatavots no anodiz\u0113ta  alum\u012bnija ar Teflon&reg; Radiance p\u0101rkl\u0101jumu, kas nodro&scaron;ina lielu  nodilumiztur\u012bbu un samazina degvielas pat\u0113ri\u0146u, jo uzsilst par 25% \u0101tr\u0101k  nek\u0101 klasiskais Non-Stick p\u0101rkl\u0101jums. Katlu v\u0101ki ir apr\u012bkoti ar  nok\u0101&scaron;anas caurumiem. \u0112rt\u0101kai lieto&scaron;anai un kompakt\u0101kai transport\u0113&scaron;anai,  &scaron;im katlu komplektam ir no\u0146emams roktur\u012btis, kuru var pielikt kl\u0101t ar\u012b  komplekt\u0101 eso&scaron;ai pannai. Katlu un pannas pamatne ir ar spir\u0101lveid\u012bg\u0101m  grop\u0113m, kas nodro&scaron;in\u0101s stabilit\u0101ti uz deg\u013ca vai pl\u012bti\u0146as. Ar\u012b nomazg\u0101t  &scaron;os traukus b\u016bs viegli un \u0113rti pateicoties glab\u0101&scaron;anas somi\u0146ai ar  p\u0101rl\u012bm\u0113t\u0101m &scaron;uv\u0113m, kuru var izmantot k\u0101 mobilo izlietni. Pinnacle s\u0113rijas  trauki ir ar Teflon&reg; Radiance p\u0101rkl\u0101jumu. &Scaron;\u012b tehnolo\u0123ija ir \u012bpa&scaron;i  izstr\u0101d\u0101ta kempingu un b\u0101zes nomet\u0146u virtuv\u0113m. Tr\u012bs sl\u0101\u0146u p\u0101rkl\u0101jums ir  rad\u012bts, lai iztur\u0113tu ilgu abraz\u012bvu materi\u0101lu iedarb\u012bbu. Trauki ar &scaron;o  tehnolo\u0123iju uzkarst par 25% \u0101tr\u0101k, kas noz\u012bm\u0113 maz\u0101ku g\u0101zes vai degvielas  pat\u0113ri\u0146u.<\/p>\n<h4>Specifik\u0101cija:<\/h4>\n<p><strong>Materi\u0101ls:<\/strong> Non-Stick Coated, Hard Anodized Aluminum, Nylon 6-6, Silicone <br \/><strong>Izm\u0113rs:<\/strong> 254 mm x 254 mm x 152 mm <br \/><strong>Tilpums:<\/strong> 5L un 3L <br \/><strong>Svars:<\/strong> 1559 grami <br \/><strong>Personu skaits:<\/strong> 4+<\/p>\n<h4>Komplekt\u0101 ietilpst:<\/h4>\n<ul>\n<li>5 L katls,<\/li>\n<li>3 L katls<\/li>\n<li>23 cm panna<\/li>\n<li>2 v\u0101ki ar nok\u0101&scaron;anas caurumiem<\/li>\n<li>Grie\u017eamais d\u0113l\u012btis<\/li>\n<li>Salok\u0101ms katlu rokturis<\/li>\n<li>Saliekama izlietne\/uzglab\u0101&scaron;anas maisi\u0146&scaron;<\/li>\n<\/ul>\n<\/div>\n","protected":false},"excerpt":{"rendered":"<p>P\u0101rdom\u0101ti un viegli lietojami katli ir nepiecie&scaron;ami jebkur\u0101 outdoor virtuv\u0113. &Scaron;is katlu komplekts ir izgatavots no anodiz\u0113ta alum\u012bnija ar Teflon&reg; Radiance p\u0101rkl\u0101jumu, kas nodro&scaron;ina lielu nodilumiztur\u012bbu un samazina degvielas pat\u0113ri\u0146u, jo uzsilst par 25% \u0101tr\u0101k nek\u0101 klasiskais Non-Stick p\u0101rkl\u0101jums. Katlu v\u0101ki ir apr\u012bkoti ar nok\u0101&scaron;anas caurumiem. \u0112rt\u0101kai lieto&scaron;anai un kompakt\u0101kai transport\u0113&scaron;anai, &scaron;im katlu komplektam ir [&hellip;]<\/p>\n","protected":false},"featured_media":61899,"template":"","meta":[],"product_brand":[959],"product_cat":[4558,4571,4730],"product_tag":[],"class_list":{"0":"post-76551","1":"product","2":"type-product","3":"status-publish","4":"has-post-thumbnail","6":"product_brand-gsi-outdoors","7":"product_cat-for-tourism-recreation","8":"product_cat-dishes-knives-folding-tables-for-tourism-recreation","9":"product_cat-pots-and-pans-dishes-knives-folding-tables-for-tourism-recreation","11":"first","12":"instock","13":"shipping-taxable","14":"purchasable","15":"product-type-simple"},"_links":{"self":[{"href":"https:\/\/sezona.lv\/en\/wp-json\/wp\/v2\/product\/76551","targetHints":{"allow":["GET"]}}],"collection":[{"href":"https:\/\/sezona.lv\/en\/wp-json\/wp\/v2\/product"}],"about":[{"href":"https:\/\/sezona.lv\/en\/wp-json\/wp\/v2\/types\/product"}],"wp:featuredmedia":[{"embeddable":true,"href":"https:\/\/sezona.lv\/en\/wp-json\/wp\/v2\/media\/61899"}],"wp:attachment":[{"href":"https:\/\/sezona.lv\/en\/wp-json\/wp\/v2\/media?parent=76551"}],"wp:term":[{"taxonomy":"product_brand","embeddable":true,"href":"https:\/\/sezona.lv\/en\/wp-json\/wp\/v2\/product_brand?post=76551"},{"taxonomy":"product_cat","embeddable":true,"href":"https:\/\/sezona.lv\/en\/wp-json\/wp\/v2\/product_cat?post=76551"},{"taxonomy":"product_tag","embeddable":true,"href":"https:\/\/sezona.lv\/en\/wp-json\/wp\/v2\/product_tag?post=76551"}],"curies":[{"name":"wp","href":"https:\/\/api.w.org\/{rel}","templated":true}]}}