{"id":76553,"date":"2025-07-14T14:53:01","date_gmt":"2025-07-14T11:53:01","guid":{"rendered":"https:\/\/demo8.ecube.lv\/sezona.lv\/products\/gsi-outdoors-kruze-glacier-stainless-bottle-cup-pot\/"},"modified":"2025-07-14T14:53:01","modified_gmt":"2025-07-14T11:53:01","slug":"gsi-outdoors-kruze-glacier-stainless-bottle-cup-pot","status":"publish","type":"product","link":"https:\/\/sezona.lv\/en\/products\/gsi-outdoors-kruze-glacier-stainless-bottle-cup-pot\/","title":{"rendered":"GSI Outdoors Kr\u016bze Glacier Stainless Bottle Cup\/Pot"},"content":{"rendered":"<div class=\"rte\">\n<p>Speci\u0101li izstr\u0101d\u0101ts katli\u0146&scaron;\/kr\u016bze, kas der\u0113tu 100g  g\u0101zes balonam vai der\u0113tu virs\u016b t\u016brisma 1L \u016bdens pudelei. Pateicoties  nolok\u0101majiem roktur\u012b&scaron;iem, kr\u016bze aiz\u0146ems maz\u0101k vietas.<\/p>\n<h4>Specifik\u0101cija:<\/h4>\n<p><strong>Materi\u0101ls:<\/strong> Ner\u016bs\u0113jo&scaron;ais t\u0113rauds <br \/><strong>Tilpums:<\/strong> Small &#8211; 590 ml; Large &#8211; 709 ml <br \/><strong>Izm\u0113rs:<\/strong> Small &#8211; 106 mm x 106 mm x 8 9mm; Large &#8211; 124 mm x 134 mm x 124 mm <br \/><strong>Svars:<\/strong> Small &#8211; 139 grami; Large &#8211; 226 grami<\/p>\n<\/div>\n","protected":false},"excerpt":{"rendered":"<p>Speci\u0101li izstr\u0101d\u0101ts katli\u0146&scaron;\/kr\u016bze, kas der\u0113tu 100g g\u0101zes balonam vai der\u0113tu virs\u016b t\u016brisma 1L \u016bdens pudelei. Pateicoties nolok\u0101majiem roktur\u012b&scaron;iem, kr\u016bze aiz\u0146ems maz\u0101k vietas. Specifik\u0101cija: Materi\u0101ls: Ner\u016bs\u0113jo&scaron;ais t\u0113rauds Tilpums: Small &#8211; 590 ml; Large &#8211; 709 ml Izm\u0113rs: Small &#8211; 106 mm x 106 mm x 8 9mm; Large &#8211; 124 mm x 134 mm x 124 [&hellip;]<\/p>\n","protected":false},"featured_media":0,"template":"","meta":[],"product_brand":[959],"product_cat":[4558,4571,4640,4731],"product_tag":[],"class_list":{"0":"post-76553","1":"product","2":"type-product","3":"status-publish","5":"product_brand-gsi-outdoors","6":"product_cat-for-tourism-recreation","7":"product_cat-dishes-knives-folding-tables-for-tourism-recreation","8":"product_cat-recreation","9":"product_cat-mugs-flasks-dishes-knives-folding-tables-for-tourism-recreation","11":"first","12":"instock","13":"shipping-taxable","14":"purchasable","15":"product-type-simple"},"_links":{"self":[{"href":"https:\/\/sezona.lv\/en\/wp-json\/wp\/v2\/product\/76553","targetHints":{"allow":["GET"]}}],"collection":[{"href":"https:\/\/sezona.lv\/en\/wp-json\/wp\/v2\/product"}],"about":[{"href":"https:\/\/sezona.lv\/en\/wp-json\/wp\/v2\/types\/product"}],"wp:attachment":[{"href":"https:\/\/sezona.lv\/en\/wp-json\/wp\/v2\/media?parent=76553"}],"wp:term":[{"taxonomy":"product_brand","embeddable":true,"href":"https:\/\/sezona.lv\/en\/wp-json\/wp\/v2\/product_brand?post=76553"},{"taxonomy":"product_cat","embeddable":true,"href":"https:\/\/sezona.lv\/en\/wp-json\/wp\/v2\/product_cat?post=76553"},{"taxonomy":"product_tag","embeddable":true,"href":"https:\/\/sezona.lv\/en\/wp-json\/wp\/v2\/product_tag?post=76553"}],"curies":[{"name":"wp","href":"https:\/\/api.w.org\/{rel}","templated":true}]}}