{"id":76554,"date":"2025-07-11T15:50:16","date_gmt":"2025-07-11T12:50:16","guid":{"rendered":"https:\/\/demo8.ecube.lv\/sezona.lv\/products\/gsi-outdoors-katls-halulite-1-8-l-boiler\/"},"modified":"2025-07-14T14:53:02","modified_gmt":"2025-07-14T11:53:02","slug":"gsi-outdoors-katls-halulite-1-8-l-boiler","status":"publish","type":"product","link":"https:\/\/sezona.lv\/en\/products\/gsi-outdoors-katls-halulite-1-8-l-boiler\/","title":{"rendered":"GSI Outdoors Katls Halulite 1.8 L Boiler"},"content":{"rendered":"<div class=\"rte\">\n<p>Lielisks p\u0101rg\u0101jienu katli\u0146&scaron; ar nolok\u0101mu rokturi  div\u0101m person\u0101m. Izgatavots no anodiz\u0113ta alum\u012bnija. Taj\u0101 ietilpst 230  gramu g\u0101zes balons kop\u0101 ar kompaktu g\u0101zes degli, t\u0101d\u0113j\u0101di padarot  lielisku p\u0101rg\u0101jienu gatavo&scaron;anas komplektu, kas neaiz\u0146ems daudz vietas un  b\u016bs \u0113rti lietojams.<\/p>\n<h4>Specifik\u0101cija:<\/h4>\n<p><strong>Materi\u0101ls:<\/strong> Anodiz\u0113ts alum\u012bnijs<br \/><strong>Izm\u0113rs:<\/strong> 147 mm x 152 mm x 142 mm <br \/><strong>Tilpums:<\/strong> 1,8 Litrs <br \/><strong>Svars:<\/strong> 312 grami<\/p>\n<h4>Raksturojums:<\/h4>\n<ul>\n<li>Anodiz\u0113ts alum\u012bnijs<\/li>\n<li>Nolok\u0101ms rokturis<\/li>\n<li>Komplekt\u0101 uzglab\u0101&scaron;anas maisi\u0146&scaron;<\/li>\n<li>Tilpuma atz\u012bmes<\/li>\n<\/ul>\n<\/div>\n","protected":false},"excerpt":{"rendered":"<p>Lielisks p\u0101rg\u0101jienu katli\u0146&scaron; ar nolok\u0101mu rokturi div\u0101m person\u0101m. Izgatavots no anodiz\u0113ta alum\u012bnija. Taj\u0101 ietilpst 230 gramu g\u0101zes balons kop\u0101 ar kompaktu g\u0101zes degli, t\u0101d\u0113j\u0101di padarot lielisku p\u0101rg\u0101jienu gatavo&scaron;anas komplektu, kas neaiz\u0146ems daudz vietas un b\u016bs \u0113rti lietojams. Specifik\u0101cija: Materi\u0101ls: Anodiz\u0113ts alum\u012bnijsIzm\u0113rs: 147 mm x 152 mm x 142 mm Tilpums: 1,8 Litrs Svars: 312 grami [&hellip;]<\/p>\n","protected":false},"featured_media":61917,"template":"","meta":[],"product_brand":[959],"product_cat":[4558,4571,4730],"product_tag":[],"class_list":{"0":"post-76554","1":"product","2":"type-product","3":"status-publish","4":"has-post-thumbnail","6":"product_brand-gsi-outdoors","7":"product_cat-for-tourism-recreation","8":"product_cat-dishes-knives-folding-tables-for-tourism-recreation","9":"product_cat-pots-and-pans-dishes-knives-folding-tables-for-tourism-recreation","11":"first","12":"instock","13":"shipping-taxable","14":"purchasable","15":"product-type-simple"},"_links":{"self":[{"href":"https:\/\/sezona.lv\/en\/wp-json\/wp\/v2\/product\/76554","targetHints":{"allow":["GET"]}}],"collection":[{"href":"https:\/\/sezona.lv\/en\/wp-json\/wp\/v2\/product"}],"about":[{"href":"https:\/\/sezona.lv\/en\/wp-json\/wp\/v2\/types\/product"}],"wp:featuredmedia":[{"embeddable":true,"href":"https:\/\/sezona.lv\/en\/wp-json\/wp\/v2\/media\/61917"}],"wp:attachment":[{"href":"https:\/\/sezona.lv\/en\/wp-json\/wp\/v2\/media?parent=76554"}],"wp:term":[{"taxonomy":"product_brand","embeddable":true,"href":"https:\/\/sezona.lv\/en\/wp-json\/wp\/v2\/product_brand?post=76554"},{"taxonomy":"product_cat","embeddable":true,"href":"https:\/\/sezona.lv\/en\/wp-json\/wp\/v2\/product_cat?post=76554"},{"taxonomy":"product_tag","embeddable":true,"href":"https:\/\/sezona.lv\/en\/wp-json\/wp\/v2\/product_tag?post=76554"}],"curies":[{"name":"wp","href":"https:\/\/api.w.org\/{rel}","templated":true}]}}