{"id":76557,"date":"2025-07-11T15:50:21","date_gmt":"2025-07-11T12:50:21","guid":{"rendered":"https:\/\/demo8.ecube.lv\/sezona.lv\/products\/gsi-outdoors-katls-halulite-4-7-l-boiler\/"},"modified":"2025-07-14T14:53:05","modified_gmt":"2025-07-14T11:53:05","slug":"gsi-outdoors-katls-halulite-4-7-l-boiler","status":"publish","type":"product","link":"https:\/\/sezona.lv\/en\/products\/gsi-outdoors-katls-halulite-4-7-l-boiler\/","title":{"rendered":"GSI Outdoors Katls Halulite 4,7 L Boiler"},"content":{"rendered":"<div class=\"rte\">\n<p>Liels \u0123imenes katls ar \u0113rti nolok\u0101miem rokturiem.  Izgatavots no anodiz\u0113ta alum\u012bnija. Katla v\u0101k\u0101 ir iestr\u0101d\u0101ti caurumi un  speci\u0101li nekarsto&scaron;i \u012bk&scaron;\u0137u atbalsta punkti, lai b\u016btu \u0113rt\u0101k nok\u0101st  uzv\u0101r\u012btos produktus. Spir\u0101lveid\u012bgs reljefs katla pamatn\u0113 nodro&scaron;ina  teicamu stabilit\u0101ti uz deg\u013ca.<\/p>\n<h4>Specifik\u0101cija:<\/h4>\n<p><strong> Materi\u0101ls:<\/strong> Anodiz\u0113ts alum\u012bnijs <br \/><strong>Izm\u0113rs:<\/strong> 264 mm x 264 mm x 213 mm <br \/><strong>Tilpums:<\/strong> 4.7 Litrs <br \/><strong>Svars:<\/strong> 629 grami<\/p>\n<h4>Raksturojums:<\/h4>\n<ul>\n<li>Anodiz\u0113ts alum\u012bnijs<\/li>\n<li>Nolok\u0101mi rokturi<\/li>\n<li>Komplekt\u0101 uzglab\u0101&scaron;anas maisi\u0146&scaron;<\/li>\n<li>Tilpuma atz\u012bmes<\/li>\n<li>Nok\u0101&scaron;anas caurumi<\/li>\n<\/ul>\n<\/div>\n","protected":false},"excerpt":{"rendered":"<p>Liels \u0123imenes katls ar \u0113rti nolok\u0101miem rokturiem. Izgatavots no anodiz\u0113ta alum\u012bnija. Katla v\u0101k\u0101 ir iestr\u0101d\u0101ti caurumi un speci\u0101li nekarsto&scaron;i \u012bk&scaron;\u0137u atbalsta punkti, lai b\u016btu \u0113rt\u0101k nok\u0101st uzv\u0101r\u012btos produktus. Spir\u0101lveid\u012bgs reljefs katla pamatn\u0113 nodro&scaron;ina teicamu stabilit\u0101ti uz deg\u013ca. Specifik\u0101cija: Materi\u0101ls: Anodiz\u0113ts alum\u012bnijs Izm\u0113rs: 264 mm x 264 mm x 213 mm Tilpums: 4.7 Litrs Svars: 629 [&hellip;]<\/p>\n","protected":false},"featured_media":61944,"template":"","meta":[],"product_brand":[959],"product_cat":[4558,4571,4730],"product_tag":[],"class_list":{"0":"post-76557","1":"product","2":"type-product","3":"status-publish","4":"has-post-thumbnail","6":"product_brand-gsi-outdoors","7":"product_cat-for-tourism-recreation","8":"product_cat-dishes-knives-folding-tables-for-tourism-recreation","9":"product_cat-pots-and-pans-dishes-knives-folding-tables-for-tourism-recreation","11":"first","12":"instock","13":"shipping-taxable","14":"purchasable","15":"product-type-simple"},"_links":{"self":[{"href":"https:\/\/sezona.lv\/en\/wp-json\/wp\/v2\/product\/76557","targetHints":{"allow":["GET"]}}],"collection":[{"href":"https:\/\/sezona.lv\/en\/wp-json\/wp\/v2\/product"}],"about":[{"href":"https:\/\/sezona.lv\/en\/wp-json\/wp\/v2\/types\/product"}],"wp:featuredmedia":[{"embeddable":true,"href":"https:\/\/sezona.lv\/en\/wp-json\/wp\/v2\/media\/61944"}],"wp:attachment":[{"href":"https:\/\/sezona.lv\/en\/wp-json\/wp\/v2\/media?parent=76557"}],"wp:term":[{"taxonomy":"product_brand","embeddable":true,"href":"https:\/\/sezona.lv\/en\/wp-json\/wp\/v2\/product_brand?post=76557"},{"taxonomy":"product_cat","embeddable":true,"href":"https:\/\/sezona.lv\/en\/wp-json\/wp\/v2\/product_cat?post=76557"},{"taxonomy":"product_tag","embeddable":true,"href":"https:\/\/sezona.lv\/en\/wp-json\/wp\/v2\/product_tag?post=76557"}],"curies":[{"name":"wp","href":"https:\/\/api.w.org\/{rel}","templated":true}]}}