{"id":76558,"date":"2025-07-11T15:50:22","date_gmt":"2025-07-11T12:50:22","guid":{"rendered":"https:\/\/demo8.ecube.lv\/sezona.lv\/products\/primus-katls-titech-0-6l\/"},"modified":"2025-07-14T14:53:06","modified_gmt":"2025-07-14T11:53:06","slug":"primus-katls-titech-0-6l","status":"publish","type":"product","link":"https:\/\/sezona.lv\/en\/products\/primus-katls-titech-0-6l\/","title":{"rendered":"Primus Katls TiTech 0,6L"},"content":{"rendered":"<div class=\"rte\">\n<p>Viegls tit\u0101na katli\u0146&scaron; ar v\u0101ku. Ide\u0101lie pim\u0113rots  tiem, kas skaita ne tikai gramus, bet ar\u012b tiem, kuriem r\u016bp kompaktums.  &Scaron;aj\u0101 katli\u0146\u0101 var bez probl\u0113m\u0101m ielikt 100g g\u0101zes baloni\u0146u un mazu tit\u0101na  degli. (Piem\u0113ram Kovea Superlite Titianium). Komplekt\u0101 ietilpst ar\u012b  mais\u0146&scaron; transport\u0113&scaron;anai.<\/p>\n<h4>Specifik\u0101cija:<\/h4>\n<p><strong>Materi\u0101ls<\/strong>: Tit\u0101ns <br \/><strong>Izm\u0113rs<\/strong>: augstums 87mm; diametrs 96mm <br \/><strong>Svars<\/strong>: 109 grami<\/p>\n<\/div>\n","protected":false},"excerpt":{"rendered":"<p>Viegls tit\u0101na katli\u0146&scaron; ar v\u0101ku. Ide\u0101lie pim\u0113rots tiem, kas skaita ne tikai gramus, bet ar\u012b tiem, kuriem r\u016bp kompaktums. &Scaron;aj\u0101 katli\u0146\u0101 var bez probl\u0113m\u0101m ielikt 100g g\u0101zes baloni\u0146u un mazu tit\u0101na degli. (Piem\u0113ram Kovea Superlite Titianium). Komplekt\u0101 ietilpst ar\u012b mais\u0146&scaron; transport\u0113&scaron;anai. Specifik\u0101cija: Materi\u0101ls: Tit\u0101ns Izm\u0113rs: augstums 87mm; diametrs 96mm Svars: 109 grami<\/p>\n","protected":false},"featured_media":61953,"template":"","meta":[],"product_brand":[],"product_cat":[4558,4571,4730],"product_tag":[],"class_list":{"0":"post-76558","1":"product","2":"type-product","3":"status-publish","4":"has-post-thumbnail","6":"product_cat-for-tourism-recreation","7":"product_cat-dishes-knives-folding-tables-for-tourism-recreation","8":"product_cat-pots-and-pans-dishes-knives-folding-tables-for-tourism-recreation","10":"first","11":"instock","12":"shipping-taxable","13":"purchasable","14":"product-type-simple"},"_links":{"self":[{"href":"https:\/\/sezona.lv\/en\/wp-json\/wp\/v2\/product\/76558","targetHints":{"allow":["GET"]}}],"collection":[{"href":"https:\/\/sezona.lv\/en\/wp-json\/wp\/v2\/product"}],"about":[{"href":"https:\/\/sezona.lv\/en\/wp-json\/wp\/v2\/types\/product"}],"wp:featuredmedia":[{"embeddable":true,"href":"https:\/\/sezona.lv\/en\/wp-json\/wp\/v2\/media\/61953"}],"wp:attachment":[{"href":"https:\/\/sezona.lv\/en\/wp-json\/wp\/v2\/media?parent=76558"}],"wp:term":[{"taxonomy":"product_brand","embeddable":true,"href":"https:\/\/sezona.lv\/en\/wp-json\/wp\/v2\/product_brand?post=76558"},{"taxonomy":"product_cat","embeddable":true,"href":"https:\/\/sezona.lv\/en\/wp-json\/wp\/v2\/product_cat?post=76558"},{"taxonomy":"product_tag","embeddable":true,"href":"https:\/\/sezona.lv\/en\/wp-json\/wp\/v2\/product_tag?post=76558"}],"curies":[{"name":"wp","href":"https:\/\/api.w.org\/{rel}","templated":true}]}}