{"id":76559,"date":"2025-07-11T15:50:23","date_gmt":"2025-07-11T12:50:23","guid":{"rendered":"https:\/\/demo8.ecube.lv\/sezona.lv\/products\/primus-katls-titech-1-0l\/"},"modified":"2025-07-14T14:53:07","modified_gmt":"2025-07-14T11:53:07","slug":"primus-katls-titech-1-0l","status":"publish","type":"product","link":"https:\/\/sezona.lv\/en\/products\/primus-katls-titech-1-0l\/","title":{"rendered":"Primus Katls TiTech 1,0L"},"content":{"rendered":"<div class=\"rte\">\n<p>Viegls tit\u0101na katli\u0146&scaron; ar v\u0101ku. Ide\u0101lie pim\u0113rots  tiem, kas skaita ne tikai gramus, bet ar\u012b tiem, kuriem r\u016bp kompaktums.  &Scaron;aj\u0101 katli\u0146\u0101 var bez probl\u0113m\u0101m ielikt 230g g\u0101zes baloni\u0146u un mazu tit\u0101na  degli. (Piem\u0113ram Kovea Superlite Titianium). Komplekt\u0101 ietilpst ar\u012b  mais\u0146&scaron; transport\u0113&scaron;anai.<\/p>\n<h4>Specifik\u0101cija:<\/h4>\n<p><strong>Materi\u0101ls<\/strong>: Tit\u0101ns<br \/><strong>Izm\u0113rs<\/strong>: augstums 100mm; diametrs 120mm <br \/><strong>Svars<\/strong>: 126 grami<\/p>\n<\/div>\n","protected":false},"excerpt":{"rendered":"<p>Viegls tit\u0101na katli\u0146&scaron; ar v\u0101ku. Ide\u0101lie pim\u0113rots tiem, kas skaita ne tikai gramus, bet ar\u012b tiem, kuriem r\u016bp kompaktums. &Scaron;aj\u0101 katli\u0146\u0101 var bez probl\u0113m\u0101m ielikt 230g g\u0101zes baloni\u0146u un mazu tit\u0101na degli. (Piem\u0113ram Kovea Superlite Titianium). Komplekt\u0101 ietilpst ar\u012b mais\u0146&scaron; transport\u0113&scaron;anai. Specifik\u0101cija: Materi\u0101ls: Tit\u0101nsIzm\u0113rs: augstums 100mm; diametrs 120mm Svars: 126 grami<\/p>\n","protected":false},"featured_media":61956,"template":"","meta":[],"product_brand":[],"product_cat":[4558,4571,4730],"product_tag":[],"class_list":{"0":"post-76559","1":"product","2":"type-product","3":"status-publish","4":"has-post-thumbnail","6":"product_cat-for-tourism-recreation","7":"product_cat-dishes-knives-folding-tables-for-tourism-recreation","8":"product_cat-pots-and-pans-dishes-knives-folding-tables-for-tourism-recreation","10":"first","11":"instock","12":"shipping-taxable","13":"purchasable","14":"product-type-simple"},"_links":{"self":[{"href":"https:\/\/sezona.lv\/en\/wp-json\/wp\/v2\/product\/76559","targetHints":{"allow":["GET"]}}],"collection":[{"href":"https:\/\/sezona.lv\/en\/wp-json\/wp\/v2\/product"}],"about":[{"href":"https:\/\/sezona.lv\/en\/wp-json\/wp\/v2\/types\/product"}],"wp:featuredmedia":[{"embeddable":true,"href":"https:\/\/sezona.lv\/en\/wp-json\/wp\/v2\/media\/61956"}],"wp:attachment":[{"href":"https:\/\/sezona.lv\/en\/wp-json\/wp\/v2\/media?parent=76559"}],"wp:term":[{"taxonomy":"product_brand","embeddable":true,"href":"https:\/\/sezona.lv\/en\/wp-json\/wp\/v2\/product_brand?post=76559"},{"taxonomy":"product_cat","embeddable":true,"href":"https:\/\/sezona.lv\/en\/wp-json\/wp\/v2\/product_cat?post=76559"},{"taxonomy":"product_tag","embeddable":true,"href":"https:\/\/sezona.lv\/en\/wp-json\/wp\/v2\/product_tag?post=76559"}],"curies":[{"name":"wp","href":"https:\/\/api.w.org\/{rel}","templated":true}]}}