{"id":76560,"date":"2025-07-14T14:53:08","date_gmt":"2025-07-14T11:53:08","guid":{"rendered":"https:\/\/demo8.ecube.lv\/sezona.lv\/products\/kovea-katlu-komplekts-ar-degli-solo-3\/"},"modified":"2025-07-14T14:53:08","modified_gmt":"2025-07-14T11:53:08","slug":"kovea-katlu-komplekts-ar-degli-solo-3","status":"publish","type":"product","link":"https:\/\/sezona.lv\/en\/products\/kovea-katlu-komplekts-ar-degli-solo-3\/","title":{"rendered":"Kovea Katlu komplekts ar degli Solo 3"},"content":{"rendered":"<div class=\"rte\">\n<p>Kovea Solo 3 ir lielisks starta komplekts t\u016bristam  ies\u0101c\u0113jam. T\u0101 komplekt\u0101 ietilpst divu da\u017e\u0101du tilpuma katli un  superviegls g\u0101zes deglis, turkl\u0101t katl\u0101 ir speci\u0101ls paliktnis, kur\u0101 ir  iestr\u0101d\u0101ta vieta g\u0101zes deglim un g\u0101zes balonam. Kompakts risin\u0101jums 2  person\u0101m.<\/p>\n<h4>Specifik\u0101cija:<\/h4>\n<p><strong>Materi\u0101ls:<\/strong> Anodiz\u0113ts alum\u012bnijs<br \/><strong>Izm\u0113rs:<\/strong> 17 cm x 17 cm x 12,5 cm<br \/><strong>Tilpums:<\/strong> 1,2 un 0.9 Litri <br \/><strong>Svars:<\/strong> 600 grami (viss komplekts)<\/p>\n<h4>Komplekt\u0101 ietilpst:&nbsp;<\/h4>\n<ul>\n<li>Katls 1200 ml<\/li>\n<li>Katls 900 ml<\/li>\n<li>G\u0101zes deglis<\/li>\n<li>Super Lite Titanium<\/li>\n<li>Uzglab\u0101&scaron;anas iepakojums<\/li>\n<\/ul>\n<\/div>\n","protected":false},"excerpt":{"rendered":"<p>Kovea Solo 3 ir lielisks starta komplekts t\u016bristam ies\u0101c\u0113jam. T\u0101 komplekt\u0101 ietilpst divu da\u017e\u0101du tilpuma katli un superviegls g\u0101zes deglis, turkl\u0101t katl\u0101 ir speci\u0101ls paliktnis, kur\u0101 ir iestr\u0101d\u0101ta vieta g\u0101zes deglim un g\u0101zes balonam. Kompakts risin\u0101jums 2 person\u0101m. Specifik\u0101cija: Materi\u0101ls: Anodiz\u0113ts alum\u012bnijsIzm\u0113rs: 17 cm x 17 cm x 12,5 cmTilpums: 1,2 un 0.9 Litri Svars: [&hellip;]<\/p>\n","protected":false},"featured_media":0,"template":"","meta":[],"product_brand":[934],"product_cat":[4558,4571,4730],"product_tag":[],"class_list":{"0":"post-76560","1":"product","2":"type-product","3":"status-publish","5":"product_brand-kovea","6":"product_cat-for-tourism-recreation","7":"product_cat-dishes-knives-folding-tables-for-tourism-recreation","8":"product_cat-pots-and-pans-dishes-knives-folding-tables-for-tourism-recreation","10":"first","11":"instock","12":"shipping-taxable","13":"purchasable","14":"product-type-simple"},"_links":{"self":[{"href":"https:\/\/sezona.lv\/en\/wp-json\/wp\/v2\/product\/76560","targetHints":{"allow":["GET"]}}],"collection":[{"href":"https:\/\/sezona.lv\/en\/wp-json\/wp\/v2\/product"}],"about":[{"href":"https:\/\/sezona.lv\/en\/wp-json\/wp\/v2\/types\/product"}],"wp:attachment":[{"href":"https:\/\/sezona.lv\/en\/wp-json\/wp\/v2\/media?parent=76560"}],"wp:term":[{"taxonomy":"product_brand","embeddable":true,"href":"https:\/\/sezona.lv\/en\/wp-json\/wp\/v2\/product_brand?post=76560"},{"taxonomy":"product_cat","embeddable":true,"href":"https:\/\/sezona.lv\/en\/wp-json\/wp\/v2\/product_cat?post=76560"},{"taxonomy":"product_tag","embeddable":true,"href":"https:\/\/sezona.lv\/en\/wp-json\/wp\/v2\/product_tag?post=76560"}],"curies":[{"name":"wp","href":"https:\/\/api.w.org\/{rel}","templated":true}]}}