{"id":76562,"date":"2025-07-11T15:50:30","date_gmt":"2025-07-11T12:50:30","guid":{"rendered":"https:\/\/demo8.ecube.lv\/sezona.lv\/products\/gsi-outdoors-panna-pinnacle-10-frypan\/"},"modified":"2025-07-14T14:53:11","modified_gmt":"2025-07-14T11:53:11","slug":"gsi-outdoors-panna-pinnacle-10-frypan","status":"publish","type":"product","link":"https:\/\/sezona.lv\/en\/products\/gsi-outdoors-panna-pinnacle-10-frypan\/","title":{"rendered":"GSI Outdoors Panna Pinnacle 10&#8243; Frypan"},"content":{"rendered":"<div class=\"rte\">\n<p>Dzi\u013ci anodiz\u0113ta alum\u012bnija virsma ir iztur\u012bg\u0101ka par  ner\u016bs\u0113jo&scaron;o t\u0113raudu, turkl\u0101t \u0101tr\u0101k uzsilsto&scaron;a. Pinnacle panna ir teicama  izv\u0113le kempingo&scaron;anai un laivu braucieniem. \u0112rti nolok\u0101ms un fiks\u0113jams  rokturis padar\u012bs to kompakt\u0101ku. Non-Stick&nbsp; p\u0101rkl\u0101jums ir \u013coti viegli  not\u012br\u0101ms. Pannas pamatn\u0113 ir ri\u0146\u0137veida grop\u012btes lab\u0101kai stabilit\u0101tei uz  g\u0101zes deg\u013ca. Pinnacle s\u0113rijas trauki ir ar Teflon&reg; Radiance p\u0101rkl\u0101jumu.  &Scaron;\u012b tehnolo\u0123ija ir \u012bpa&scaron;i izstr\u0101d\u0101ta kempingu un b\u0101zes nomet\u0146u virtuv\u0113m.  Tr\u012bs sl\u0101\u0146u p\u0101rkl\u0101jums ir rad\u012bts, lai iztur\u0113tu ilgu abraz\u012bvu materi\u0101lu  iedarb\u012bbu. Trauki ar &scaron;o tehnolo\u0123iju uzkarst par 25% \u0101tr\u0101k, kas noz\u012bm\u0113  maz\u0101ku g\u0101zes vai degvielas pat\u0113ri\u0146u.<\/p>\n<h4>Specifik\u0101cija:<\/h4>\n<p><strong> Materi\u0101ls:<\/strong> Anodiz\u0113ts alum\u012bnijs ar Non-Stick p\u0101rkl\u0101jumu (Teflons) <br \/><strong>Izm\u0113rs:<\/strong> 282 mm x 262 mm x 71 mm<br \/><strong>Svars:<\/strong> 505 grami<\/p>\n<\/div>\n","protected":false},"excerpt":{"rendered":"<p>Dzi\u013ci anodiz\u0113ta alum\u012bnija virsma ir iztur\u012bg\u0101ka par ner\u016bs\u0113jo&scaron;o t\u0113raudu, turkl\u0101t \u0101tr\u0101k uzsilsto&scaron;a. Pinnacle panna ir teicama izv\u0113le kempingo&scaron;anai un laivu braucieniem. \u0112rti nolok\u0101ms un fiks\u0113jams rokturis padar\u012bs to kompakt\u0101ku. Non-Stick&nbsp; p\u0101rkl\u0101jums ir \u013coti viegli not\u012br\u0101ms. Pannas pamatn\u0113 ir ri\u0146\u0137veida grop\u012btes lab\u0101kai stabilit\u0101tei uz g\u0101zes deg\u013ca. Pinnacle s\u0113rijas trauki ir ar Teflon&reg; Radiance p\u0101rkl\u0101jumu. &Scaron;\u012b tehnolo\u0123ija [&hellip;]<\/p>\n","protected":false},"featured_media":61970,"template":"","meta":[],"product_brand":[959],"product_cat":[4558,4571,4730],"product_tag":[],"class_list":{"0":"post-76562","1":"product","2":"type-product","3":"status-publish","4":"has-post-thumbnail","6":"product_brand-gsi-outdoors","7":"product_cat-for-tourism-recreation","8":"product_cat-dishes-knives-folding-tables-for-tourism-recreation","9":"product_cat-pots-and-pans-dishes-knives-folding-tables-for-tourism-recreation","11":"first","12":"instock","13":"shipping-taxable","14":"purchasable","15":"product-type-simple"},"_links":{"self":[{"href":"https:\/\/sezona.lv\/en\/wp-json\/wp\/v2\/product\/76562","targetHints":{"allow":["GET"]}}],"collection":[{"href":"https:\/\/sezona.lv\/en\/wp-json\/wp\/v2\/product"}],"about":[{"href":"https:\/\/sezona.lv\/en\/wp-json\/wp\/v2\/types\/product"}],"wp:featuredmedia":[{"embeddable":true,"href":"https:\/\/sezona.lv\/en\/wp-json\/wp\/v2\/media\/61970"}],"wp:attachment":[{"href":"https:\/\/sezona.lv\/en\/wp-json\/wp\/v2\/media?parent=76562"}],"wp:term":[{"taxonomy":"product_brand","embeddable":true,"href":"https:\/\/sezona.lv\/en\/wp-json\/wp\/v2\/product_brand?post=76562"},{"taxonomy":"product_cat","embeddable":true,"href":"https:\/\/sezona.lv\/en\/wp-json\/wp\/v2\/product_cat?post=76562"},{"taxonomy":"product_tag","embeddable":true,"href":"https:\/\/sezona.lv\/en\/wp-json\/wp\/v2\/product_tag?post=76562"}],"curies":[{"name":"wp","href":"https:\/\/api.w.org\/{rel}","templated":true}]}}