{"id":76564,"date":"2025-07-11T15:50:33","date_gmt":"2025-07-11T12:50:33","guid":{"rendered":"https:\/\/demo8.ecube.lv\/sezona.lv\/products\/gsi-outdoors-panna-steel-frypan-9\/"},"modified":"2025-07-14T14:53:13","modified_gmt":"2025-07-14T11:53:13","slug":"gsi-outdoors-panna-steel-frypan-9","status":"publish","type":"product","link":"https:\/\/sezona.lv\/en\/products\/gsi-outdoors-panna-steel-frypan-9\/","title":{"rendered":"GSI Outdoors Panna Steel Frypan 9&#8243;"},"content":{"rendered":"<div class=\"rte\">\n<p>\u013boti iztur\u012bga t\u0113rauda panna kempingam. P\u0101rkl\u0101ta ar  Non-stick p\u0101rkl\u0101jumu vienk\u0101r&scaron;\u0101kai gatavo&scaron;anai un t\u012br\u012b&scaron;anai. Nolok\u0101ms  rokturis ietaup\u012bs vietu mugursom\u0101, jo \u0146emsiet to l\u012bdzi p\u0101rg\u0101jienos.  Liela un \u0113rta virsma pusdienu gatavo&scaron;anu padar\u012bs daudz vienk\u0101r&scaron;\u0101ku.<\/p>\n<h4>Specifik\u0101cija:<\/h4>\n<p><strong>Materi\u0101ls:<\/strong> t\u0113rauds<br \/><strong>Izm\u0113rs:<\/strong>&nbsp;256 mm x 241 mm x 66 mm <br \/><strong>Svars:<\/strong> 536 grami<\/p>\n<\/div>\n","protected":false},"excerpt":{"rendered":"<p>\u013boti iztur\u012bga t\u0113rauda panna kempingam. P\u0101rkl\u0101ta ar Non-stick p\u0101rkl\u0101jumu vienk\u0101r&scaron;\u0101kai gatavo&scaron;anai un t\u012br\u012b&scaron;anai. Nolok\u0101ms rokturis ietaup\u012bs vietu mugursom\u0101, jo \u0146emsiet to l\u012bdzi p\u0101rg\u0101jienos. Liela un \u0113rta virsma pusdienu gatavo&scaron;anu padar\u012bs daudz vienk\u0101r&scaron;\u0101ku. Specifik\u0101cija: Materi\u0101ls: t\u0113raudsIzm\u0113rs:&nbsp;256 mm x 241 mm x 66 mm Svars: 536 grami<\/p>\n","protected":false},"featured_media":61980,"template":"","meta":[],"product_brand":[959],"product_cat":[4558,4571,4730],"product_tag":[],"class_list":{"0":"post-76564","1":"product","2":"type-product","3":"status-publish","4":"has-post-thumbnail","6":"product_brand-gsi-outdoors","7":"product_cat-for-tourism-recreation","8":"product_cat-dishes-knives-folding-tables-for-tourism-recreation","9":"product_cat-pots-and-pans-dishes-knives-folding-tables-for-tourism-recreation","11":"first","12":"instock","13":"shipping-taxable","14":"purchasable","15":"product-type-simple"},"_links":{"self":[{"href":"https:\/\/sezona.lv\/en\/wp-json\/wp\/v2\/product\/76564","targetHints":{"allow":["GET"]}}],"collection":[{"href":"https:\/\/sezona.lv\/en\/wp-json\/wp\/v2\/product"}],"about":[{"href":"https:\/\/sezona.lv\/en\/wp-json\/wp\/v2\/types\/product"}],"wp:featuredmedia":[{"embeddable":true,"href":"https:\/\/sezona.lv\/en\/wp-json\/wp\/v2\/media\/61980"}],"wp:attachment":[{"href":"https:\/\/sezona.lv\/en\/wp-json\/wp\/v2\/media?parent=76564"}],"wp:term":[{"taxonomy":"product_brand","embeddable":true,"href":"https:\/\/sezona.lv\/en\/wp-json\/wp\/v2\/product_brand?post=76564"},{"taxonomy":"product_cat","embeddable":true,"href":"https:\/\/sezona.lv\/en\/wp-json\/wp\/v2\/product_cat?post=76564"},{"taxonomy":"product_tag","embeddable":true,"href":"https:\/\/sezona.lv\/en\/wp-json\/wp\/v2\/product_tag?post=76564"}],"curies":[{"name":"wp","href":"https:\/\/api.w.org\/{rel}","templated":true}]}}