{"id":76567,"date":"2025-07-14T14:53:16","date_gmt":"2025-07-14T11:53:16","guid":{"rendered":"https:\/\/demo8.ecube.lv\/sezona.lv\/products\/gsi-outdoors-glaze-glacier-ss-nesting-red-wine-glass\/"},"modified":"2025-07-14T14:53:16","modified_gmt":"2025-07-14T11:53:16","slug":"gsi-outdoors-glaze-glacier-ss-nesting-red-wine-glass","status":"publish","type":"product","link":"https:\/\/sezona.lv\/en\/products\/gsi-outdoors-glaze-glacier-ss-nesting-red-wine-glass\/","title":{"rendered":"GSI Outdoors Gl\u0101ze Glacier SS Nesting Red Wine Glass"},"content":{"rendered":"<div class=\"rte\">\n<p>No ner\u016bs\u0113jo&scaron;a t\u0113rauda izgatavota sarkanv\u012bna gl\u0101ze.  Nesl\u012bdo&scaron;a pamatne un no\u0146emama k\u0101ji\u0146a ietaup\u012bs br\u012bvo vietu som\u0101, kad  dosieties pie dabas.&nbsp;<\/p>\n<h4>Specifik\u0101cija:<\/h4>\n<p><strong>Materi\u0101ls:<\/strong> Ner\u016bs\u0113jo&scaron;ais t\u0113rauds <br \/><strong>Tilpums:<\/strong> 450 ml<br \/><strong>Izm\u0113rs:<\/strong> 91 mm x 91 mm x 188 mm <br \/><strong>Svars:<\/strong> 133 grami<\/p>\n<\/div>\n","protected":false},"excerpt":{"rendered":"<p>No ner\u016bs\u0113jo&scaron;a t\u0113rauda izgatavota sarkanv\u012bna gl\u0101ze. Nesl\u012bdo&scaron;a pamatne un no\u0146emama k\u0101ji\u0146a ietaup\u012bs br\u012bvo vietu som\u0101, kad dosieties pie dabas.&nbsp; Specifik\u0101cija: Materi\u0101ls: Ner\u016bs\u0113jo&scaron;ais t\u0113rauds Tilpums: 450 mlIzm\u0113rs: 91 mm x 91 mm x 188 mm Svars: 133 grami<\/p>\n","protected":false},"featured_media":0,"template":"","meta":[],"product_brand":[959],"product_cat":[4558,4571,4731],"product_tag":[],"class_list":{"0":"post-76567","1":"product","2":"type-product","3":"status-publish","5":"product_brand-gsi-outdoors","6":"product_cat-for-tourism-recreation","7":"product_cat-dishes-knives-folding-tables-for-tourism-recreation","8":"product_cat-mugs-flasks-dishes-knives-folding-tables-for-tourism-recreation","10":"first","11":"instock","12":"shipping-taxable","13":"purchasable","14":"product-type-simple"},"_links":{"self":[{"href":"https:\/\/sezona.lv\/en\/wp-json\/wp\/v2\/product\/76567","targetHints":{"allow":["GET"]}}],"collection":[{"href":"https:\/\/sezona.lv\/en\/wp-json\/wp\/v2\/product"}],"about":[{"href":"https:\/\/sezona.lv\/en\/wp-json\/wp\/v2\/types\/product"}],"wp:attachment":[{"href":"https:\/\/sezona.lv\/en\/wp-json\/wp\/v2\/media?parent=76567"}],"wp:term":[{"taxonomy":"product_brand","embeddable":true,"href":"https:\/\/sezona.lv\/en\/wp-json\/wp\/v2\/product_brand?post=76567"},{"taxonomy":"product_cat","embeddable":true,"href":"https:\/\/sezona.lv\/en\/wp-json\/wp\/v2\/product_cat?post=76567"},{"taxonomy":"product_tag","embeddable":true,"href":"https:\/\/sezona.lv\/en\/wp-json\/wp\/v2\/product_tag?post=76567"}],"curies":[{"name":"wp","href":"https:\/\/api.w.org\/{rel}","templated":true}]}}