{"id":76568,"date":"2025-07-14T14:53:16","date_gmt":"2025-07-14T11:53:16","guid":{"rendered":"https:\/\/demo8.ecube.lv\/sezona.lv\/products\/gsi-outdoors-kafijas-kruze-personal-java-press\/"},"modified":"2025-07-14T14:53:16","modified_gmt":"2025-07-14T11:53:16","slug":"gsi-outdoors-kafijas-kruze-personal-java-press","status":"publish","type":"product","link":"https:\/\/sezona.lv\/en\/products\/gsi-outdoors-kafijas-kruze-personal-java-press\/","title":{"rendered":"GSI Outdoors Kafijas kr\u016bze Personal Java Press"},"content":{"rendered":"<div class=\"rte\">\n<p>Kafijas gatavo&scaron;ans komplekts, kas sast\u0101v no  atsevi&scaron;\u0137as karafes ar nospied\u0113jsieti\u0146u un kr\u016bzes. Abas kr\u016bzes ir ar  termozilo\u0113jo&scaron;o materi\u0101la apvalku, kas saglab\u0101s kafiju vai t\u0113ju siltu  ilg\u0101ku laiku. Izgatavotas no viegla caursp\u012bd\u012bga poliropil\u0113na un nesatur  BPA kait\u012bgos piejaukumus.<\/p>\n<h4>Specifik\u0101cija:<\/h4>\n<p><strong>Materi\u0101ls:<\/strong> Copolyester, Clear Polypropylene <br \/><strong>Tilpums:<\/strong> 590 ml + 500 ml<br \/><strong>Izm\u0113rs:<\/strong> 109 mm x 106 mm x 155 mm <br \/><strong>Svars:<\/strong> 306 grami<\/p>\n<h4>Komplekt\u0101 ietilpst:<\/h4>\n<ul>\n<li>590 ml karafe ar v\u0101ku<\/li>\n<li>Karafes termoapvalks<\/li>\n<li>Patent\u0113ts nospied\u0113jmeh\u0101nisms<\/li>\n<li>500 ml kr\u016bze<\/li>\n<li>Kr\u016bzes termoapvalks<\/li>\n<li>L\u016bpu nepadedzino&scaron;s v\u0101ci\u0146&scaron;<\/li>\n<\/ul>\n<\/div>\n","protected":false},"excerpt":{"rendered":"<p>Kafijas gatavo&scaron;ans komplekts, kas sast\u0101v no atsevi&scaron;\u0137as karafes ar nospied\u0113jsieti\u0146u un kr\u016bzes. Abas kr\u016bzes ir ar termozilo\u0113jo&scaron;o materi\u0101la apvalku, kas saglab\u0101s kafiju vai t\u0113ju siltu ilg\u0101ku laiku. Izgatavotas no viegla caursp\u012bd\u012bga poliropil\u0113na un nesatur BPA kait\u012bgos piejaukumus. Specifik\u0101cija: Materi\u0101ls: Copolyester, Clear Polypropylene Tilpums: 590 ml + 500 mlIzm\u0113rs: 109 mm x 106 mm x 155 [&hellip;]<\/p>\n","protected":false},"featured_media":0,"template":"","meta":[],"product_brand":[959],"product_cat":[4558,4571,4731],"product_tag":[],"class_list":{"0":"post-76568","1":"product","2":"type-product","3":"status-publish","5":"product_brand-gsi-outdoors","6":"product_cat-for-tourism-recreation","7":"product_cat-dishes-knives-folding-tables-for-tourism-recreation","8":"product_cat-mugs-flasks-dishes-knives-folding-tables-for-tourism-recreation","10":"first","11":"instock","12":"shipping-taxable","13":"purchasable","14":"product-type-simple"},"_links":{"self":[{"href":"https:\/\/sezona.lv\/en\/wp-json\/wp\/v2\/product\/76568","targetHints":{"allow":["GET"]}}],"collection":[{"href":"https:\/\/sezona.lv\/en\/wp-json\/wp\/v2\/product"}],"about":[{"href":"https:\/\/sezona.lv\/en\/wp-json\/wp\/v2\/types\/product"}],"wp:attachment":[{"href":"https:\/\/sezona.lv\/en\/wp-json\/wp\/v2\/media?parent=76568"}],"wp:term":[{"taxonomy":"product_brand","embeddable":true,"href":"https:\/\/sezona.lv\/en\/wp-json\/wp\/v2\/product_brand?post=76568"},{"taxonomy":"product_cat","embeddable":true,"href":"https:\/\/sezona.lv\/en\/wp-json\/wp\/v2\/product_cat?post=76568"},{"taxonomy":"product_tag","embeddable":true,"href":"https:\/\/sezona.lv\/en\/wp-json\/wp\/v2\/product_tag?post=76568"}],"curies":[{"name":"wp","href":"https:\/\/api.w.org\/{rel}","templated":true}]}}