{"id":76569,"date":"2025-07-14T14:53:17","date_gmt":"2025-07-14T11:53:17","guid":{"rendered":"https:\/\/demo8.ecube.lv\/sezona.lv\/products\/gsi-outdoors-kruze-glacier-stainless-double-walled-espresso-cup\/"},"modified":"2025-07-14T14:53:17","modified_gmt":"2025-07-14T11:53:17","slug":"gsi-outdoors-kruze-glacier-stainless-double-walled-espresso-cup","status":"publish","type":"product","link":"https:\/\/sezona.lv\/en\/products\/gsi-outdoors-kruze-glacier-stainless-double-walled-espresso-cup\/","title":{"rendered":"GSI Outdoors Kr\u016bze Glacier Stainless Double Walled Espresso Cup"},"content":{"rendered":"<div class=\"rte\">\n<p>Lieliska maza dubult\u0101 espresso kr\u016bz\u012bte, kas ir  izgatavota no ner\u016bs\u0113jo&scaron;a t\u0113rauda. Dubulto sieni\u0146u uzb\u016bve saglab\u0101s &scaron;o  dz\u0113rienu karstu ilg\u0101ku laiku.<\/p>\n<h4>Specifik\u0101cija:<\/h4>\n<p><strong>Materi\u0101ls:<\/strong> Ner\u016bs\u0113jo&scaron;ais t\u0113rauds <br \/><strong>Tilpums:<\/strong> 52 ml <br \/><strong>Izm\u0113rs:<\/strong> 71 mm x 57 mm x 43 mm<br \/><strong>Svars:<\/strong> 34 grami<\/p>\n<\/div>\n","protected":false},"excerpt":{"rendered":"<p>Lieliska maza dubult\u0101 espresso kr\u016bz\u012bte, kas ir izgatavota no ner\u016bs\u0113jo&scaron;a t\u0113rauda. Dubulto sieni\u0146u uzb\u016bve saglab\u0101s &scaron;o dz\u0113rienu karstu ilg\u0101ku laiku. Specifik\u0101cija: Materi\u0101ls: Ner\u016bs\u0113jo&scaron;ais t\u0113rauds Tilpums: 52 ml Izm\u0113rs: 71 mm x 57 mm x 43 mmSvars: 34 grami<\/p>\n","protected":false},"featured_media":0,"template":"","meta":[],"product_brand":[959],"product_cat":[4558,4571,4731],"product_tag":[],"class_list":{"0":"post-76569","1":"product","2":"type-product","3":"status-publish","5":"product_brand-gsi-outdoors","6":"product_cat-for-tourism-recreation","7":"product_cat-dishes-knives-folding-tables-for-tourism-recreation","8":"product_cat-mugs-flasks-dishes-knives-folding-tables-for-tourism-recreation","10":"first","11":"instock","12":"shipping-taxable","13":"purchasable","14":"product-type-simple"},"_links":{"self":[{"href":"https:\/\/sezona.lv\/en\/wp-json\/wp\/v2\/product\/76569","targetHints":{"allow":["GET"]}}],"collection":[{"href":"https:\/\/sezona.lv\/en\/wp-json\/wp\/v2\/product"}],"about":[{"href":"https:\/\/sezona.lv\/en\/wp-json\/wp\/v2\/types\/product"}],"wp:attachment":[{"href":"https:\/\/sezona.lv\/en\/wp-json\/wp\/v2\/media?parent=76569"}],"wp:term":[{"taxonomy":"product_brand","embeddable":true,"href":"https:\/\/sezona.lv\/en\/wp-json\/wp\/v2\/product_brand?post=76569"},{"taxonomy":"product_cat","embeddable":true,"href":"https:\/\/sezona.lv\/en\/wp-json\/wp\/v2\/product_cat?post=76569"},{"taxonomy":"product_tag","embeddable":true,"href":"https:\/\/sezona.lv\/en\/wp-json\/wp\/v2\/product_tag?post=76569"}],"curies":[{"name":"wp","href":"https:\/\/api.w.org\/{rel}","templated":true}]}}