{"id":76570,"date":"2025-07-11T15:50:40","date_gmt":"2025-07-11T12:50:40","guid":{"rendered":"https:\/\/demo8.ecube.lv\/sezona.lv\/products\/gsi-outdoors-termokruze-glacier-commuter-mug\/"},"modified":"2025-07-14T14:53:18","modified_gmt":"2025-07-14T11:53:18","slug":"gsi-outdoors-termokruze-glacier-commuter-mug","status":"publish","type":"product","link":"https:\/\/sezona.lv\/en\/products\/gsi-outdoors-termokruze-glacier-commuter-mug\/","title":{"rendered":"GSI Outdoors Termokr\u016bze Glacier Commuter Mug"},"content":{"rendered":"<div class=\"rte\">\n<p>Uzticama termokr\u016bze ir lielisks sabiedrotais  ikdienas steig\u0101. Herm\u0113tiski nosl\u0113dzama un vienk\u0101r&scaron;i lietojama.  Pateicoties gumijas pamatnei, t\u0101 nesl\u012bd\u0113s pa galda virsmu. Piel\u0101gotais  dizains \u013cauj to ievietot jebkur\u0101 automa&scaron;\u012bnas kr\u016bzes tur\u0113t\u0101j\u0101. Dubulto  sienu konstrukcija saglab\u0101s dz\u0113rienu aukstu vai karstu visas dienas  garum\u0101.<\/p>\n<h4>Specifik\u0101cija:<\/h4>\n<p><strong>Materi\u0101ls:<\/strong> 18\/8 ner\u016bs\u0113jo&scaron;ais t\u0113rauds BPA-Free <br \/><strong>Tilpums:<\/strong> 500 ml <br \/><strong>Svars:<\/strong> 380 grami<br \/><strong>Diametrs:<\/strong> 76 mm<\/p>\n<h4>Raksturojums:<\/h4>\n<ul>\n<li>Nesl\u012bdo&scaron;a pamatne<\/li>\n<li>P\u0101rtikas ner\u016bs\u0113jo&scaron;ais t\u0113rauds &#8211; BPA Free<\/li>\n<li>Herm\u0113tiski nosl\u0113dzama<\/li>\n<li>Iztur\u012bgs dubultais korpuss<\/li>\n<\/ul>\n<\/div>\n","protected":false},"excerpt":{"rendered":"<p>Uzticama termokr\u016bze ir lielisks sabiedrotais ikdienas steig\u0101. Herm\u0113tiski nosl\u0113dzama un vienk\u0101r&scaron;i lietojama. Pateicoties gumijas pamatnei, t\u0101 nesl\u012bd\u0113s pa galda virsmu. Piel\u0101gotais dizains \u013cauj to ievietot jebkur\u0101 automa&scaron;\u012bnas kr\u016bzes tur\u0113t\u0101j\u0101. Dubulto sienu konstrukcija saglab\u0101s dz\u0113rienu aukstu vai karstu visas dienas garum\u0101. Specifik\u0101cija: Materi\u0101ls: 18\/8 ner\u016bs\u0113jo&scaron;ais t\u0113rauds BPA-Free Tilpums: 500 ml Svars: 380 gramiDiametrs: 76 mm Raksturojums: [&hellip;]<\/p>\n","protected":false},"featured_media":61985,"template":"","meta":[],"product_brand":[959],"product_cat":[4558,4571,4735],"product_tag":[],"class_list":{"0":"post-76570","1":"product","2":"type-product","3":"status-publish","4":"has-post-thumbnail","6":"product_brand-gsi-outdoors","7":"product_cat-for-tourism-recreation","8":"product_cat-dishes-knives-folding-tables-for-tourism-recreation","9":"product_cat-thermoses-and-thermo-cups-dishes-knives-folding-tables-for-tourism-recreation","11":"first","12":"instock","13":"shipping-taxable","14":"purchasable","15":"product-type-simple"},"_links":{"self":[{"href":"https:\/\/sezona.lv\/en\/wp-json\/wp\/v2\/product\/76570","targetHints":{"allow":["GET"]}}],"collection":[{"href":"https:\/\/sezona.lv\/en\/wp-json\/wp\/v2\/product"}],"about":[{"href":"https:\/\/sezona.lv\/en\/wp-json\/wp\/v2\/types\/product"}],"wp:featuredmedia":[{"embeddable":true,"href":"https:\/\/sezona.lv\/en\/wp-json\/wp\/v2\/media\/61985"}],"wp:attachment":[{"href":"https:\/\/sezona.lv\/en\/wp-json\/wp\/v2\/media?parent=76570"}],"wp:term":[{"taxonomy":"product_brand","embeddable":true,"href":"https:\/\/sezona.lv\/en\/wp-json\/wp\/v2\/product_brand?post=76570"},{"taxonomy":"product_cat","embeddable":true,"href":"https:\/\/sezona.lv\/en\/wp-json\/wp\/v2\/product_cat?post=76570"},{"taxonomy":"product_tag","embeddable":true,"href":"https:\/\/sezona.lv\/en\/wp-json\/wp\/v2\/product_tag?post=76570"}],"curies":[{"name":"wp","href":"https:\/\/api.w.org\/{rel}","templated":true}]}}