{"id":76571,"date":"2025-07-11T15:50:43","date_gmt":"2025-07-11T12:50:43","guid":{"rendered":"https:\/\/demo8.ecube.lv\/sezona.lv\/products\/gsi-outdoors-termokruze-glacier-stainless-commuter-javapress\/"},"modified":"2025-07-14T14:53:19","modified_gmt":"2025-07-14T11:53:19","slug":"gsi-outdoors-termokruze-glacier-stainless-commuter-javapress","status":"publish","type":"product","link":"https:\/\/sezona.lv\/en\/products\/gsi-outdoors-termokruze-glacier-stainless-commuter-javapress\/","title":{"rendered":"GSI Outdoors Termokr\u016bze Glacier Stainless Commuter JavaPress"},"content":{"rendered":"<div class=\"rte\">\n<p>\u0112rta termokr\u016bze ikdienas lieto&scaron;anai. Termokr\u016bze ir  ar fran\u010du presi (nospied\u0113ju), l\u012bdz ar to ir ide\u0101li piem\u0113rota beramaj\u0101m  t\u0113j\u0101m vai kafijai. &Scaron;\u012b tehnolo\u0123ija ne tikai padara v\u0113lam\u0101 dz\u0113riena  viegl\u0101ku baud\u012b&scaron;anu, bet nodro&scaron;ina lab\u0101ku siltumizol\u0101ciju, t\u0101d\u0101 veid\u0101  pagatavotais dz\u0113riens ilg\u0101ku laiku ir karsts.<\/p>\n<h4>Specifik\u0101cija:<\/h4>\n<p><strong>Svars:<\/strong> 510,3 grami<br \/><strong>Tilpums:<\/strong> 420 ml<br \/><strong>Materi\u0101ls:<\/strong> Ner\u016bs\u0113jo&scaron;ais t\u0113rauds<\/p>\n<h4>Raksturojums:<\/h4>\n<ul>\n<li>Gumijota kr\u016bzes apak&scaron;a<\/li>\n<li>Nesl\u012bdo&scaron;a kr\u016bzes virsma<\/li>\n<li>Dubult\u0101s sieni\u0146as saglab\u0101 dz\u0113rienu ilg\u0101ku laiku siltu<\/li>\n<li>Fran\u010du prese, \u0113rt\u0101kai dz\u0113rienu baud\u012b&scaron;anai un lab\u0101kai siltumizol\u0101cijai<\/li>\n<\/ul>\n<\/div>\n","protected":false},"excerpt":{"rendered":"<p>\u0112rta termokr\u016bze ikdienas lieto&scaron;anai. Termokr\u016bze ir ar fran\u010du presi (nospied\u0113ju), l\u012bdz ar to ir ide\u0101li piem\u0113rota beramaj\u0101m t\u0113j\u0101m vai kafijai. &Scaron;\u012b tehnolo\u0123ija ne tikai padara v\u0113lam\u0101 dz\u0113riena viegl\u0101ku baud\u012b&scaron;anu, bet nodro&scaron;ina lab\u0101ku siltumizol\u0101ciju, t\u0101d\u0101 veid\u0101 pagatavotais dz\u0113riens ilg\u0101ku laiku ir karsts. Specifik\u0101cija: Svars: 510,3 gramiTilpums: 420 mlMateri\u0101ls: Ner\u016bs\u0113jo&scaron;ais t\u0113rauds Raksturojums: Gumijota kr\u016bzes apak&scaron;a Nesl\u012bdo&scaron;a kr\u016bzes [&hellip;]<\/p>\n","protected":false},"featured_media":61996,"template":"","meta":[],"product_brand":[959],"product_cat":[4558,4571,4735],"product_tag":[],"class_list":{"0":"post-76571","1":"product","2":"type-product","3":"status-publish","4":"has-post-thumbnail","6":"product_brand-gsi-outdoors","7":"product_cat-for-tourism-recreation","8":"product_cat-dishes-knives-folding-tables-for-tourism-recreation","9":"product_cat-thermoses-and-thermo-cups-dishes-knives-folding-tables-for-tourism-recreation","11":"first","12":"instock","13":"shipping-taxable","14":"purchasable","15":"product-type-simple"},"_links":{"self":[{"href":"https:\/\/sezona.lv\/en\/wp-json\/wp\/v2\/product\/76571","targetHints":{"allow":["GET"]}}],"collection":[{"href":"https:\/\/sezona.lv\/en\/wp-json\/wp\/v2\/product"}],"about":[{"href":"https:\/\/sezona.lv\/en\/wp-json\/wp\/v2\/types\/product"}],"wp:featuredmedia":[{"embeddable":true,"href":"https:\/\/sezona.lv\/en\/wp-json\/wp\/v2\/media\/61996"}],"wp:attachment":[{"href":"https:\/\/sezona.lv\/en\/wp-json\/wp\/v2\/media?parent=76571"}],"wp:term":[{"taxonomy":"product_brand","embeddable":true,"href":"https:\/\/sezona.lv\/en\/wp-json\/wp\/v2\/product_brand?post=76571"},{"taxonomy":"product_cat","embeddable":true,"href":"https:\/\/sezona.lv\/en\/wp-json\/wp\/v2\/product_cat?post=76571"},{"taxonomy":"product_tag","embeddable":true,"href":"https:\/\/sezona.lv\/en\/wp-json\/wp\/v2\/product_tag?post=76571"}],"curies":[{"name":"wp","href":"https:\/\/api.w.org\/{rel}","templated":true}]}}