{"id":76572,"date":"2025-07-14T14:53:19","date_gmt":"2025-07-14T11:53:19","guid":{"rendered":"https:\/\/demo8.ecube.lv\/sezona.lv\/products\/gsi-outdoors-kruze-infinity-backpacker-mug\/"},"modified":"2025-07-14T14:53:19","modified_gmt":"2025-07-14T11:53:19","slug":"gsi-outdoors-kruze-infinity-backpacker-mug","status":"publish","type":"product","link":"https:\/\/sezona.lv\/en\/products\/gsi-outdoors-kruze-infinity-backpacker-mug\/","title":{"rendered":"GSI Outdoors Kr\u016bze Infinity Backpacker Mug"},"content":{"rendered":"<div class=\"rte\">\n<p>Kad karst\u0101 r\u012bta t\u0113ja vai kafija p\u0101rg\u0101jienos dedzina  rokas, tad Infinity Backpacker kr\u016bze b\u016bs lielisks risin\u0101jums. Kompakta  un viegla, ar termo apvalku un auduma rokturi. Teicama izv\u0113le dodoties  pie dabas.<\/p>\n<h4>Specifik\u0101cija:<\/h4>\n<p><strong> Materi\u0101ls:<\/strong> Clear Polypropylene <br \/><strong>Tilpums:<\/strong> 400ml <br \/><strong>Izm\u0113rs:<\/strong> 102 mm x 91 mm x 117 mm <br \/><strong>Svars:<\/strong> 99 grami<\/p>\n<\/div>\n","protected":false},"excerpt":{"rendered":"<p>Kad karst\u0101 r\u012bta t\u0113ja vai kafija p\u0101rg\u0101jienos dedzina rokas, tad Infinity Backpacker kr\u016bze b\u016bs lielisks risin\u0101jums. Kompakta un viegla, ar termo apvalku un auduma rokturi. Teicama izv\u0113le dodoties pie dabas. Specifik\u0101cija: Materi\u0101ls: Clear Polypropylene Tilpums: 400ml Izm\u0113rs: 102 mm x 91 mm x 117 mm Svars: 99 grami<\/p>\n","protected":false},"featured_media":0,"template":"","meta":[],"product_brand":[959],"product_cat":[4558,4571,4731],"product_tag":[],"class_list":{"0":"post-76572","1":"product","2":"type-product","3":"status-publish","5":"product_brand-gsi-outdoors","6":"product_cat-for-tourism-recreation","7":"product_cat-dishes-knives-folding-tables-for-tourism-recreation","8":"product_cat-mugs-flasks-dishes-knives-folding-tables-for-tourism-recreation","10":"first","11":"instock","12":"shipping-taxable","13":"purchasable","14":"product-type-simple"},"_links":{"self":[{"href":"https:\/\/sezona.lv\/en\/wp-json\/wp\/v2\/product\/76572","targetHints":{"allow":["GET"]}}],"collection":[{"href":"https:\/\/sezona.lv\/en\/wp-json\/wp\/v2\/product"}],"about":[{"href":"https:\/\/sezona.lv\/en\/wp-json\/wp\/v2\/types\/product"}],"wp:attachment":[{"href":"https:\/\/sezona.lv\/en\/wp-json\/wp\/v2\/media?parent=76572"}],"wp:term":[{"taxonomy":"product_brand","embeddable":true,"href":"https:\/\/sezona.lv\/en\/wp-json\/wp\/v2\/product_brand?post=76572"},{"taxonomy":"product_cat","embeddable":true,"href":"https:\/\/sezona.lv\/en\/wp-json\/wp\/v2\/product_cat?post=76572"},{"taxonomy":"product_tag","embeddable":true,"href":"https:\/\/sezona.lv\/en\/wp-json\/wp\/v2\/product_tag?post=76572"}],"curies":[{"name":"wp","href":"https:\/\/api.w.org\/{rel}","templated":true}]}}