{"id":76573,"date":"2025-07-14T14:53:20","date_gmt":"2025-07-14T11:53:20","guid":{"rendered":"https:\/\/demo8.ecube.lv\/sezona.lv\/products\/gsi-outdoors-kruze-collapsible-fairshare-mug\/"},"modified":"2025-07-14T14:53:20","modified_gmt":"2025-07-14T11:53:20","slug":"gsi-outdoors-kruze-collapsible-fairshare-mug","status":"publish","type":"product","link":"https:\/\/sezona.lv\/en\/products\/gsi-outdoors-kruze-collapsible-fairshare-mug\/","title":{"rendered":"GSI Outdoors Kr\u016bze Collapsible Fairshare Mug"},"content":{"rendered":"<div class=\"rte\">\n<p>Salok\u0101ma silikona kr\u016bze ar osu un v\u0101ku. Rokturis ir nolok\u0101ms, t\u0101dej\u0101di aiz\u0146emot maz\u0101k vietas som\u0101.<\/p>\n<h4>Specifik\u0101cija:<\/h4>\n<p><strong> Materi\u0101ls:<\/strong> Silicone and Clear Polypropylene <br \/><strong>Tilpums:<\/strong> 680 ml <br \/><strong>Izm\u0113rs (salikts):<\/strong> 180 mm x 137 mm x 43 mm <br \/><strong>Svars:<\/strong> 198 grami<\/p>\n<\/div>\n","protected":false},"excerpt":{"rendered":"<p>Salok\u0101ma silikona kr\u016bze ar osu un v\u0101ku. Rokturis ir nolok\u0101ms, t\u0101dej\u0101di aiz\u0146emot maz\u0101k vietas som\u0101. Specifik\u0101cija: Materi\u0101ls: Silicone and Clear Polypropylene Tilpums: 680 ml Izm\u0113rs (salikts): 180 mm x 137 mm x 43 mm Svars: 198 grami<\/p>\n","protected":false},"featured_media":0,"template":"","meta":[],"product_brand":[959],"product_cat":[4558,4571,4731],"product_tag":[],"class_list":{"0":"post-76573","1":"product","2":"type-product","3":"status-publish","5":"product_brand-gsi-outdoors","6":"product_cat-for-tourism-recreation","7":"product_cat-dishes-knives-folding-tables-for-tourism-recreation","8":"product_cat-mugs-flasks-dishes-knives-folding-tables-for-tourism-recreation","10":"first","11":"instock","12":"shipping-taxable","13":"purchasable","14":"product-type-simple"},"_links":{"self":[{"href":"https:\/\/sezona.lv\/en\/wp-json\/wp\/v2\/product\/76573","targetHints":{"allow":["GET"]}}],"collection":[{"href":"https:\/\/sezona.lv\/en\/wp-json\/wp\/v2\/product"}],"about":[{"href":"https:\/\/sezona.lv\/en\/wp-json\/wp\/v2\/types\/product"}],"wp:attachment":[{"href":"https:\/\/sezona.lv\/en\/wp-json\/wp\/v2\/media?parent=76573"}],"wp:term":[{"taxonomy":"product_brand","embeddable":true,"href":"https:\/\/sezona.lv\/en\/wp-json\/wp\/v2\/product_brand?post=76573"},{"taxonomy":"product_cat","embeddable":true,"href":"https:\/\/sezona.lv\/en\/wp-json\/wp\/v2\/product_cat?post=76573"},{"taxonomy":"product_tag","embeddable":true,"href":"https:\/\/sezona.lv\/en\/wp-json\/wp\/v2\/product_tag?post=76573"}],"curies":[{"name":"wp","href":"https:\/\/api.w.org\/{rel}","templated":true}]}}