{"id":76574,"date":"2025-07-14T14:53:21","date_gmt":"2025-07-14T11:53:21","guid":{"rendered":"https:\/\/demo8.ecube.lv\/sezona.lv\/products\/gsi-outdoors-edamriku-kompl-tekk-cutlery-set\/"},"modified":"2025-07-14T14:53:21","modified_gmt":"2025-07-14T11:53:21","slug":"gsi-outdoors-edamriku-kompl-tekk-cutlery-set","status":"publish","type":"product","link":"https:\/\/sezona.lv\/en\/products\/gsi-outdoors-edamriku-kompl-tekk-cutlery-set\/","title":{"rendered":"GSI Outdoors \u0112damr\u012bku kompl. Tekk Cutlery Set"},"content":{"rendered":"<div class=\"rte\">\n<p>Viegls un iztur\u012bgs \u0113damr\u012bku komplekts. Lieliski  noder p\u0101rg\u0101jienos, laivu braucienos un citos piedz\u012bvojumos. Neaiz\u0146ems  daudz vietas.<\/p>\n<h4>Specifik\u0101cija:<\/h4>\n<p><strong>Materi\u0101ls:<\/strong> Acetal, BPA Free <br \/><strong>Izm\u0113rs:<\/strong> 160 mm x 38 mm x 25 mm <br \/><strong>Svars:<\/strong> 19 grami<\/p>\n<\/div>\n","protected":false},"excerpt":{"rendered":"<p>Viegls un iztur\u012bgs \u0113damr\u012bku komplekts. Lieliski noder p\u0101rg\u0101jienos, laivu braucienos un citos piedz\u012bvojumos. Neaiz\u0146ems daudz vietas. Specifik\u0101cija: Materi\u0101ls: Acetal, BPA Free Izm\u0113rs: 160 mm x 38 mm x 25 mm Svars: 19 grami<\/p>\n","protected":false},"featured_media":0,"template":"","meta":[],"product_brand":[959],"product_cat":[4558,4571,4732],"product_tag":[],"class_list":{"0":"post-76574","1":"product","2":"type-product","3":"status-publish","5":"product_brand-gsi-outdoors","6":"product_cat-for-tourism-recreation","7":"product_cat-dishes-knives-folding-tables-for-tourism-recreation","8":"product_cat-cutlery-dishes-knives-folding-tables-for-tourism-recreation","10":"first","11":"instock","12":"shipping-taxable","13":"purchasable","14":"product-type-simple"},"_links":{"self":[{"href":"https:\/\/sezona.lv\/en\/wp-json\/wp\/v2\/product\/76574","targetHints":{"allow":["GET"]}}],"collection":[{"href":"https:\/\/sezona.lv\/en\/wp-json\/wp\/v2\/product"}],"about":[{"href":"https:\/\/sezona.lv\/en\/wp-json\/wp\/v2\/types\/product"}],"wp:attachment":[{"href":"https:\/\/sezona.lv\/en\/wp-json\/wp\/v2\/media?parent=76574"}],"wp:term":[{"taxonomy":"product_brand","embeddable":true,"href":"https:\/\/sezona.lv\/en\/wp-json\/wp\/v2\/product_brand?post=76574"},{"taxonomy":"product_cat","embeddable":true,"href":"https:\/\/sezona.lv\/en\/wp-json\/wp\/v2\/product_cat?post=76574"},{"taxonomy":"product_tag","embeddable":true,"href":"https:\/\/sezona.lv\/en\/wp-json\/wp\/v2\/product_tag?post=76574"}],"curies":[{"name":"wp","href":"https:\/\/api.w.org\/{rel}","templated":true}]}}