{"id":76575,"date":"2025-07-11T15:50:48","date_gmt":"2025-07-11T12:50:48","guid":{"rendered":"https:\/\/demo8.ecube.lv\/sezona.lv\/products\/gsi-outdoors-karote-table-spoon\/"},"modified":"2025-07-14T14:53:22","modified_gmt":"2025-07-14T11:53:22","slug":"gsi-outdoors-karote-table-spoon","status":"publish","type":"product","link":"https:\/\/sezona.lv\/en\/products\/gsi-outdoors-karote-table-spoon\/","title":{"rendered":"GSI Outdoors Karote Table Spoon"},"content":{"rendered":"<div class=\"rte\">\n<p>Viegla plastik\u0101ta p\u0101rg\u0101jienu karote. Roktura gal\u0101 ir liels caurums, lai to b\u016btu \u0113rti sakabin\u0101t ar cietiem priek&scaron;metiem.<\/p>\n<h4>Specifik\u0101cija:<\/h4>\n<p><strong> Materi\u0101ls:<\/strong> Acetal<br \/><strong>Izm\u0113rs:<\/strong> 180 mm x 45 mm x 15 mm <br \/><strong>Svars:<\/strong> 11 grami<\/p>\n<\/div>\n","protected":false},"excerpt":{"rendered":"<p>Viegla plastik\u0101ta p\u0101rg\u0101jienu karote. Roktura gal\u0101 ir liels caurums, lai to b\u016btu \u0113rti sakabin\u0101t ar cietiem priek&scaron;metiem. Specifik\u0101cija: Materi\u0101ls: AcetalIzm\u0113rs: 180 mm x 45 mm x 15 mm Svars: 11 grami<\/p>\n","protected":false},"featured_media":62011,"template":"","meta":[],"product_brand":[959],"product_cat":[4558,4571,4732],"product_tag":[],"class_list":{"0":"post-76575","1":"product","2":"type-product","3":"status-publish","4":"has-post-thumbnail","6":"product_brand-gsi-outdoors","7":"product_cat-for-tourism-recreation","8":"product_cat-dishes-knives-folding-tables-for-tourism-recreation","9":"product_cat-cutlery-dishes-knives-folding-tables-for-tourism-recreation","11":"first","12":"instock","13":"shipping-taxable","14":"purchasable","15":"product-type-simple"},"_links":{"self":[{"href":"https:\/\/sezona.lv\/en\/wp-json\/wp\/v2\/product\/76575","targetHints":{"allow":["GET"]}}],"collection":[{"href":"https:\/\/sezona.lv\/en\/wp-json\/wp\/v2\/product"}],"about":[{"href":"https:\/\/sezona.lv\/en\/wp-json\/wp\/v2\/types\/product"}],"wp:featuredmedia":[{"embeddable":true,"href":"https:\/\/sezona.lv\/en\/wp-json\/wp\/v2\/media\/62011"}],"wp:attachment":[{"href":"https:\/\/sezona.lv\/en\/wp-json\/wp\/v2\/media?parent=76575"}],"wp:term":[{"taxonomy":"product_brand","embeddable":true,"href":"https:\/\/sezona.lv\/en\/wp-json\/wp\/v2\/product_brand?post=76575"},{"taxonomy":"product_cat","embeddable":true,"href":"https:\/\/sezona.lv\/en\/wp-json\/wp\/v2\/product_cat?post=76575"},{"taxonomy":"product_tag","embeddable":true,"href":"https:\/\/sezona.lv\/en\/wp-json\/wp\/v2\/product_tag?post=76575"}],"curies":[{"name":"wp","href":"https:\/\/api.w.org\/{rel}","templated":true}]}}