{"id":76576,"date":"2025-07-14T14:53:23","date_gmt":"2025-07-14T11:53:23","guid":{"rendered":"https:\/\/demo8.ecube.lv\/sezona.lv\/products\/gsi-outdoors-daksa-table-fork\/"},"modified":"2025-07-14T14:53:23","modified_gmt":"2025-07-14T11:53:23","slug":"gsi-outdoors-daksa-table-fork","status":"publish","type":"product","link":"https:\/\/sezona.lv\/en\/products\/gsi-outdoors-daksa-table-fork\/","title":{"rendered":"GSI Outdoors Dak\u0161a Table Fork"},"content":{"rendered":"<div class=\"rte\">\n<p>Viegla plastik\u0101ta p\u0101rg\u0101jienu dak&scaron;a. Roktura gal\u0101 ir liels caurums, lai to b\u016btu \u0113rti sakabin\u0101t ar cietiem priek&scaron;metiem.<\/p>\n<h4>Specifik\u0101cija:<\/h4>\n<p><strong>Materi\u0101ls:<\/strong> Acetal <br \/><strong>Izm\u0113rs:<\/strong> 190 mm x 28 mm x 15 mm <br \/><strong>Svars:<\/strong> 11 grami<\/p>\n<\/div>\n","protected":false},"excerpt":{"rendered":"<p>Viegla plastik\u0101ta p\u0101rg\u0101jienu dak&scaron;a. Roktura gal\u0101 ir liels caurums, lai to b\u016btu \u0113rti sakabin\u0101t ar cietiem priek&scaron;metiem. Specifik\u0101cija: Materi\u0101ls: Acetal Izm\u0113rs: 190 mm x 28 mm x 15 mm Svars: 11 grami<\/p>\n","protected":false},"featured_media":0,"template":"","meta":[],"product_brand":[959],"product_cat":[4558,4571,4732],"product_tag":[],"class_list":{"0":"post-76576","1":"product","2":"type-product","3":"status-publish","5":"product_brand-gsi-outdoors","6":"product_cat-for-tourism-recreation","7":"product_cat-dishes-knives-folding-tables-for-tourism-recreation","8":"product_cat-cutlery-dishes-knives-folding-tables-for-tourism-recreation","10":"first","11":"instock","12":"shipping-taxable","13":"purchasable","14":"product-type-simple"},"_links":{"self":[{"href":"https:\/\/sezona.lv\/en\/wp-json\/wp\/v2\/product\/76576","targetHints":{"allow":["GET"]}}],"collection":[{"href":"https:\/\/sezona.lv\/en\/wp-json\/wp\/v2\/product"}],"about":[{"href":"https:\/\/sezona.lv\/en\/wp-json\/wp\/v2\/types\/product"}],"wp:attachment":[{"href":"https:\/\/sezona.lv\/en\/wp-json\/wp\/v2\/media?parent=76576"}],"wp:term":[{"taxonomy":"product_brand","embeddable":true,"href":"https:\/\/sezona.lv\/en\/wp-json\/wp\/v2\/product_brand?post=76576"},{"taxonomy":"product_cat","embeddable":true,"href":"https:\/\/sezona.lv\/en\/wp-json\/wp\/v2\/product_cat?post=76576"},{"taxonomy":"product_tag","embeddable":true,"href":"https:\/\/sezona.lv\/en\/wp-json\/wp\/v2\/product_tag?post=76576"}],"curies":[{"name":"wp","href":"https:\/\/api.w.org\/{rel}","templated":true}]}}