{"id":76577,"date":"2025-07-11T15:50:50","date_gmt":"2025-07-11T12:50:50","guid":{"rendered":"https:\/\/demo8.ecube.lv\/sezona.lv\/products\/gsi-outdoors-karote-pouch-spoon\/"},"modified":"2025-07-14T14:53:24","modified_gmt":"2025-07-14T11:53:24","slug":"gsi-outdoors-karote-pouch-spoon","status":"publish","type":"product","link":"https:\/\/sezona.lv\/en\/products\/gsi-outdoors-karote-pouch-spoon\/","title":{"rendered":"GSI Outdoors Karote Pouch Spoon"},"content":{"rendered":"<div class=\"rte\">\n<p>Gara p\u0101rg\u0101jienu karote, kas b\u016bs \u012bpa&scaron;i \u0113rta, ja  uztur\u0101 lietojat t\u016brisma p\u0101rtiku. Pateicoties garajam k\u0101tam b\u016bs \u0113rt\u0101k  samais\u012bt aplieto sublim\u0113to \u0113dienu un neb\u016bs taj\u0101 j\u0101m\u0113rc pirksti.  Izgatavota no p\u0101rtikas plastmasas bez BPA piejaukuma.<\/p>\n<h4>Specifik\u0101cija:<\/h4>\n<p><strong> Materi\u0101ls:<\/strong> Acetal<br \/><strong>Izm\u0113rs:<\/strong> 228 mm x 45 mm x 18 mm <br \/><strong>Svars:<\/strong> 17grami<\/p>\n<\/div>\n","protected":false},"excerpt":{"rendered":"<p>Gara p\u0101rg\u0101jienu karote, kas b\u016bs \u012bpa&scaron;i \u0113rta, ja uztur\u0101 lietojat t\u016brisma p\u0101rtiku. Pateicoties garajam k\u0101tam b\u016bs \u0113rt\u0101k samais\u012bt aplieto sublim\u0113to \u0113dienu un neb\u016bs taj\u0101 j\u0101m\u0113rc pirksti. Izgatavota no p\u0101rtikas plastmasas bez BPA piejaukuma. Specifik\u0101cija: Materi\u0101ls: AcetalIzm\u0113rs: 228 mm x 45 mm x 18 mm Svars: 17grami<\/p>\n","protected":false},"featured_media":62017,"template":"","meta":[],"product_brand":[959],"product_cat":[4558,4571,4732],"product_tag":[],"class_list":{"0":"post-76577","1":"product","2":"type-product","3":"status-publish","4":"has-post-thumbnail","6":"product_brand-gsi-outdoors","7":"product_cat-for-tourism-recreation","8":"product_cat-dishes-knives-folding-tables-for-tourism-recreation","9":"product_cat-cutlery-dishes-knives-folding-tables-for-tourism-recreation","11":"first","12":"instock","13":"shipping-taxable","14":"purchasable","15":"product-type-simple"},"_links":{"self":[{"href":"https:\/\/sezona.lv\/en\/wp-json\/wp\/v2\/product\/76577","targetHints":{"allow":["GET"]}}],"collection":[{"href":"https:\/\/sezona.lv\/en\/wp-json\/wp\/v2\/product"}],"about":[{"href":"https:\/\/sezona.lv\/en\/wp-json\/wp\/v2\/types\/product"}],"wp:featuredmedia":[{"embeddable":true,"href":"https:\/\/sezona.lv\/en\/wp-json\/wp\/v2\/media\/62017"}],"wp:attachment":[{"href":"https:\/\/sezona.lv\/en\/wp-json\/wp\/v2\/media?parent=76577"}],"wp:term":[{"taxonomy":"product_brand","embeddable":true,"href":"https:\/\/sezona.lv\/en\/wp-json\/wp\/v2\/product_brand?post=76577"},{"taxonomy":"product_cat","embeddable":true,"href":"https:\/\/sezona.lv\/en\/wp-json\/wp\/v2\/product_cat?post=76577"},{"taxonomy":"product_tag","embeddable":true,"href":"https:\/\/sezona.lv\/en\/wp-json\/wp\/v2\/product_tag?post=76577"}],"curies":[{"name":"wp","href":"https:\/\/api.w.org\/{rel}","templated":true}]}}