{"id":76578,"date":"2025-07-11T15:50:51","date_gmt":"2025-07-11T12:50:51","guid":{"rendered":"https:\/\/demo8.ecube.lv\/sezona.lv\/products\/gsi-outdoors-lapstina-pivot-spatula\/"},"modified":"2025-07-14T14:53:24","modified_gmt":"2025-07-14T11:53:24","slug":"gsi-outdoors-lapstina-pivot-spatula","status":"publish","type":"product","link":"https:\/\/sezona.lv\/en\/products\/gsi-outdoors-lapstina-pivot-spatula\/","title":{"rendered":"GSI Outdoors L\u0101psti\u0146a Pivot Spatula"},"content":{"rendered":"<div class=\"rte\">\n<p>Saliekama l\u0101psti\u0146a kempinga virtuvei. Izgatavota no karstumiztur\u012bga neilona. Lieliski papildin\u0101s outdoor virtuvi.<\/p>\n<h4>Specifik\u0101cija:<\/h4>\n<p><strong>Materi\u0101ls:<\/strong> Neilon 6-6<br \/><strong>Izm\u0113rs:<\/strong> 172 mm x 58 mm x 30 mm<br \/><strong>Svars:<\/strong> 39 grami<\/p>\n<\/div>\n","protected":false},"excerpt":{"rendered":"<p>Saliekama l\u0101psti\u0146a kempinga virtuvei. Izgatavota no karstumiztur\u012bga neilona. Lieliski papildin\u0101s outdoor virtuvi. Specifik\u0101cija: Materi\u0101ls: Neilon 6-6Izm\u0113rs: 172 mm x 58 mm x 30 mmSvars: 39 grami<\/p>\n","protected":false},"featured_media":62020,"template":"","meta":[],"product_brand":[959],"product_cat":[4558,4571,4732],"product_tag":[],"class_list":{"0":"post-76578","1":"product","2":"type-product","3":"status-publish","4":"has-post-thumbnail","6":"product_brand-gsi-outdoors","7":"product_cat-for-tourism-recreation","8":"product_cat-dishes-knives-folding-tables-for-tourism-recreation","9":"product_cat-cutlery-dishes-knives-folding-tables-for-tourism-recreation","11":"first","12":"instock","13":"shipping-taxable","14":"purchasable","15":"product-type-simple"},"_links":{"self":[{"href":"https:\/\/sezona.lv\/en\/wp-json\/wp\/v2\/product\/76578","targetHints":{"allow":["GET"]}}],"collection":[{"href":"https:\/\/sezona.lv\/en\/wp-json\/wp\/v2\/product"}],"about":[{"href":"https:\/\/sezona.lv\/en\/wp-json\/wp\/v2\/types\/product"}],"wp:featuredmedia":[{"embeddable":true,"href":"https:\/\/sezona.lv\/en\/wp-json\/wp\/v2\/media\/62020"}],"wp:attachment":[{"href":"https:\/\/sezona.lv\/en\/wp-json\/wp\/v2\/media?parent=76578"}],"wp:term":[{"taxonomy":"product_brand","embeddable":true,"href":"https:\/\/sezona.lv\/en\/wp-json\/wp\/v2\/product_brand?post=76578"},{"taxonomy":"product_cat","embeddable":true,"href":"https:\/\/sezona.lv\/en\/wp-json\/wp\/v2\/product_cat?post=76578"},{"taxonomy":"product_tag","embeddable":true,"href":"https:\/\/sezona.lv\/en\/wp-json\/wp\/v2\/product_tag?post=76578"}],"curies":[{"name":"wp","href":"https:\/\/api.w.org\/{rel}","templated":true}]}}