{"id":76579,"date":"2025-07-14T14:53:26","date_gmt":"2025-07-14T11:53:26","guid":{"rendered":"https:\/\/demo8.ecube.lv\/sezona.lv\/products\/gsi-outdoors-karote-pivot-spoon\/"},"modified":"2025-07-14T14:53:26","modified_gmt":"2025-07-14T11:53:26","slug":"gsi-outdoors-karote-pivot-spoon","status":"publish","type":"product","link":"https:\/\/sezona.lv\/en\/products\/gsi-outdoors-karote-pivot-spoon\/","title":{"rendered":"GSI Outdoors Karote Pivot Spoon"},"content":{"rendered":"<div class=\"rte\">\n<p>Dzi\u013ca un \u0113rta saliekam\u0101 karote no karstumiztur\u012bga materi\u0101la Neilon 6-6. Lielisks aksesu\u0101rs outdoor virtuvei.<\/p>\n<h4>Specifik\u0101cija:<\/h4>\n<p><strong>Materi\u0101ls:<\/strong> Neilons 6-6 <br \/><strong>Izm\u0113rs:<\/strong> 167 mm x 56 mm x 40 mm <br \/><strong>Svars:<\/strong> 31 grams<\/p>\n<\/div>\n","protected":false},"excerpt":{"rendered":"<p>Dzi\u013ca un \u0113rta saliekam\u0101 karote no karstumiztur\u012bga materi\u0101la Neilon 6-6. Lielisks aksesu\u0101rs outdoor virtuvei. Specifik\u0101cija: Materi\u0101ls: Neilons 6-6 Izm\u0113rs: 167 mm x 56 mm x 40 mm Svars: 31 grams<\/p>\n","protected":false},"featured_media":0,"template":"","meta":[],"product_brand":[959],"product_cat":[4558,4571,4732],"product_tag":[],"class_list":{"0":"post-76579","1":"product","2":"type-product","3":"status-publish","5":"product_brand-gsi-outdoors","6":"product_cat-for-tourism-recreation","7":"product_cat-dishes-knives-folding-tables-for-tourism-recreation","8":"product_cat-cutlery-dishes-knives-folding-tables-for-tourism-recreation","10":"first","11":"instock","12":"shipping-taxable","13":"purchasable","14":"product-type-simple"},"_links":{"self":[{"href":"https:\/\/sezona.lv\/en\/wp-json\/wp\/v2\/product\/76579","targetHints":{"allow":["GET"]}}],"collection":[{"href":"https:\/\/sezona.lv\/en\/wp-json\/wp\/v2\/product"}],"about":[{"href":"https:\/\/sezona.lv\/en\/wp-json\/wp\/v2\/types\/product"}],"wp:attachment":[{"href":"https:\/\/sezona.lv\/en\/wp-json\/wp\/v2\/media?parent=76579"}],"wp:term":[{"taxonomy":"product_brand","embeddable":true,"href":"https:\/\/sezona.lv\/en\/wp-json\/wp\/v2\/product_brand?post=76579"},{"taxonomy":"product_cat","embeddable":true,"href":"https:\/\/sezona.lv\/en\/wp-json\/wp\/v2\/product_cat?post=76579"},{"taxonomy":"product_tag","embeddable":true,"href":"https:\/\/sezona.lv\/en\/wp-json\/wp\/v2\/product_tag?post=76579"}],"curies":[{"name":"wp","href":"https:\/\/api.w.org\/{rel}","templated":true}]}}