{"id":76580,"date":"2025-07-11T15:50:53","date_gmt":"2025-07-11T12:50:53","guid":{"rendered":"https:\/\/demo8.ecube.lv\/sezona.lv\/products\/gsi-outdoors-edamriku-kompl-pack-spoon-spatula-set\/"},"modified":"2025-07-14T14:53:26","modified_gmt":"2025-07-14T11:53:26","slug":"gsi-outdoors-edamriku-kompl-pack-spoon-spatula-set","status":"publish","type":"product","link":"https:\/\/sezona.lv\/en\/products\/gsi-outdoors-edamriku-kompl-pack-spoon-spatula-set\/","title":{"rendered":"GSI Outdoors \u0112damr\u012bku kompl. Pack Spoon\/Spatula Set"},"content":{"rendered":"<div class=\"rte\">\n<p>T\u016brisma karotes un l\u0101psti\u0146as komplekts. Lieliski noder\u0113s gatavojot br\u012bv\u0101 dab\u0101. Izgatavots no karstumiztur\u012bga neilona.<\/p>\n<h4>Specifik\u0101cija:<\/h4>\n<p><strong>Materi\u0101ls:<\/strong> Neilons 6-6, Silikons<br \/><strong>Izm\u0113rs karotei:<\/strong> 189 mm x 43 mm x 25 mm <br \/><strong>Izm\u0113rs l\u0101psti\u0146ai:<\/strong> 180 mm x 48 mm x 20 mm <br \/><strong>Svars karotei:<\/strong> 14 grami <br \/><strong>Svars l\u0101psti\u0146ai:<\/strong> 11,3 grami<\/p>\n<\/div>\n","protected":false},"excerpt":{"rendered":"<p>T\u016brisma karotes un l\u0101psti\u0146as komplekts. Lieliski noder\u0113s gatavojot br\u012bv\u0101 dab\u0101. Izgatavots no karstumiztur\u012bga neilona. Specifik\u0101cija: Materi\u0101ls: Neilons 6-6, SilikonsIzm\u0113rs karotei: 189 mm x 43 mm x 25 mm Izm\u0113rs l\u0101psti\u0146ai: 180 mm x 48 mm x 20 mm Svars karotei: 14 grami Svars l\u0101psti\u0146ai: 11,3 grami<\/p>\n","protected":false},"featured_media":62034,"template":"","meta":[],"product_brand":[959],"product_cat":[4558,4571,4732],"product_tag":[],"class_list":{"0":"post-76580","1":"product","2":"type-product","3":"status-publish","4":"has-post-thumbnail","6":"product_brand-gsi-outdoors","7":"product_cat-for-tourism-recreation","8":"product_cat-dishes-knives-folding-tables-for-tourism-recreation","9":"product_cat-cutlery-dishes-knives-folding-tables-for-tourism-recreation","11":"first","12":"instock","13":"shipping-taxable","14":"purchasable","15":"product-type-simple"},"_links":{"self":[{"href":"https:\/\/sezona.lv\/en\/wp-json\/wp\/v2\/product\/76580","targetHints":{"allow":["GET"]}}],"collection":[{"href":"https:\/\/sezona.lv\/en\/wp-json\/wp\/v2\/product"}],"about":[{"href":"https:\/\/sezona.lv\/en\/wp-json\/wp\/v2\/types\/product"}],"wp:featuredmedia":[{"embeddable":true,"href":"https:\/\/sezona.lv\/en\/wp-json\/wp\/v2\/media\/62034"}],"wp:attachment":[{"href":"https:\/\/sezona.lv\/en\/wp-json\/wp\/v2\/media?parent=76580"}],"wp:term":[{"taxonomy":"product_brand","embeddable":true,"href":"https:\/\/sezona.lv\/en\/wp-json\/wp\/v2\/product_brand?post=76580"},{"taxonomy":"product_cat","embeddable":true,"href":"https:\/\/sezona.lv\/en\/wp-json\/wp\/v2\/product_cat?post=76580"},{"taxonomy":"product_tag","embeddable":true,"href":"https:\/\/sezona.lv\/en\/wp-json\/wp\/v2\/product_tag?post=76580"}],"curies":[{"name":"wp","href":"https:\/\/api.w.org\/{rel}","templated":true}]}}