{"id":76581,"date":"2025-07-11T15:50:54","date_gmt":"2025-07-11T12:50:54","guid":{"rendered":"https:\/\/demo8.ecube.lv\/sezona.lv\/products\/gsi-outdoors-karote-pack-spoon\/"},"modified":"2025-07-14T14:53:27","modified_gmt":"2025-07-14T11:53:27","slug":"gsi-outdoors-karote-pack-spoon","status":"publish","type":"product","link":"https:\/\/sezona.lv\/en\/products\/gsi-outdoors-karote-pack-spoon\/","title":{"rendered":"GSI Outdoors Karote Pack Spoon"},"content":{"rendered":"<div class=\"rte\">\n<p>Kompakta un viegla p\u0101rg\u0101jienu karote. Izgatavota no karstuma iztur\u012bga neilona ar iestr\u0101d\u0101tiem silikona atbalsta punktiem.<\/p>\n<h4>Specifik\u0101cija:<\/h4>\n<p><strong>Materi\u0101ls:<\/strong> Neilons 6-6, Silikons <br \/><strong>Izm\u0113rs:<\/strong> 189 mm x 43 mm x 25 mm <br \/><strong>Svars:<\/strong> 14 grami<\/p>\n<\/div>\n","protected":false},"excerpt":{"rendered":"<p>Kompakta un viegla p\u0101rg\u0101jienu karote. Izgatavota no karstuma iztur\u012bga neilona ar iestr\u0101d\u0101tiem silikona atbalsta punktiem. Specifik\u0101cija: Materi\u0101ls: Neilons 6-6, Silikons Izm\u0113rs: 189 mm x 43 mm x 25 mm Svars: 14 grami<\/p>\n","protected":false},"featured_media":62037,"template":"","meta":[],"product_brand":[959],"product_cat":[4558,4571,4732],"product_tag":[],"class_list":{"0":"post-76581","1":"product","2":"type-product","3":"status-publish","4":"has-post-thumbnail","6":"product_brand-gsi-outdoors","7":"product_cat-for-tourism-recreation","8":"product_cat-dishes-knives-folding-tables-for-tourism-recreation","9":"product_cat-cutlery-dishes-knives-folding-tables-for-tourism-recreation","11":"first","12":"instock","13":"shipping-taxable","14":"purchasable","15":"product-type-simple"},"_links":{"self":[{"href":"https:\/\/sezona.lv\/en\/wp-json\/wp\/v2\/product\/76581","targetHints":{"allow":["GET"]}}],"collection":[{"href":"https:\/\/sezona.lv\/en\/wp-json\/wp\/v2\/product"}],"about":[{"href":"https:\/\/sezona.lv\/en\/wp-json\/wp\/v2\/types\/product"}],"wp:featuredmedia":[{"embeddable":true,"href":"https:\/\/sezona.lv\/en\/wp-json\/wp\/v2\/media\/62037"}],"wp:attachment":[{"href":"https:\/\/sezona.lv\/en\/wp-json\/wp\/v2\/media?parent=76581"}],"wp:term":[{"taxonomy":"product_brand","embeddable":true,"href":"https:\/\/sezona.lv\/en\/wp-json\/wp\/v2\/product_brand?post=76581"},{"taxonomy":"product_cat","embeddable":true,"href":"https:\/\/sezona.lv\/en\/wp-json\/wp\/v2\/product_cat?post=76581"},{"taxonomy":"product_tag","embeddable":true,"href":"https:\/\/sezona.lv\/en\/wp-json\/wp\/v2\/product_tag?post=76581"}],"curies":[{"name":"wp","href":"https:\/\/api.w.org\/{rel}","templated":true}]}}