{"id":76582,"date":"2025-07-11T15:50:56","date_gmt":"2025-07-11T12:50:56","guid":{"rendered":"https:\/\/demo8.ecube.lv\/sezona.lv\/products\/gsi-outdoors-lapstina-pack-spatula\/"},"modified":"2025-07-14T14:53:28","modified_gmt":"2025-07-14T11:53:28","slug":"gsi-outdoors-lapstina-pack-spatula","status":"publish","type":"product","link":"https:\/\/sezona.lv\/en\/products\/gsi-outdoors-lapstina-pack-spatula\/","title":{"rendered":"GSI Outdoors L\u0101psti\u0146a Pack Spatula"},"content":{"rendered":"<div class=\"rte\">\n<p>Kompakta un viegla l\u0101psti\u0146a cep&scaron;anai. Izgatavota no  karstumiztur\u012bga neilona ar silikona rokturi. Roktura gal\u0101 ir \u0101\u0137is, aiz  kura l\u0101psti\u0146u var pakarin\u0101t.<\/p>\n<h4>Specifik\u0101cija:<\/h4>\n<p><strong>Materi\u0101ls:<\/strong> Neilons 6-6, Silikons<br \/><strong>Izm\u0113rs:<\/strong> 180 mm x 48 mm x 20 mm <br \/><strong>Svars:<\/strong> 11,3 grami<\/p>\n<\/div>\n","protected":false},"excerpt":{"rendered":"<p>Kompakta un viegla l\u0101psti\u0146a cep&scaron;anai. Izgatavota no karstumiztur\u012bga neilona ar silikona rokturi. Roktura gal\u0101 ir \u0101\u0137is, aiz kura l\u0101psti\u0146u var pakarin\u0101t. Specifik\u0101cija: Materi\u0101ls: Neilons 6-6, SilikonsIzm\u0113rs: 180 mm x 48 mm x 20 mm Svars: 11,3 grami<\/p>\n","protected":false},"featured_media":62040,"template":"","meta":[],"product_brand":[959],"product_cat":[4558,4571,4732],"product_tag":[],"class_list":{"0":"post-76582","1":"product","2":"type-product","3":"status-publish","4":"has-post-thumbnail","6":"product_brand-gsi-outdoors","7":"product_cat-for-tourism-recreation","8":"product_cat-dishes-knives-folding-tables-for-tourism-recreation","9":"product_cat-cutlery-dishes-knives-folding-tables-for-tourism-recreation","11":"first","12":"instock","13":"shipping-taxable","14":"purchasable","15":"product-type-simple"},"_links":{"self":[{"href":"https:\/\/sezona.lv\/en\/wp-json\/wp\/v2\/product\/76582","targetHints":{"allow":["GET"]}}],"collection":[{"href":"https:\/\/sezona.lv\/en\/wp-json\/wp\/v2\/product"}],"about":[{"href":"https:\/\/sezona.lv\/en\/wp-json\/wp\/v2\/types\/product"}],"wp:featuredmedia":[{"embeddable":true,"href":"https:\/\/sezona.lv\/en\/wp-json\/wp\/v2\/media\/62040"}],"wp:attachment":[{"href":"https:\/\/sezona.lv\/en\/wp-json\/wp\/v2\/media?parent=76582"}],"wp:term":[{"taxonomy":"product_brand","embeddable":true,"href":"https:\/\/sezona.lv\/en\/wp-json\/wp\/v2\/product_brand?post=76582"},{"taxonomy":"product_cat","embeddable":true,"href":"https:\/\/sezona.lv\/en\/wp-json\/wp\/v2\/product_cat?post=76582"},{"taxonomy":"product_tag","embeddable":true,"href":"https:\/\/sezona.lv\/en\/wp-json\/wp\/v2\/product_tag?post=76582"}],"curies":[{"name":"wp","href":"https:\/\/api.w.org\/{rel}","templated":true}]}}