{"id":76585,"date":"2025-07-14T14:53:32","date_gmt":"2025-07-14T11:53:32","guid":{"rendered":"https:\/\/demo8.ecube.lv\/sezona.lv\/products\/acecamp-daksa-acecamp-fork\/"},"modified":"2025-07-14T14:53:32","modified_gmt":"2025-07-14T11:53:32","slug":"acecamp-daksa-acecamp-fork","status":"publish","type":"product","link":"https:\/\/sezona.lv\/en\/products\/acecamp-daksa-acecamp-fork\/","title":{"rendered":"AceCamp Dak\u0161a AceCamp Fork"},"content":{"rendered":"<p align=\"justify\"><span style=\"font-size: x-small\">Viegla un salikema alum\u012bnija dak&scaron;a. Lielsiks noder\u0113s p\u0101rg\u0101jienos. Pateicoties t\u0101s kompaktumam, to var ielikt ar\u012b prakstiski jebkur\u0101 kr\u016bze.<\/span><\/p>\n<p><span style=\"color: #800000;font-size: x-small\"><strong>Specifik\u0101cija:<\/strong><\/span><\/p>\n<p><span style=\"font-size: x-small\"><strong>Izm\u0113rs:<\/strong>&nbsp;165 x 26mm<br \/><strong>Salikta:<\/strong>&nbsp;98 x 28mm<br \/><\/span><span style=\"font-size: x-small\"><strong>Svars:&nbsp;<\/strong>22g<\/span><\/p>\n","protected":false},"excerpt":{"rendered":"<p>Viegla un salikema alum\u012bnija dak&scaron;a. Lielsiks noder\u0113s p\u0101rg\u0101jienos. Pateicoties t\u0101s kompaktumam, to var ielikt ar\u012b prakstiski jebkur\u0101 kr\u016bze. Specifik\u0101cija: Izm\u0113rs:&nbsp;165 x 26mmSalikta:&nbsp;98 x 28mmSvars:&nbsp;22g<\/p>\n","protected":false},"featured_media":0,"template":"","meta":[],"product_brand":[],"product_cat":[4558,4571,4732],"product_tag":[],"class_list":{"0":"post-76585","1":"product","2":"type-product","3":"status-publish","5":"product_cat-for-tourism-recreation","6":"product_cat-dishes-knives-folding-tables-for-tourism-recreation","7":"product_cat-cutlery-dishes-knives-folding-tables-for-tourism-recreation","9":"first","10":"instock","11":"shipping-taxable","12":"purchasable","13":"product-type-simple"},"_links":{"self":[{"href":"https:\/\/sezona.lv\/en\/wp-json\/wp\/v2\/product\/76585","targetHints":{"allow":["GET"]}}],"collection":[{"href":"https:\/\/sezona.lv\/en\/wp-json\/wp\/v2\/product"}],"about":[{"href":"https:\/\/sezona.lv\/en\/wp-json\/wp\/v2\/types\/product"}],"wp:attachment":[{"href":"https:\/\/sezona.lv\/en\/wp-json\/wp\/v2\/media?parent=76585"}],"wp:term":[{"taxonomy":"product_brand","embeddable":true,"href":"https:\/\/sezona.lv\/en\/wp-json\/wp\/v2\/product_brand?post=76585"},{"taxonomy":"product_cat","embeddable":true,"href":"https:\/\/sezona.lv\/en\/wp-json\/wp\/v2\/product_cat?post=76585"},{"taxonomy":"product_tag","embeddable":true,"href":"https:\/\/sezona.lv\/en\/wp-json\/wp\/v2\/product_tag?post=76585"}],"curies":[{"name":"wp","href":"https:\/\/api.w.org\/{rel}","templated":true}]}}