{"id":76586,"date":"2025-07-11T15:51:04","date_gmt":"2025-07-11T12:51:04","guid":{"rendered":"https:\/\/demo8.ecube.lv\/sezona.lv\/products\/gsi-outdoors-nazis-table-knife\/"},"modified":"2025-07-14T14:53:33","modified_gmt":"2025-07-14T11:53:33","slug":"gsi-outdoors-nazis-table-knife","status":"publish","type":"product","link":"https:\/\/sezona.lv\/en\/products\/gsi-outdoors-nazis-table-knife\/","title":{"rendered":"GSI Outdoors Nazis Table Knife"},"content":{"rendered":"<div class=\"rte\">\n<p>Vienk\u0101r&scaron;s, iztur\u012bgs un viegls plastmasas nazis, kas noder\u0113s vair\u0101kos p\u0101rg\u0101jienos.&nbsp;<\/p>\n<h4>Specifik\u0101cija:<\/h4>\n<p><strong>Materi\u0101ls:<\/strong> polikarbon\u0101ts&nbsp; <br \/><strong>Svars:<\/strong> 14 grami <br \/><strong>Izm\u0113rs:<\/strong> 200 mm<\/p>\n<\/div>\n","protected":false},"excerpt":{"rendered":"<p>Vienk\u0101r&scaron;s, iztur\u012bgs un viegls plastmasas nazis, kas noder\u0113s vair\u0101kos p\u0101rg\u0101jienos.&nbsp; Specifik\u0101cija: Materi\u0101ls: polikarbon\u0101ts&nbsp; Svars: 14 grami Izm\u0113rs: 200 mm<\/p>\n","protected":false},"featured_media":62052,"template":"","meta":[],"product_brand":[959],"product_cat":[4558,4571,4732],"product_tag":[],"class_list":{"0":"post-76586","1":"product","2":"type-product","3":"status-publish","4":"has-post-thumbnail","6":"product_brand-gsi-outdoors","7":"product_cat-for-tourism-recreation","8":"product_cat-dishes-knives-folding-tables-for-tourism-recreation","9":"product_cat-cutlery-dishes-knives-folding-tables-for-tourism-recreation","11":"first","12":"instock","13":"shipping-taxable","14":"purchasable","15":"product-type-simple"},"_links":{"self":[{"href":"https:\/\/sezona.lv\/en\/wp-json\/wp\/v2\/product\/76586","targetHints":{"allow":["GET"]}}],"collection":[{"href":"https:\/\/sezona.lv\/en\/wp-json\/wp\/v2\/product"}],"about":[{"href":"https:\/\/sezona.lv\/en\/wp-json\/wp\/v2\/types\/product"}],"wp:featuredmedia":[{"embeddable":true,"href":"https:\/\/sezona.lv\/en\/wp-json\/wp\/v2\/media\/62052"}],"wp:attachment":[{"href":"https:\/\/sezona.lv\/en\/wp-json\/wp\/v2\/media?parent=76586"}],"wp:term":[{"taxonomy":"product_brand","embeddable":true,"href":"https:\/\/sezona.lv\/en\/wp-json\/wp\/v2\/product_brand?post=76586"},{"taxonomy":"product_cat","embeddable":true,"href":"https:\/\/sezona.lv\/en\/wp-json\/wp\/v2\/product_cat?post=76586"},{"taxonomy":"product_tag","embeddable":true,"href":"https:\/\/sezona.lv\/en\/wp-json\/wp\/v2\/product_tag?post=76586"}],"curies":[{"name":"wp","href":"https:\/\/api.w.org\/{rel}","templated":true}]}}