{"id":76587,"date":"2025-07-11T15:51:05","date_gmt":"2025-07-11T12:51:05","guid":{"rendered":"https:\/\/demo8.ecube.lv\/sezona.lv\/products\/gsi-outdoors-virtuves-piederumu-kompl-nylon-ring-set\/"},"modified":"2025-07-14T14:53:34","modified_gmt":"2025-07-14T11:53:34","slug":"gsi-outdoors-virtuves-piederumu-kompl-nylon-ring-set","status":"publish","type":"product","link":"https:\/\/sezona.lv\/en\/products\/gsi-outdoors-virtuves-piederumu-kompl-nylon-ring-set\/","title":{"rendered":"GSI Outdoors Virtuves piederumu kompl. Nylon Ring Set"},"content":{"rendered":"<div class=\"rte\">\n<p>Viegls un iztur\u012bgs pav\u0101ra komplekts. Lieliski noder  p\u0101rg\u0101jienos, laivu braucienos un citos piedz\u012bvojumos, ja ir paredz\u0113ts  gatavot \u0113st. Neaiz\u0146ems daudz vietas.<\/p>\n<h4>Specifik\u0101cija:<\/h4>\n<p><strong>Materi\u0101ls<\/strong>: Acetal, BPA Free <br \/><strong>Izm\u0113rs:<\/strong> 300 mm x 83 mm x 91 mm <br \/><strong>Svars:<\/strong> 113 grami<\/p>\n<\/div>\n","protected":false},"excerpt":{"rendered":"<p>Viegls un iztur\u012bgs pav\u0101ra komplekts. Lieliski noder p\u0101rg\u0101jienos, laivu braucienos un citos piedz\u012bvojumos, ja ir paredz\u0113ts gatavot \u0113st. Neaiz\u0146ems daudz vietas. Specifik\u0101cija: Materi\u0101ls: Acetal, BPA Free Izm\u0113rs: 300 mm x 83 mm x 91 mm Svars: 113 grami<\/p>\n","protected":false},"featured_media":62055,"template":"","meta":[],"product_brand":[959],"product_cat":[4558,4571,4732],"product_tag":[],"class_list":{"0":"post-76587","1":"product","2":"type-product","3":"status-publish","4":"has-post-thumbnail","6":"product_brand-gsi-outdoors","7":"product_cat-for-tourism-recreation","8":"product_cat-dishes-knives-folding-tables-for-tourism-recreation","9":"product_cat-cutlery-dishes-knives-folding-tables-for-tourism-recreation","11":"first","12":"instock","13":"shipping-taxable","14":"purchasable","15":"product-type-simple"},"_links":{"self":[{"href":"https:\/\/sezona.lv\/en\/wp-json\/wp\/v2\/product\/76587","targetHints":{"allow":["GET"]}}],"collection":[{"href":"https:\/\/sezona.lv\/en\/wp-json\/wp\/v2\/product"}],"about":[{"href":"https:\/\/sezona.lv\/en\/wp-json\/wp\/v2\/types\/product"}],"wp:featuredmedia":[{"embeddable":true,"href":"https:\/\/sezona.lv\/en\/wp-json\/wp\/v2\/media\/62055"}],"wp:attachment":[{"href":"https:\/\/sezona.lv\/en\/wp-json\/wp\/v2\/media?parent=76587"}],"wp:term":[{"taxonomy":"product_brand","embeddable":true,"href":"https:\/\/sezona.lv\/en\/wp-json\/wp\/v2\/product_brand?post=76587"},{"taxonomy":"product_cat","embeddable":true,"href":"https:\/\/sezona.lv\/en\/wp-json\/wp\/v2\/product_cat?post=76587"},{"taxonomy":"product_tag","embeddable":true,"href":"https:\/\/sezona.lv\/en\/wp-json\/wp\/v2\/product_tag?post=76587"}],"curies":[{"name":"wp","href":"https:\/\/api.w.org\/{rel}","templated":true}]}}